{"id":627,"date":"2018-03-25T16:38:42","date_gmt":"2018-03-25T14:38:42","guid":{"rendered":"http:\/\/www.4-your-life.de\/?page_id=627"},"modified":"2019-02-23T20:21:13","modified_gmt":"2019-02-23T19:21:13","slug":"die-geschichte-des-transfer-factor","status":"publish","type":"page","link":"https:\/\/www.4-your-life.de\/zh\/info-zentrum\/grundlegende-informationen\/die-geschichte-des-transfer-factor\/","title":{"rendered":"Die Geschichte des Transfer Factor"},"content":{"rendered":"<div class=\"wpb-content-wrapper\"><p>[vc_row full_width=&#8221;0&#8243; full_height=&#8221;0&#8243; row_padding=&#8221;no_padding&#8221; particles=&#8221;0&#8243;][vc_column][vc_column_text]<\/p>\n<h3><strong>Eine neue Dimension f\u00fcr Dein Wohlbefinden !<\/strong><\/h3>\n<p><strong>Das Geheimnis des Transfer Faktors<\/strong><\/p>\n<p>Wenn Sie noch nie etwas \u00fcber Transfer Faktoren geh\u00f6rt haben, sind Sie nicht allein.<\/p>\n<p>Bei der Erforschung einer obskuren Referenz auf ein wenig bekanntes Patent erkannte David Lisonbee etwas, das Ern\u00e4hrungsexperten und Forscher \u00fcbersehen hatten.<br \/>\nObwohl diese Experten die Welt exotischer N\u00e4hrstoffquellen zur Unterst\u00fctzung kombinierten, waren N\u00e4hrstoffe nur ein Teil dessen, was n\u00f6tig war.<br \/>\nTransfer Faktoren sind die Art und Weise, wie die Natur die Informationen \u00fcber die erste Milch einer Mutter auf das Kind \u00fcbertr\u00e4gt (beispielsweise Kuh- Kolostrum).<br \/>\nDer Transfer Factor kann Arten \u00fcbergreifend weitergegeben werden. Dies bedeutet, dass unser K\u00f6rper erheblich von Transfer Faktoren profitieren kann, das von Tieren wie K\u00fchen und H\u00fchnern stammt.<\/p>\n<p>Transfer Factor wurde erstmals 1949, von Dr. Sherwood Lawrence entdeckt, einem f\u00fchrenden Immunologen an der New Nork University (NYU). Die innovativen Mitgr\u00fcnder von 4Life, David und Bianca Lisonbee, lizenzierten das einzige<br \/>\ndamals existierende Transfer Factor-Patent und sicherten 4Life die exklusiven Herstellungsrechte und machten Transfer Factor zug\u00e4nglich und erschwinglich.<\/p>\n<p>Die Transfer Factor Geschichte:<\/p>\n<p>1949 Sherwood Lawrence entdeckt Transfer Factor<br \/>\n1989 Transfer Factor, das Molek\u00fcl aus Kolostrum wird patentiert<br \/>\n1998 4Life Research vermarktet das patentierte Transfer Factor<br \/>\n2004 4Life Research bekommt ein neues Patent f\u00fcr Transfer Factor vom Eigelb<br \/>\n2005 4Life Research ist anderen Firmen voraus, mit dem fl\u00fcssigen Transfer Factor<br \/>\nRiovida<br \/>\n2007 4Life Research entwickelt die Tri Factor Formula<br \/>\nPatentrechtlich gesch\u00fctzt ist 4Life am Anfang der Markteinf\u00fchrung[\/vc_column_text][\/vc_column][\/vc_row]<\/p>\n<\/div>","protected":false},"excerpt":{"rendered":"<p>[vc_row full_width=&#8221;0&#8243; full_height=&#8221;0&#8243; row_padding=&#8221;no_padding&#8221; particles=&#8221;0&#8243;][vc_column][vc_column_text] Eine neue Dimension f\u00fcr Dein Wohlbefinden ! Das Geheimnis des Transfer Faktors Wenn Sie noch nie etwas \u00fcber Transfer Faktoren geh\u00f6rt haben, sind Sie nicht [&hellip;]<\/p>\n","protected":false},"author":1,"featured_media":0,"parent":957,"menu_order":0,"comment_status":"closed","ping_status":"closed","template":"","meta":{"footnotes":""},"translation":{"provider":"WPGlobus","version":"2.12.2","language":"zh","enabled_languages":["de","es","en","fr","ru","tr","zh"],"languages":{"de":{"title":true,"content":true,"excerpt":false},"es":{"title":true,"content":true,"excerpt":false},"en":{"title":true,"content":true,"excerpt":false},"fr":{"title":true,"content":true,"excerpt":false},"ru":{"title":true,"content":true,"excerpt":false},"tr":{"title":true,"content":true,"excerpt":false},"zh":{"title":false,"content":false,"excerpt":false}}},"aioseo_notices":[],"_links":{"self":[{"href":"https:\/\/www.4-your-life.de\/zh\/wp-json\/wp\/v2\/pages\/627"}],"collection":[{"href":"https:\/\/www.4-your-life.de\/zh\/wp-json\/wp\/v2\/pages"}],"about":[{"href":"https:\/\/www.4-your-life.de\/zh\/wp-json\/wp\/v2\/types\/page"}],"author":[{"embeddable":true,"href":"https:\/\/www.4-your-life.de\/zh\/wp-json\/wp\/v2\/users\/1"}],"replies":[{"embeddable":true,"href":"https:\/\/www.4-your-life.de\/zh\/wp-json\/wp\/v2\/comments?post=627"}],"version-history":[{"count":12,"href":"https:\/\/www.4-your-life.de\/zh\/wp-json\/wp\/v2\/pages\/627\/revisions"}],"predecessor-version":[{"id":3220,"href":"https:\/\/www.4-your-life.de\/zh\/wp-json\/wp\/v2\/pages\/627\/revisions\/3220"}],"up":[{"embeddable":true,"href":"https:\/\/www.4-your-life.de\/zh\/wp-json\/wp\/v2\/pages\/957"}],"wp:attachment":[{"href":"https:\/\/www.4-your-life.de\/zh\/wp-json\/wp\/v2\/media?parent=627"}],"curies":[{"name":"wp","href":"https:\/\/api.w.org\/{rel}","templated":true}]}}