{"id":578,"date":"2018-03-24T21:44:01","date_gmt":"2018-03-24T20:44:01","guid":{"rendered":"http:\/\/www.4-your-life.de\/?page_id=578"},"modified":"2019-07-30T11:53:29","modified_gmt":"2019-07-30T09:53:29","slug":"wie-helfe-ich-meinem-immunsystem","status":"publish","type":"page","link":"https:\/\/www.4-your-life.de\/zh\/wie-helfe-ich-meinem-immunsystem\/","title":{"rendered":"Wie helfe ich meinem Immunsystem ?"},"content":{"rendered":"<div class=\"wpb-content-wrapper\"><p>[vc_row full_width=&#8221;0&#8243; full_height=&#8221;0&#8243; row_padding=&#8221;no_padding&#8221; particles=&#8221;0&#8243;][vc_column][vc_column_text]Unsere heutige Lebensweise mit zu viel Stress, psychischen Belastungen, Schlafmangel, Umweltgiften, Elektro-Smog, schlechter Nahrungsmittel und Ern\u00e4hrung sowie N\u00e4hrstoffmangel schw\u00e4cht unser Immunsystem chronisch und kennzeichnet sich meist durch langsam entwickelnde und lang andauernde Erkrankungen aus.<\/p>\n<p>Letztendlich ist die Belastung mit den genannten Faktoren enorm gro\u00df und deshalb sollten wir an allen Faktoren arbeiten und uns im Sinne einer Prophylaxe um Verbesserungen bem\u00fchen.<\/p>\n<p>Der Einfluss das ein mit Schadstoffen belasteter K\u00f6rper auf Ihre Gesundheit, Ihr Energielevel und ein m\u00f6gliches \u00dcbergewicht haben ist erschreckend.<\/p>\n<p>Dadurch dass unsere K\u00f6rper t\u00e4glich viele Giftstoffe aufnimmt (sei es durch die Umwelt oder die Nahrung) und auch lagert ist insbesondere unsere Leber mit diesen unliebsamen Stoffen.<\/p>\n<p>Diese Gifte blockieren die Stoffwechselprozesse, bringen Funktionsst\u00f6rungen und Lebererkrankungen hervor, sie f\u00fchlen sich des \u00d6fteren m\u00fcde, Sie haben \u00fcbersch\u00fcssiges Fett das sie einfach nicht loswerden, sind oft gesundheitlich angeschlagen, haben Hautprobleme sowie eine schlechte Verdauung und daraus folglich ein geschw\u00e4chtes Immunsystem.<\/p>\n<p>Die Auswirkungen von Giftstoffen in unserem K\u00f6rper k\u00f6nnen aber noch gravierender sein. Sie beginnen bei wiederkehrenden Infektionen, Darmerkrankungen und Hautproblemen und enden bei lebensbedrohlichen chronischen Erkrankungen bis hin zu akuten Herzproblemen.<\/p>\n<p>Da jedoch unser K\u00f6rper und insbesondere unser Immunsystem es nicht mehr gewohnt ist ohne fremde Hilfe sich zu wehren, m\u00fcssen wir hier Unterst\u00fctzung leisten.<\/p>\n<p>Mit unserer Muttermilch haben wir diese Hilfe mit eingesaugt um uns als kleiner S\u00e4ugling dieses fantastische Immunsystem aufzubauen.<br \/>\nDoch das ging in Laufe der Evolution verloren und wir m\u00fcssen uns wieder neu ausrichten und neu st\u00e4rken.<\/p>\n<p>Hierzu gibt es Nahrungserg\u00e4nzungsmittel die die gleichen Inhaltsstoffe wie schon die unsere Muttermilch besitzen die zum Aufbau des Immunsystems dienen.<\/p>\n<p>Besonders wichtig ist es aber auch dabei auch eine Reinigung unserer wichtigsten Organe (Leber und Darm) im K\u00f6rper vorzunehmen.<\/p>\n<p>&nbsp;<\/p>\n<p>Die Informationen auf diesen Seiten sind allgemeine Hinweise, die mit Unterst\u00fctzung von Ern\u00e4hrungsberatern und Experten nach bestem Wissen und Gewissen sorgf\u00e4ltig recherchiert und aufgearbeitet worden sind. Sie k\u00f6nnen und sollten aber keine \u00e4rztliche Untersuchung und Diagnose ersetzen. Bitte kontaktieren Sie einen Arzt, falls eine Voraussetzung daf\u00fcr besteht. Jeder Mensch hat eine individuelle Situation und sollte auf seinen Gesundheitszustand angepasste Ma\u00dfnahmen und Untersuchungsmethoden anwenden.[\/vc_column_text][\/vc_column][\/vc_row]<\/p>\n<\/div>","protected":false},"excerpt":{"rendered":"<p>[vc_row full_width=&#8221;0&#8243; full_height=&#8221;0&#8243; row_padding=&#8221;no_padding&#8221; particles=&#8221;0&#8243;][vc_column][vc_column_text]Unsere heutige Lebensweise mit zu viel Stress, psychischen Belastungen, Schlafmangel, Umweltgiften, Elektro-Smog, schlechter Nahrungsmittel und Ern\u00e4hrung sowie N\u00e4hrstoffmangel schw\u00e4cht unser Immunsystem chronisch und kennzeichnet sich meist [&hellip;]<\/p>\n","protected":false},"author":1,"featured_media":0,"parent":0,"menu_order":1,"comment_status":"closed","ping_status":"closed","template":"","meta":{"footnotes":""},"translation":{"provider":"WPGlobus","version":"2.12.2","language":"zh","enabled_languages":["de","es","en","fr","ru","tr","zh"],"languages":{"de":{"title":true,"content":true,"excerpt":false},"es":{"title":true,"content":true,"excerpt":false},"en":{"title":true,"content":true,"excerpt":false},"fr":{"title":true,"content":true,"excerpt":false},"ru":{"title":true,"content":true,"excerpt":false},"tr":{"title":true,"content":true,"excerpt":false},"zh":{"title":false,"content":false,"excerpt":false}}},"aioseo_notices":[],"_links":{"self":[{"href":"https:\/\/www.4-your-life.de\/zh\/wp-json\/wp\/v2\/pages\/578"}],"collection":[{"href":"https:\/\/www.4-your-life.de\/zh\/wp-json\/wp\/v2\/pages"}],"about":[{"href":"https:\/\/www.4-your-life.de\/zh\/wp-json\/wp\/v2\/types\/page"}],"author":[{"embeddable":true,"href":"https:\/\/www.4-your-life.de\/zh\/wp-json\/wp\/v2\/users\/1"}],"replies":[{"embeddable":true,"href":"https:\/\/www.4-your-life.de\/zh\/wp-json\/wp\/v2\/comments?post=578"}],"version-history":[{"count":39,"href":"https:\/\/www.4-your-life.de\/zh\/wp-json\/wp\/v2\/pages\/578\/revisions"}],"predecessor-version":[{"id":3835,"href":"https:\/\/www.4-your-life.de\/zh\/wp-json\/wp\/v2\/pages\/578\/revisions\/3835"}],"wp:attachment":[{"href":"https:\/\/www.4-your-life.de\/zh\/wp-json\/wp\/v2\/media?parent=578"}],"curies":[{"name":"wp","href":"https:\/\/api.w.org\/{rel}","templated":true}]}}