{"id":627,"date":"2018-03-25T16:38:42","date_gmt":"2018-03-25T14:38:42","guid":{"rendered":"http:\/\/www.4-your-life.de\/?page_id=627"},"modified":"2019-02-23T20:21:13","modified_gmt":"2019-02-23T19:21:13","slug":"die-geschichte-des-transfer-factor","status":"publish","type":"page","link":"https:\/\/www.4-your-life.de\/tr\/info-zentrum\/grundlegende-informationen\/die-geschichte-des-transfer-factor\/","title":{"rendered":"Transfer fakt\u00f6r\u00fcn\u00fcn ge\u00e7mi\u015fi"},"content":{"rendered":"<div class=\"wpb-content-wrapper\"><p>[vc_row][vc_column][vc_column_text]<\/p>\n<h3><strong>Refah\u0131n\u0131z i\u00e7in yeni bir boyut !<\/strong><\/h3>\n<p>[\/vc_column_text][vc_column_text]<strong>Transfer fakt\u00f6r\u00fcn\u00fcn s\u0131rr\u0131<\/strong><\/p>\n<p>Aktar\u0131m fakt\u00f6rlerini hi\u00e7 duymad\u0131ysan\u0131z, yaln\u0131z de\u011filsiniz.<\/p>\n<p>Az bilinen bir patentin belirsiz bir referans\u0131n\u0131 ara\u015ft\u0131ran David Lisonbee, beslenme uzmanlar\u0131n\u0131n ve ara\u015ft\u0131rmac\u0131lar\u0131n g\u00f6z ard\u0131 etti\u011fi bir \u015feyi kabul etti.<br \/>\nHer ne kadar bu uzmanlar destek i\u00e7in egzotik besin kaynaklar\u0131 d\u00fcnyas\u0131n\u0131 birle\u015ftirse de, besinler ihtiya\u00e7 duyulan\u0131n sadece bir par\u00e7as\u0131yd\u0131.<br \/>\nTransfer fakt\u00f6rleri, do\u011fan\u0131n ilk anne s\u00fct\u00fc ile ilgili bilgileri \u00e7ocu\u011fa aktarmas\u0131d\u0131r (\u00f6rne\u011fin, inek kolostrumu).<br \/>\nTransfer fakt\u00f6r\u00fc t\u00fcrler aras\u0131nda payla\u015f\u0131labilir. Bu, v\u00fccudumuzun inekler ve tavuklar gibi hayvanlardan gelen transfer fakt\u00f6rlerinden b\u00fcy\u00fck \u00f6l\u00e7\u00fcde faydalanabilece\u011fi anlam\u0131na gelir.<\/p>\n<p>Transfer Fakt\u00f6r\u00fc ilk kez 1949 y\u0131l\u0131nda Dr. Med taraf\u0131ndan yay\u0131nland\u0131. Sherwood Lawrence New Nork \u00dcniversitesi&#8217;nde (NYU) \u00f6nde gelen bir imm\u00fcnolog olan Discovers&#8217;i ke\u015ffetti. 4Life&#8217;\u0131n yenilik\u00e7i kurucu ortaklar\u0131 David ve Bianca Lisonbee, tek lisans\u0131n\u0131 ald\u0131.<br \/>\nMevcut Transfer Factor patenti 4Life&#8217;\u0131n m\u00fcnhas\u0131r \u00fcretim haklar\u0131n\u0131 g\u00fcvence alt\u0131na ald\u0131 ve transfer fakt\u00f6r\u00fcn\u00fc eri\u015filebilir ve ekonomik hale getirdi.[\/vc_column_text][vc_column_text]Aktar\u0131m Fakt\u00f6r\u00fc hikayesi:<\/p>\n<p>1949 Sherwood Lawrence Transfer Fakt\u00f6r\u00fcn\u00fc ke\u015ffetti<br \/>\n1989 Transfer Fakt\u00f6r\u00fc, kolostrumdan gelen molek\u00fcl patentlidir.<br \/>\n1998 4Life Research, patentli Transfer Fakt\u00f6r\u00fcn\u00fc pazarlad\u0131<br \/>\n2004 4Life Research, yumurta sar\u0131s\u0131ndan transfer fakt\u00f6r\u00fc i\u00e7in yeni bir patent ald\u0131<br \/>\n2005 4Life Research, S\u0131v\u0131 Aktar\u0131m Fakt\u00f6r\u00fc ile di\u011fer firmalar\u0131n \u00f6n\u00fcnde<br \/>\nRioVida<br \/>\n2007 4Life Research, Tri Factor Form\u00fcl\u00fcn\u00fc Geli\u015ftirdi<br \/>\n4Life, piyasaya s\u00fcr\u00fclen ba\u015flang\u0131c\u0131nda patent korumal\u0131d\u0131r[\/vc_column_text][\/vc_column][\/vc_row]<\/p>\n<\/div>","protected":false},"excerpt":{"rendered":"<p>[vc_row][vc_column][vc_column_text] Refah\u0131n\u0131z i\u00e7in yeni bir boyut ! [\/vc_column_text][vc_column_text]Transfer fakt\u00f6r\u00fcn\u00fcn s\u0131rr\u0131 Aktar\u0131m fakt\u00f6rlerini hi\u00e7 duymad\u0131ysan\u0131z, yaln\u0131z de\u011filsiniz. Az bilinen bir patentin belirsiz bir referans\u0131n\u0131 ara\u015ft\u0131ran David Lisonbee, beslenme uzmanlar\u0131n\u0131n ve ara\u015ft\u0131rmac\u0131lar\u0131n [&hellip;]<\/p>\n","protected":false},"author":1,"featured_media":0,"parent":957,"menu_order":0,"comment_status":"closed","ping_status":"closed","template":"","meta":{"footnotes":""},"translation":{"provider":"WPGlobus","version":"2.12.2","language":"tr","enabled_languages":["de","es","en","fr","ru","tr","zh"],"languages":{"de":{"title":true,"content":true,"excerpt":false},"es":{"title":true,"content":true,"excerpt":false},"en":{"title":true,"content":true,"excerpt":false},"fr":{"title":true,"content":true,"excerpt":false},"ru":{"title":true,"content":true,"excerpt":false},"tr":{"title":true,"content":true,"excerpt":false},"zh":{"title":false,"content":false,"excerpt":false}}},"aioseo_notices":[],"_links":{"self":[{"href":"https:\/\/www.4-your-life.de\/tr\/wp-json\/wp\/v2\/pages\/627"}],"collection":[{"href":"https:\/\/www.4-your-life.de\/tr\/wp-json\/wp\/v2\/pages"}],"about":[{"href":"https:\/\/www.4-your-life.de\/tr\/wp-json\/wp\/v2\/types\/page"}],"author":[{"embeddable":true,"href":"https:\/\/www.4-your-life.de\/tr\/wp-json\/wp\/v2\/users\/1"}],"replies":[{"embeddable":true,"href":"https:\/\/www.4-your-life.de\/tr\/wp-json\/wp\/v2\/comments?post=627"}],"version-history":[{"count":12,"href":"https:\/\/www.4-your-life.de\/tr\/wp-json\/wp\/v2\/pages\/627\/revisions"}],"predecessor-version":[{"id":3220,"href":"https:\/\/www.4-your-life.de\/tr\/wp-json\/wp\/v2\/pages\/627\/revisions\/3220"}],"up":[{"embeddable":true,"href":"https:\/\/www.4-your-life.de\/tr\/wp-json\/wp\/v2\/pages\/957"}],"wp:attachment":[{"href":"https:\/\/www.4-your-life.de\/tr\/wp-json\/wp\/v2\/media?parent=627"}],"curies":[{"name":"wp","href":"https:\/\/api.w.org\/{rel}","templated":true}]}}