{"id":607,"date":"2018-03-25T10:30:46","date_gmt":"2018-03-25T08:30:46","guid":{"rendered":"http:\/\/www.4-your-life.de\/?page_id=607"},"modified":"2019-07-30T12:39:02","modified_gmt":"2019-07-30T10:39:02","slug":"transfer-factor-wunderwaffe-des-immunsystems","status":"publish","type":"page","link":"https:\/\/www.4-your-life.de\/tr\/info-zentrum\/grundlegende-informationen\/transfer-factor-wunderwaffe-des-immunsystems\/","title":{"rendered":"Aktar\u0131m Fakt\u00f6r\u00fc &#8211; Ba\u011f\u0131\u015f\u0131kl\u0131k sisteminin mucize silah\u0131"},"content":{"rendered":"","protected":true},"excerpt":{"rendered":"","protected":true},"author":1,"featured_media":0,"parent":957,"menu_order":0,"comment_status":"closed","ping_status":"closed","template":"","meta":{"footnotes":""},"translation":{"provider":"WPGlobus","version":"2.12.2","language":"tr","enabled_languages":["de","es","en","fr","ru","tr","zh"],"languages":{"de":{"title":true,"content":true,"excerpt":false},"es":{"title":true,"content":true,"excerpt":false},"en":{"title":true,"content":true,"excerpt":false},"fr":{"title":true,"content":true,"excerpt":false},"ru":{"title":true,"content":true,"excerpt":false},"tr":{"title":true,"content":true,"excerpt":false},"zh":{"title":false,"content":false,"excerpt":false}}},"aioseo_notices":[],"_links":{"self":[{"href":"https:\/\/www.4-your-life.de\/tr\/wp-json\/wp\/v2\/pages\/607"}],"collection":[{"href":"https:\/\/www.4-your-life.de\/tr\/wp-json\/wp\/v2\/pages"}],"about":[{"href":"https:\/\/www.4-your-life.de\/tr\/wp-json\/wp\/v2\/types\/page"}],"author":[{"embeddable":true,"href":"https:\/\/www.4-your-life.de\/tr\/wp-json\/wp\/v2\/users\/1"}],"replies":[{"embeddable":true,"href":"https:\/\/www.4-your-life.de\/tr\/wp-json\/wp\/v2\/comments?post=607"}],"version-history":[{"count":23,"href":"https:\/\/www.4-your-life.de\/tr\/wp-json\/wp\/v2\/pages\/607\/revisions"}],"predecessor-version":[{"id":3237,"href":"https:\/\/www.4-your-life.de\/tr\/wp-json\/wp\/v2\/pages\/607\/revisions\/3237"}],"up":[{"embeddable":true,"href":"https:\/\/www.4-your-life.de\/tr\/wp-json\/wp\/v2\/pages\/957"}],"wp:attachment":[{"href":"https:\/\/www.4-your-life.de\/tr\/wp-json\/wp\/v2\/media?parent=607"}],"curies":[{"name":"wp","href":"https:\/\/api.w.org\/{rel}","templated":true}]}}