{"id":580,"date":"2018-03-24T21:49:39","date_gmt":"2018-03-24T20:49:39","guid":{"rendered":"http:\/\/www.4-your-life.de\/?page_id=580"},"modified":"2020-03-03T13:45:58","modified_gmt":"2020-03-03T12:45:58","slug":"die-entdeckung","status":"publish","type":"page","link":"https:\/\/www.4-your-life.de\/tr\/die-entdeckung\/","title":{"rendered":"Transfer fakt\u00f6rlerinin ke\u015ffi (TF)"},"content":{"rendered":"<div class=\"wpb-content-wrapper\"><p>[vc_row full_width=&#8221;0&#8243; full_height=&#8221;0&#8243; row_padding=&#8221;no_padding&#8221; particles=&#8221;0&#8243;][vc_column][vc_column_text]Ge\u00e7en y\u00fczy\u0131l\u0131n ortas\u0131nda Dr. Sherwood Larence (New York imm\u00fcnoloji uzman\u0131), ara\u015ft\u0131rmas\u0131 s\u0131ras\u0131nda enfekte olmayan bir insana imm\u00fcn tepkiyi insan l\u00f6kositlerine iletebilen k\u00fc\u00e7\u00fck molek\u00fcller ke\u015ffetti. O zamandan beri, Larence ad\u0131n\u0131 ta\u015f\u0131yan transfer fakt\u00f6rleri d\u00fcnya \u00e7ap\u0131nda bilimsel ara\u015ft\u0131rmalara konu olmu\u015f ve 1969&#8217;dan beri TF tedavide kullan\u0131lm\u0131\u015ft\u0131r. Art\u0131k TF imm\u00fcnolojik olarak aktif bile\u015fenin, T lenfositlerinde lokalize oldu\u011fu ve h\u00fccre arac\u0131l\u0131 imm\u00fcn sistem \u00fczerindeki uyar\u0131c\u0131 etkisinden dolay\u0131 insanlarda kesin, spesifik olmayan, imm\u00fcnolojik bir etkiye sahip oldu\u011fu kesin olarak kabul edilir. TF, ABD\u2019yi etkiler. \u00f6zellikle T yard\u0131mc\u0131 alt birimlerinin (TH1 ve TH2 lenfositleri) imm\u00fcnolojik dengesi ve do\u011fal \u00f6ld\u00fcr\u00fcc\u00fc h\u00fccrelerin (NK h\u00fccreleri) aktivitesi \u00fczerine.<br \/>\nTF&#8217;nin insan kan\u0131ndan geri kazan\u0131lmas\u0131 \u00e7ok pahal\u0131d\u0131r ve 1999&#8217;dan beri, s\u0131\u011f\u0131r kolostrumundan ve yumurta sar\u0131s\u0131ndan elde edilen ara\u015ft\u0131rmas\u0131ndan TF elde edilmi\u015ftir. O zamandan beri kapsaml\u0131 klinik deneyimler kazan\u0131lm\u0131\u015f ve binlerce bilimsel \u00e7al\u0131\u015fma ba\u015flat\u0131lm\u0131\u015ft\u0131r. En b\u00fcy\u00fck \u00e7al\u0131\u015fma, Moskova T\u0131p Enstit\u00fcs\u00fc taraf\u0131ndan yarat\u0131ld\u0131 ve Amerikan enstit\u00fclerinin ba\u011f\u0131ms\u0131z \u00e7al\u0131\u015fmalar\u0131 ile ayn\u0131 sonuca ula\u015ft\u0131.[\/vc_column_text][vc_column_text]Transfer fakt\u00f6rlerinin imm\u00fcnolojik etki \u015fekli ayr\u0131nt\u0131l\u0131 olarak:<\/p>\n<p>&#8211; Lenfopetik k\u00f6k h\u00fccreler \u00fczerinde uyar\u0131c\u0131 etki<br \/>\nMonositler ve gran\u00fclositler \u00fczerindeki uyar\u0131c\u0131 etki,<br \/>\n&#8211; Fagositoz aktivitesinin uyar\u0131lmas\u0131<br \/>\n&#8211; CD4 h\u00fccreleri ve CD8 h\u00fccreleri \u00fczerindeki uyar\u0131c\u0131 etki.<br \/>\n&#8211; TH1 h\u00fccreleri ve TH2 h\u00fccrelerinin denge d\u00fczenlenmesi<br \/>\n&#8211; NK h\u00fccrelerinin aktivasyonu[\/vc_column_text][\/vc_column][\/vc_row]<\/p>\n<\/div>","protected":false},"excerpt":{"rendered":"<p>[vc_row full_width=&#8221;0&#8243; full_height=&#8221;0&#8243; row_padding=&#8221;no_padding&#8221; particles=&#8221;0&#8243;][vc_column][vc_column_text]Ge\u00e7en y\u00fczy\u0131l\u0131n ortas\u0131nda Dr. Sherwood Larence (New York imm\u00fcnoloji uzman\u0131), ara\u015ft\u0131rmas\u0131 s\u0131ras\u0131nda enfekte olmayan bir insana imm\u00fcn tepkiyi insan l\u00f6kositlerine iletebilen k\u00fc\u00e7\u00fck molek\u00fcller ke\u015ffetti. O zamandan [&hellip;]<\/p>\n","protected":false},"author":1,"featured_media":0,"parent":0,"menu_order":2,"comment_status":"closed","ping_status":"closed","template":"","meta":{"footnotes":""},"translation":{"provider":"WPGlobus","version":"2.12.2","language":"tr","enabled_languages":["de","es","en","fr","ru","tr","zh"],"languages":{"de":{"title":true,"content":true,"excerpt":false},"es":{"title":true,"content":true,"excerpt":false},"en":{"title":true,"content":true,"excerpt":false},"fr":{"title":true,"content":true,"excerpt":false},"ru":{"title":true,"content":true,"excerpt":false},"tr":{"title":true,"content":true,"excerpt":false},"zh":{"title":true,"content":true,"excerpt":false}}},"aioseo_notices":[],"_links":{"self":[{"href":"https:\/\/www.4-your-life.de\/tr\/wp-json\/wp\/v2\/pages\/580"}],"collection":[{"href":"https:\/\/www.4-your-life.de\/tr\/wp-json\/wp\/v2\/pages"}],"about":[{"href":"https:\/\/www.4-your-life.de\/tr\/wp-json\/wp\/v2\/types\/page"}],"author":[{"embeddable":true,"href":"https:\/\/www.4-your-life.de\/tr\/wp-json\/wp\/v2\/users\/1"}],"replies":[{"embeddable":true,"href":"https:\/\/www.4-your-life.de\/tr\/wp-json\/wp\/v2\/comments?post=580"}],"version-history":[{"count":39,"href":"https:\/\/www.4-your-life.de\/tr\/wp-json\/wp\/v2\/pages\/580\/revisions"}],"predecessor-version":[{"id":4100,"href":"https:\/\/www.4-your-life.de\/tr\/wp-json\/wp\/v2\/pages\/580\/revisions\/4100"}],"wp:attachment":[{"href":"https:\/\/www.4-your-life.de\/tr\/wp-json\/wp\/v2\/media?parent=580"}],"curies":[{"name":"wp","href":"https:\/\/api.w.org\/{rel}","templated":true}]}}