{"id":578,"date":"2018-03-24T21:44:01","date_gmt":"2018-03-24T20:44:01","guid":{"rendered":"http:\/\/www.4-your-life.de\/?page_id=578"},"modified":"2019-07-30T11:53:29","modified_gmt":"2019-07-30T09:53:29","slug":"wie-helfe-ich-meinem-immunsystem","status":"publish","type":"page","link":"https:\/\/www.4-your-life.de\/tr\/wie-helfe-ich-meinem-immunsystem\/","title":{"rendered":"Ba\u011f\u0131\u015f\u0131kl\u0131k sistemime nas\u0131l yard\u0131mc\u0131 olabilirim?"},"content":{"rendered":"<div class=\"wpb-content-wrapper\"><p>[vc_row][vc_column][vc_column_text]Stres, zihinsel stres, uyku eksikli\u011fi, \u00e7evresel toksinler, elektro-duman, k\u00f6t\u00fc g\u0131da ve beslenme ve besin eksikli\u011fi olan mevcut ya\u015fam bi\u00e7imimiz ba\u011f\u0131\u015f\u0131kl\u0131k sistemimizi kronik olarak zay\u0131flatmakta ve genellikle yava\u015f geli\u015fen ve uzun s\u00fcreli hastal\u0131klar ile karakterize edilmektedir.<\/p>\n<p>Bu nedenle, t\u00fcm fakt\u00f6rler \u00fczerinde \u00e7al\u0131\u015fmal\u0131 ve profilaksi a\u00e7\u0131s\u0131ndan iyile\u015ftirme i\u00e7in \u00e7abalamal\u0131y\u0131z.<\/p>\n<p>Kirletici y\u00fckl\u00fc bir v\u00fccudun sa\u011fl\u0131\u011f\u0131n\u0131z, enerji seviyeleriniz ve olas\u0131 kilonuz \u00fczerindeki etkisi deh\u015fet verici.<\/p>\n<p>V\u00fccudumuzun her g\u00fcn pek \u00e7ok toksini emmesi (\u00e7evrede veya g\u0131dada olsun) ve ayr\u0131ca karaci\u011ferimizi \u00f6zellikle bu naho\u015f maddelerle birlikte depolamas\u0131.<\/p>\n<p>Bu toksinler metabolik s\u00fcre\u00e7leri bloke eder, i\u015flev bozuklu\u011funa ve karaci\u011fer hastal\u0131\u011f\u0131na neden olurlar, genellikle yorgun hissederler, kolayca kurtulamad\u0131klar\u0131, s\u0131kl\u0131kla zarar g\u00f6rd\u00fckleri, cilt problemleri ve zay\u0131f bir sindirim ve sonu\u00e7 olarak zay\u0131flam\u0131\u015f bir ba\u011f\u0131\u015f\u0131kl\u0131k sistemi olan fazla ya\u011flar\u0131n\u0131z vard\u0131r.<\/p>\n<p>Toksinlerin v\u00fccudumuzdaki etkileri daha ciddi olabilir. Tekrarlayan enfeksiyonlar, ba\u011f\u0131rsak hastal\u0131klar\u0131 ve cilt problemleriyle ba\u015flarlar ve akut kalp problemlerine kar\u015f\u0131 hayati tehlike arz eden kronik hastal\u0131klarla son bulurlar.<\/p>\n<p>Bununla birlikte, bedenlerimiz ve \u00f6zellikle de ba\u011f\u0131\u015f\u0131kl\u0131k sistemimiz art\u0131k d\u0131\u015f yard\u0131m olmadan kendilerini savunmak i\u00e7in kullan\u0131lmad\u0131\u011f\u0131ndan, burada destek sa\u011flamal\u0131y\u0131z.<\/p>\n<p>Annemizin s\u00fct\u00fcyle birlikte, bu fantastik ba\u011f\u0131\u015f\u0131kl\u0131k sistemini geli\u015ftirmek i\u00e7in k\u00fc\u00e7\u00fck bir bebek olarak bize yard\u0131mc\u0131 olduk.<br \/>\nFakat bu, evrim s\u00fcrecinde kayboldu ve kendimizi yeniden hizalamam\u0131z ve kendimizi yeniden g\u00fc\u00e7lendirmemiz gerekiyor.<\/p>\n<p>Bunun i\u00e7in \u015fu anda \u015firketimiz taraf\u0131ndan, annemizin s\u00fct\u00fcnle ayn\u0131 maddeleri i\u00e7eren ve ba\u011f\u0131\u015f\u0131kl\u0131k sistemini in\u015fa etmek i\u00e7in kullan\u0131lan diyet takviyeleri bulunuyor.<\/p>\n<p>Ancak v\u00fccuttaki en \u00f6nemli organlar\u0131m\u0131z\u0131 (karaci\u011fer ve ba\u011f\u0131rsak) temizlemek de \u00f6nemlidir.[\/vc_column_text][\/vc_column][\/vc_row]<\/p>\n<\/div>","protected":false},"excerpt":{"rendered":"<p>[vc_row][vc_column][vc_column_text]Stres, zihinsel stres, uyku eksikli\u011fi, \u00e7evresel toksinler, elektro-duman, k\u00f6t\u00fc g\u0131da ve beslenme ve besin eksikli\u011fi olan mevcut ya\u015fam bi\u00e7imimiz ba\u011f\u0131\u015f\u0131kl\u0131k sistemimizi kronik olarak zay\u0131flatmakta ve genellikle yava\u015f geli\u015fen ve uzun [&hellip;]<\/p>\n","protected":false},"author":1,"featured_media":0,"parent":0,"menu_order":1,"comment_status":"closed","ping_status":"closed","template":"","meta":{"footnotes":""},"translation":{"provider":"WPGlobus","version":"2.12.2","language":"tr","enabled_languages":["de","es","en","fr","ru","tr","zh"],"languages":{"de":{"title":true,"content":true,"excerpt":false},"es":{"title":true,"content":true,"excerpt":false},"en":{"title":true,"content":true,"excerpt":false},"fr":{"title":true,"content":true,"excerpt":false},"ru":{"title":true,"content":true,"excerpt":false},"tr":{"title":true,"content":true,"excerpt":false},"zh":{"title":false,"content":false,"excerpt":false}}},"aioseo_notices":[],"_links":{"self":[{"href":"https:\/\/www.4-your-life.de\/tr\/wp-json\/wp\/v2\/pages\/578"}],"collection":[{"href":"https:\/\/www.4-your-life.de\/tr\/wp-json\/wp\/v2\/pages"}],"about":[{"href":"https:\/\/www.4-your-life.de\/tr\/wp-json\/wp\/v2\/types\/page"}],"author":[{"embeddable":true,"href":"https:\/\/www.4-your-life.de\/tr\/wp-json\/wp\/v2\/users\/1"}],"replies":[{"embeddable":true,"href":"https:\/\/www.4-your-life.de\/tr\/wp-json\/wp\/v2\/comments?post=578"}],"version-history":[{"count":39,"href":"https:\/\/www.4-your-life.de\/tr\/wp-json\/wp\/v2\/pages\/578\/revisions"}],"predecessor-version":[{"id":3835,"href":"https:\/\/www.4-your-life.de\/tr\/wp-json\/wp\/v2\/pages\/578\/revisions\/3835"}],"wp:attachment":[{"href":"https:\/\/www.4-your-life.de\/tr\/wp-json\/wp\/v2\/media?parent=578"}],"curies":[{"name":"wp","href":"https:\/\/api.w.org\/{rel}","templated":true}]}}