{"id":539,"date":"2018-03-24T14:36:54","date_gmt":"2018-03-24T13:36:54","guid":{"rendered":"http:\/\/www.4-your-life.de\/?page_id=539"},"modified":"2021-02-02T09:46:04","modified_gmt":"2021-02-02T08:46:04","slug":"shop","status":"publish","type":"page","link":"https:\/\/www.4-your-life.de\/tr\/shop\/","title":{"rendered":"D\u00fckkan"},"content":{"rendered":"<div class=\"wpb-content-wrapper\"><p>[vc_row full_width=&#8221;0&#8243; full_height=&#8221;0&#8243; row_padding=&#8221;no_top_padding&#8221; particles=&#8221;0&#8243;][vc_column width=&#8221;1\/6&#8243;][vc_column_text]<\/p>\n<div id=\"attachment_562\" style=\"width: 310px\" class=\"wp-caption alignleft\"><img loading=\"lazy\" decoding=\"async\" aria-describedby=\"caption-attachment-562\" class=\"size-medium wp-image-562\" src=\"https:\/\/www.4-your-life.de\/wp-content\/uploads\/2018\/03\/Investier-in-Deine-Gesundheit-zugeschnitten-1-300x152.jpg\" alt=\"\" width=\"300\" height=\"152\" srcset=\"https:\/\/www.4-your-life.de\/wp-content\/uploads\/2018\/03\/Investier-in-Deine-Gesundheit-zugeschnitten-1-300x152.jpg 300w, https:\/\/www.4-your-life.de\/wp-content\/uploads\/2018\/03\/Investier-in-Deine-Gesundheit-zugeschnitten-1-768x389.jpg 768w, https:\/\/www.4-your-life.de\/wp-content\/uploads\/2018\/03\/Investier-in-Deine-Gesundheit-zugeschnitten-1-1024x519.jpg 1024w\" sizes=\"(max-width: 300px) 100vw, 300px\" \/><p id=\"caption-attachment-562\" class=\"wp-caption-text\">&#8220;Sa\u011fl\u0131\u011f\u0131n\u0131za yat\u0131r\u0131m yap\u0131n&#8221;<\/p><\/div>\n<p>[\/vc_column_text][\/vc_column][vc_column width=&#8221;2\/3&#8243;][vc_column_text]<strong>Super Detox<\/strong> \u00a0 \u00a0 \u00a0 \u00a0 i\u00e7in normal bir karaci\u011fer ve akci\u011fer fonksiyon katk\u0131da bulunur.<br \/>\n<strong>Fiber System<\/strong>\u00a0 art\u0131 iki nokta \u00fcst\u00fcste cleansing i\u00e7in katk\u0131da bulunur<br \/>\n<strong>Renuvo<\/strong> \u00a0 \u00a0 \u00a0 \u00a0 (kar\u015f\u0131 oksidatif stres) h\u00fccre koruma katk\u0131da bulunur<br \/>\n<strong>Fibro AMJ \u00a0 \u00a0\u00a0<\/strong> normal Glycogenstoffwechsel katk\u0131da bulunur.<br \/>\n<strong>Glutatyon<\/strong> \u00a0\u00a0 (\u00f6nemli Antioxidan) olu\u015fumu ana glutamin uyar\u0131r<br \/>\n<strong>Recall<\/strong> \u00a0 \u00a0 \u00a0 \u00a0 \u00a0 \u00c7ok yo\u011fun ya\u015fam tarz\u0131 ile destek<br \/>\n<strong>BCV<\/strong> \u00a0 \u00a0 \u00a0 \u00a0 i\u00e7eren \u00e7e\u015fitli vitaminler, \u00e7inko, bak\u0131r, Ginkgo ve Ginger hul\u00e2sa<br \/>\n<strong>VISTA<\/strong> \u00a0 \u00a0 \u00a0 normal vizyon ve stres koruma korunmas\u0131na katk\u0131da bulunur.<\/p>\n<p><strong>Belle Vie<\/strong> \u00a0 \u00a0 kad\u0131n\u0131n fiziksel refah\u0131n\u0131 destekler<\/p>\n<p><strong>MALEPRO<\/strong> \u00a0 \u00a0\u00a0 \u0130nsan\u0131n refah\u0131n\u0131 destekler[\/vc_column_text][vc_column_text]<\/p>\n<h3><strong>\u015eu anda T\u00fcrk \u00e7eviri \u00fcr\u00fcn katalo\u011fu vard\u0131r.<\/strong><\/h3>\n<h3><strong>\u0130htiyac\u0131n olursa \u00fcr\u00fcnleri l\u00fctfen bize ula\u015f\u0131n, size yard\u0131mc\u0131 olabilir<\/strong><\/h3>\n<p>[\/vc_column_text][\/vc_column][vc_column width=&#8221;1\/6&#8243;][vc_column_text]<\/p>\n<div id=\"attachment_564\" style=\"width: 310px\" class=\"wp-caption alignleft\"><img loading=\"lazy\" decoding=\"async\" aria-describedby=\"caption-attachment-564\" class=\"size-medium wp-image-564\" src=\"https:\/\/www.4-your-life.de\/wp-content\/uploads\/2018\/03\/Gesundheit-ist-alles-zugeschnitten1-1-300x146.jpg\" alt=\"\" width=\"300\" height=\"146\" srcset=\"https:\/\/www.4-your-life.de\/wp-content\/uploads\/2018\/03\/Gesundheit-ist-alles-zugeschnitten1-1-300x146.jpg 300w, https:\/\/www.4-your-life.de\/wp-content\/uploads\/2018\/03\/Gesundheit-ist-alles-zugeschnitten1-1-768x373.jpg 768w, https:\/\/www.4-your-life.de\/wp-content\/uploads\/2018\/03\/Gesundheit-ist-alles-zugeschnitten1-1-1024x498.jpg 1024w\" sizes=\"(max-width: 300px) 100vw, 300px\" \/><p id=\"caption-attachment-564\" class=\"wp-caption-text\">&#8220;Zenginlik \u00e7oktur, mutluluk daha fazlad\u0131r, sa\u011fl\u0131k her \u015feydir&#8221;<\/p><\/div>\n<p>[\/vc_column_text][\/vc_column][\/vc_row]<\/p>\n<\/div>","protected":false},"excerpt":{"rendered":"<p>[vc_row full_width=&#8221;0&#8243; full_height=&#8221;0&#8243; row_padding=&#8221;no_top_padding&#8221; particles=&#8221;0&#8243;][vc_column width=&#8221;1\/6&#8243;][vc_column_text] [\/vc_column_text][\/vc_column][vc_column width=&#8221;2\/3&#8243;][vc_column_text]Super Detox \u00a0 \u00a0 \u00a0 \u00a0 i\u00e7in normal bir karaci\u011fer ve akci\u011fer fonksiyon katk\u0131da bulunur. Fiber System\u00a0 art\u0131 iki nokta \u00fcst\u00fcste cleansing i\u00e7in [&hellip;]<\/p>\n","protected":false},"author":1,"featured_media":504,"parent":0,"menu_order":0,"comment_status":"closed","ping_status":"closed","template":"","meta":{"footnotes":""},"translation":{"provider":"WPGlobus","version":"2.12.2","language":"tr","enabled_languages":["de","es","en","fr","ru","tr","zh"],"languages":{"de":{"title":true,"content":true,"excerpt":false},"es":{"title":false,"content":true,"excerpt":false},"en":{"title":true,"content":true,"excerpt":false},"fr":{"title":true,"content":true,"excerpt":false},"ru":{"title":true,"content":true,"excerpt":false},"tr":{"title":true,"content":true,"excerpt":false},"zh":{"title":true,"content":true,"excerpt":false}}},"aioseo_notices":[],"_links":{"self":[{"href":"https:\/\/www.4-your-life.de\/tr\/wp-json\/wp\/v2\/pages\/539"}],"collection":[{"href":"https:\/\/www.4-your-life.de\/tr\/wp-json\/wp\/v2\/pages"}],"about":[{"href":"https:\/\/www.4-your-life.de\/tr\/wp-json\/wp\/v2\/types\/page"}],"author":[{"embeddable":true,"href":"https:\/\/www.4-your-life.de\/tr\/wp-json\/wp\/v2\/users\/1"}],"replies":[{"embeddable":true,"href":"https:\/\/www.4-your-life.de\/tr\/wp-json\/wp\/v2\/comments?post=539"}],"version-history":[{"count":108,"href":"https:\/\/www.4-your-life.de\/tr\/wp-json\/wp\/v2\/pages\/539\/revisions"}],"predecessor-version":[{"id":4271,"href":"https:\/\/www.4-your-life.de\/tr\/wp-json\/wp\/v2\/pages\/539\/revisions\/4271"}],"wp:featuredmedia":[{"embeddable":true,"href":"https:\/\/www.4-your-life.de\/tr\/wp-json\/wp\/v2\/media\/504"}],"wp:attachment":[{"href":"https:\/\/www.4-your-life.de\/tr\/wp-json\/wp\/v2\/media?parent=539"}],"curies":[{"name":"wp","href":"https:\/\/api.w.org\/{rel}","templated":true}]}}