{"id":112,"date":"2016-02-19T09:25:55","date_gmt":"2016-02-19T09:25:55","guid":{"rendered":"http:\/\/plethorathemes.com\/healthflex\/health-coach\/?page_id=112"},"modified":"2020-10-23T10:01:23","modified_gmt":"2020-10-23T08:01:23","slug":"work-with-me","status":"publish","type":"page","link":"https:\/\/www.4-your-life.de\/tr\/work-with-me\/","title":{"rendered":"Bizimle \u00e7al\u0131\u015fmak"},"content":{"rendered":"<div class=\"wpb-content-wrapper\"><p>[vc_row full_width=&#8221;0&#8243; full_height=&#8221;0&#8243; row_padding=&#8221;no_padding&#8221; particles=&#8221;0&#8243;][vc_column width=&#8221;5\/6&#8243;][vc_empty_space height=&#8221;12px&#8221;][vc_column_text]<\/p>\n<h2>Bizim tak\u0131m \u00fcye olmaya davet ediyoruz !<\/h2>\n<p>[\/vc_column_text][vc_column_text]<\/p>\n<div id=\"attachment_550\" style=\"width: 310px\" class=\"wp-caption alignleft\"><img loading=\"lazy\" decoding=\"async\" aria-describedby=\"caption-attachment-550\" class=\"wp-image-550 size-medium\" src=\"https:\/\/www.4-your-life.de\/wp-content\/uploads\/2018\/03\/Your-Journey-starts-here-300x200.jpeg\" alt=\"\" width=\"300\" height=\"200\" srcset=\"https:\/\/www.4-your-life.de\/wp-content\/uploads\/2018\/03\/Your-Journey-starts-here-300x200.jpeg 300w, https:\/\/www.4-your-life.de\/wp-content\/uploads\/2018\/03\/Your-Journey-starts-here-768x512.jpeg 768w, https:\/\/www.4-your-life.de\/wp-content\/uploads\/2018\/03\/Your-Journey-starts-here-1024x683.jpeg 1024w\" sizes=\"(max-width: 300px) 100vw, 300px\" \/><p id=\"caption-attachment-550\" class=\"wp-caption-text\">&#8220;Yolculu\u011funuz burada ve \u015fimdi ba\u015fl\u0131yor&#8221;<\/p><\/div>\n<p>G\u00fcven, d\u00fcr\u00fcstl\u00fck ve yard\u0131mseverli\u011fi bizim i\u00e7in her \u015feyden. 4-your-ya\u015fam, sa\u011fl\u0131kl\u0131 ve ba\u015far\u0131l\u0131 bir hayat s\u00fcrmek i\u00e7in di\u011fer insanlara yard\u0131mc\u0131 olur bizim ortak \u00e7al\u0131\u015fma, d\u00fc\u015f\u00fcn\u00fcyoruz. Ortak amac\u0131m\u0131z bir \u015firket (4Life) \u00fcyesi olmak iyi hissettirmek i\u00e7in ki\u015fisel ba\u015far\u0131 elde etmek ve ayn\u0131 zamanda di\u011ferleri neden ba\u015far\u0131 i\u00e7in mali ya da zarars\u0131z.[\/vc_column_text][vc_column_text]\u015eirket 4Life ald\u0131 \u201cA +\u201d daha iyi de\u011ferlendirme Business Bureau (BBB), \u00fcr\u00fcn geli\u015ftirme ve pazarlama i\u00e7in Amerikan i\u015f \u00d6d\u00fclleri (Amerika Birle\u015fik Devletleri\u2019nin en \u00f6nemli kurumsal fiyatlara) ile \u00f6d\u00fcllendirildi ve \u00e7oklu yer ald\u0131 Do\u011frudan sat\u0131\u015f haber k\u00fcresel 100 listesi.[\/vc_column_text][vc_column_text]1998 y\u0131l\u0131ndan bu yana, 4Life transfer fakt\u00f6r\u00fc geli\u015ftirilen\u2122 \u00fcr\u00fcnleri, dan\u0131\u015fman ve d\u00fcnya \u00e7ap\u0131nda destek topluluklar i\u015f ba\u015far\u0131s\u0131n\u0131 te\u015fvik etmektedir.[\/vc_column_text][vc_column_text]4Life herkes bunu uygulamak i\u00e7in ba\u015far\u0131 olurdu izin verir. \u00dcr\u00fcnler e\u015fsiz bir tazminat plan\u0131 ile 4Life yar\u0131 zamanl\u0131 ve tam zamanl\u0131 personel senin hayat\u0131nda ba\u015far\u0131n\u0131n dengeli bir sistemi ba\u015flatt\u0131.[\/vc_column_text][vc_column_text]<strong><img loading=\"lazy\" decoding=\"async\" class=\"alignleft wp-image-736 size-medium\" src=\"https:\/\/www.4-your-life.de\/wp-content\/uploads\/2018\/03\/Erfolg-ist-TUN-grau-300x150.jpg\" alt=\"\" width=\"300\" height=\"150\" srcset=\"https:\/\/www.4-your-life.de\/wp-content\/uploads\/2018\/03\/Erfolg-ist-TUN-grau-300x150.jpg 300w, https:\/\/www.4-your-life.de\/wp-content\/uploads\/2018\/03\/Erfolg-ist-TUN-grau-768x385.jpg 768w, https:\/\/www.4-your-life.de\/wp-content\/uploads\/2018\/03\/Erfolg-ist-TUN-grau-1024x513.jpg 1024w\" sizes=\"(max-width: 300px) 100vw, 300px\" \/>\u0130lgi uyand\u0131rd\u0131 m\u0131?<\/strong><\/p>\n<p><strong>\u00a0 \u00a0 \u00a0 \u00a0 \u00a0 \u00a0 4Life ile i\u015f d\u0131\u015far\u0131 in\u015fa!<\/strong><\/p>\n<p><strong>\u00a0 \u00a0 \u00a0 \u00a0 \u00a0 \u00a0 \u00a0 \u00a0 \u00a0 \u00a0 \u00a0 \u00a0\u00a0 Ya da sadece tercih edilen m\u00fc\u015fteri olacak?<\/strong><\/p>\n<p><strong>\u00a0 \u00a0 \u00a0 \u00a0 \u00a0 \u00a0 \u00a0 \u00a0 \u00a0 \u00a0 \u00a0 \u00a0 \u00a0 \u00a0 \u00a0 \u00a0 \u00a0 \u00a0 \u00a0 memnuniyetle size \u015fahsen daha fazla ayr\u0131nt\u0131 i\u00e7in bildirecektir!<\/strong>[\/vc_column_text][vc_column_text]<\/p>\n<p>Para ba\u015flarlar ama yap\u0131yorlar. Deneyimsiz ba\u015fl\u0131yorlar ama yap\u0131yorlar. Yaln\u0131z ba\u015flarlar, ama onlar yapmak. Ki\u015filer ba\u015flarlar ama ba\u015flarlar. Onlar korku ile ba\u015flamak, ama ba\u015flarlar.[\/vc_column_text][vc_empty_space height=&#8221;24px&#8221;][vc_btn title=&#8221;\u0130\u015fte tazminat plan\u0131na bir bak\u0131\u015f a\u00e7\u0131s\u0131&#8221; style=&#8221;gradient-custom&#8221; gradient_custom_color_1=&#8221;#09d606&#8243; gradient_custom_color_2=&#8221;#034cc1&#8243; size=&#8221;lg&#8221; align=&#8221;center&#8221;][\/vc_column][vc_column width=&#8221;1\/6&#8243;][vc_empty_space height=&#8221;9px&#8221;][plethora_profilegrid columns=&#8221;1&#8243; color_set=&#8221;skincolored_section&#8221; excerpt=&#8221;0&#8243; profiles=&#8221;61&#8243;][vc_empty_space height=&#8221;8px&#8221;][plethora_profilegrid columns=&#8221;1&#8243; color_set=&#8221;skincolored_section&#8221; excerpt=&#8221;0&#8243; profiles=&#8221;59&#8243;][\/vc_column][\/vc_row][vc_row color_set=&#8221;secondary_section&#8221; full_width=&#8221;0&#8243; full_height=&#8221;0&#8243; row_padding=&#8221;no_padding&#8221; cols_padding=&#8221;no_cols_padding&#8221; particles=&#8221;0&#8243;][vc_column][plethora_headinggroup subtitle=&#8221;E\u011fer ilginizi \u00e7ekmi\u015f olursak, o zaman bizimle ileti\u015fime ge\u00e7in, yeni ve daha fazla yerinizi riske atmadan sizinle birlikte in\u015fa ederiz.&#8221; type=&#8221;xbold&#8221;]<\/p>\n<h2>Bizimle \u00e7al\u0131\u015f\u0131n ve kendi ba\u015far\u0131n\u0131z\u0131 bulun<\/h2>\n<p>[\/plethora_headinggroup][plethora_button button_text=&#8221;Burada bize yazabilirsiniz&#8221; button_size=&#8221;btn-lg&#8221; button_align=&#8221;text-center&#8221; button_style=&#8221;btn-primary&#8221; button_with_icon=&#8221;with-icon&#8221; button_icon_align=&#8221;icon-left&#8221;][\/vc_column][\/vc_row]<\/p>\n<\/div>","protected":false},"excerpt":{"rendered":"<p>[vc_row full_width=&#8221;0&#8243; full_height=&#8221;0&#8243; row_padding=&#8221;no_padding&#8221; particles=&#8221;0&#8243;][vc_column width=&#8221;5\/6&#8243;][vc_empty_space height=&#8221;12px&#8221;][vc_column_text] Bizim tak\u0131m \u00fcye olmaya davet ediyoruz ! [\/vc_column_text][vc_column_text] G\u00fcven, d\u00fcr\u00fcstl\u00fck ve yard\u0131mseverli\u011fi bizim i\u00e7in her \u015feyden. 4-your-ya\u015fam, sa\u011fl\u0131kl\u0131 ve ba\u015far\u0131l\u0131 bir hayat s\u00fcrmek [&hellip;]<\/p>\n","protected":false},"author":1,"featured_media":516,"parent":0,"menu_order":0,"comment_status":"closed","ping_status":"closed","template":"","meta":{"footnotes":""},"translation":{"provider":"WPGlobus","version":"2.12.2","language":"tr","enabled_languages":["de","es","en","fr","ru","tr","zh"],"languages":{"de":{"title":true,"content":true,"excerpt":false},"es":{"title":true,"content":true,"excerpt":false},"en":{"title":true,"content":true,"excerpt":false},"fr":{"title":true,"content":true,"excerpt":false},"ru":{"title":true,"content":true,"excerpt":false},"tr":{"title":true,"content":true,"excerpt":false},"zh":{"title":true,"content":true,"excerpt":false}}},"aioseo_notices":[],"_links":{"self":[{"href":"https:\/\/www.4-your-life.de\/tr\/wp-json\/wp\/v2\/pages\/112"}],"collection":[{"href":"https:\/\/www.4-your-life.de\/tr\/wp-json\/wp\/v2\/pages"}],"about":[{"href":"https:\/\/www.4-your-life.de\/tr\/wp-json\/wp\/v2\/types\/page"}],"author":[{"embeddable":true,"href":"https:\/\/www.4-your-life.de\/tr\/wp-json\/wp\/v2\/users\/1"}],"replies":[{"embeddable":true,"href":"https:\/\/www.4-your-life.de\/tr\/wp-json\/wp\/v2\/comments?post=112"}],"version-history":[{"count":217,"href":"https:\/\/www.4-your-life.de\/tr\/wp-json\/wp\/v2\/pages\/112\/revisions"}],"predecessor-version":[{"id":4228,"href":"https:\/\/www.4-your-life.de\/tr\/wp-json\/wp\/v2\/pages\/112\/revisions\/4228"}],"wp:featuredmedia":[{"embeddable":true,"href":"https:\/\/www.4-your-life.de\/tr\/wp-json\/wp\/v2\/media\/516"}],"wp:attachment":[{"href":"https:\/\/www.4-your-life.de\/tr\/wp-json\/wp\/v2\/media?parent=112"}],"curies":[{"name":"wp","href":"https:\/\/api.w.org\/{rel}","templated":true}]}}