{"id":109,"date":"2016-02-19T09:25:21","date_gmt":"2016-02-19T09:25:21","guid":{"rendered":"http:\/\/plethorathemes.com\/healthflex\/health-coach\/?page_id=109"},"modified":"2020-02-19T14:17:40","modified_gmt":"2020-02-19T13:17:40","slug":"immunsystem","status":"publish","type":"page","link":"https:\/\/www.4-your-life.de\/tr\/immunsystem\/","title":{"rendered":"Ba\u011f\u0131\u015f\u0131kl\u0131k sistemi"},"content":{"rendered":"<div class=\"wpb-content-wrapper\"><p>[vc_row full_width=&#8221;0&#8243; full_height=&#8221;0&#8243; row_padding=&#8221;no_padding&#8221; particles=&#8221;0&#8243;][vc_column][vc_column_text]<\/p>\n<h3><\/h3>\n<h3>Ba\u011f\u0131\u015f\u0131kl\u0131k sistemi olarak (Latince immunis, Alman &#8216; etkilenmemi\u015f, \u00fccretsiz, saf) biyolojik ba\u011f\u0131\u015f\u0131kl\u0131k sistemi daha y\u00fcksek organizmalar\u0131n patojenlerin doku hasar\u0131 \u00f6nler denir.<\/h3>\n<p>[\/vc_column_text][vc_column_text]<img loading=\"lazy\" decoding=\"async\" class=\"alignleft wp-image-3326\" src=\"https:\/\/www.4-your-life.de\/wp-content\/uploads\/2019\/02\/Das-immunsystem-kreisdiagramm-grau-t\u00fcrkisch-300x300.jpg\" alt=\"\" width=\"290\" height=\"290\" srcset=\"https:\/\/www.4-your-life.de\/wp-content\/uploads\/2019\/02\/Das-immunsystem-kreisdiagramm-grau-t\u00fcrkisch-300x300.jpg 300w, https:\/\/www.4-your-life.de\/wp-content\/uploads\/2019\/02\/Das-immunsystem-kreisdiagramm-grau-t\u00fcrkisch-150x150.jpg 150w, https:\/\/www.4-your-life.de\/wp-content\/uploads\/2019\/02\/Das-immunsystem-kreisdiagramm-grau-t\u00fcrkisch.jpg 723w\" sizes=\"(max-width: 290px) 100vw, 290px\" \/>Lekeleri mikroorganizmalar, yabanc\u0131 maddeler v\u00fccutta kald\u0131r\u0131r ve ayr\u0131ca bozulmu\u015f v\u00fccudun kendi h\u00fccrelerini yok etmek yapabiliyor. Ba\u011f\u0131\u015f\u0131kl\u0131k sistemi farkl\u0131 organlar, h\u00fccreler ve molek\u00fcller ve \u0130mm\u00fcnoloji ara\u015ft\u0131rma merkezi amac\u0131 karma\u015f\u0131k bir a\u011fd\u0131r.<br \/>\nHemen hemen t\u00fcm organizmalar\u0131n s\u00fcrekli canl\u0131 \u00e7evre etkilere maruz kal\u0131r \u00e7\u00fcnk\u00fc ba\u011f\u0131\u015f\u0131kl\u0131k sistemi canl\u0131lar, fiziksel b\u00fct\u00fcnl\u00fc\u011f\u00fcn\u00fc i\u00e7in b\u00fcy\u00fck bir \u00f6nemi vard\u0131r; bir tehdit bu etkilerden baz\u0131lar\u0131: zararl\u0131 mikro-organizmalar\u0131n v\u00fccudun girerseniz, bu ar\u0131zalar ve hastal\u0131klara yol a\u00e7abilir. Tipik patojen bakteri, vir\u00fcs ve mantarlar\u0131, de gibi tek h\u00fccreli (\u00f6rn tek h\u00fccreli Plasmodium gibi) ya da \u00e7ok h\u00fccreli asalak (\u00f6rne\u011fin, tapeworms) vard\u0131r.[\/vc_column_text][vc_column_text]Ayr\u0131ca de\u011fi\u015fiklikleri v\u00fccudun i\u00e7inde ya\u015fayan bir varl\u0131k varl\u0131\u011f\u0131n\u0131 tehdit edebilirsin. Zaman i\u00e7inde normal v\u00fccut h\u00fccrelerinde sa\u011fl\u0131kl\u0131 i\u015flevlerine kaybederseniz, onlar genellikle die ve azalt\u0131lm\u0131\u015f (nekroz) ya da gerekir kendilerini (apoptoz) in\u015fa. Nadir de olsa bazen onlar da morbid dejenere ve kanser olu\u015fumuna yol.[\/vc_column_text][vc_column_text]T\u00fcm canl\u0131lar koruma i\u015flevlere sahiptir. Bile basit organizmalar bu veya s\u00f6zde do\u011fu\u015ftan gelen ba\u011f\u0131\u015f\u0131kl\u0131k yan\u0131t\u0131 gibi bir savunma mekanizmas\u0131 var. O \u00e7ok erken organizmalar phylogeny i\u00e7inde ortaya \u00e7\u0131kan ve beri tutulan sonra b\u00fcy\u00fck \u00f6l\u00e7\u00fcde de\u011fi\u015fmeden. Buna ek olarak, omurgal\u0131lar bir karma\u015f\u0131k, uyarlanabilir, s\u00f6zde edinilmi\u015f ba\u011f\u0131\u015f\u0131kl\u0131k patojenlere kar\u015f\u0131 daha etkili onlar\u0131 koruyan sistemi, geli\u015ftirilmi\u015f.[\/vc_column_text][vc_column_text]<\/p>\n<h3><\/h3>\n<p>&nbsp;<\/p>\n<h3>Ba\u011f\u0131\u015f\u0131kl\u0131k sisteminiz sa\u011fl\u0131\u011f\u0131n\u0131z i\u00e7in size e\u015flik eden b\u00fcy\u00fc\u011f\u00fcn\u00fcz veriyor<\/h3>\n<p>[\/vc_column_text][vc_column_text]Ba\u011f\u0131\u015f\u0131kl\u0131k sistemi sa\u011fl\u0131k bak\u0131m\u0131ndan sorumludur. Sa\u011fl\u0131kl\u0131 bir diyet g\u00fc\u00e7lendirir ve patojenler \u00f6nlemek i\u00e7in t\u00fcm v\u00fccut sa\u011fl\u0131\u011f\u0131n\u0131 destekler.<br \/>\n\u0130nsan v\u00fccudunun t\u00fcm patojenler (mikroorganizmalar, vir\u00fcsler, bakteriler, parazit gibi) ve yabanc\u0131 maddelerin insan dokunmatik senin sa\u011fl\u0131\u011f\u0131n\u0131 korumak i\u00e7in gelen kar\u015f\u0131 ba\u011f\u0131\u015f\u0131kl\u0131k sistemi ba\u011f\u0131\u015f\u0131kl\u0131k sistemidir.[\/vc_column_text][vc_column_text]\u0130nsan ba\u011f\u0131\u015f\u0131kl\u0131k sistemi \u00e7e\u015fitli bile\u015fenlerden olu\u015fur. H\u00fccresel ve humoral b\u00f6l\u00fcm\u00fc aras\u0131nda bir ayr\u0131m.<br \/>\n\u0130nsan v\u00fccudunun t\u00fcm patojenler (mikroorganizmalar, vir\u00fcsler, bakteriler, parazit gibi) ve yabanc\u0131 maddelerin insan dokunmatik senin sa\u011fl\u0131\u011f\u0131n\u0131 korumak i\u00e7in gelen kar\u015f\u0131 ba\u011f\u0131\u015f\u0131kl\u0131k sistemi ba\u011f\u0131\u015f\u0131kl\u0131k sistemidir.<br \/>\nH\u00fccresel ba\u011f\u0131\u015f\u0131kl\u0131k sistemi \u00f6zel ba\u011f\u0131\u015f\u0131kl\u0131k h\u00fccreleri eklemek, ya da \u00f6zg\u00fcr hareket eden (\u00f6rn kan) vard\u0131r veya s\u00fcrekli yer i\u00e7inde farkl\u0131 doku olu\u015fur. Bunlar, gran\u00fclosit, makrofajlar, dendritik h\u00fccreler, do\u011fal katil h\u00fccreler, T lenfositler (T yard\u0131mc\u0131 h\u00fccreleri, d\u00fczenleyici T h\u00fccreleri, sitotoksik T h\u00fccreleri) ve B-lenfositleri i\u00e7erir.<\/p>\n<p>Humoral ba\u011f\u0131\u015f\u0131kl\u0131k sistemi h\u00fccreleri ve plazma protein de\u011fil dayal\u0131 ba\u011f\u0131\u015f\u0131kl\u0131k sisteminin par\u00e7as\u0131d\u0131r. Bunlar aras\u0131nda antikorlar, Kompleman fakt\u00f6rler ve \u0130nterl\u00f6kin vard\u0131r.[\/vc_column_text][vc_column_text]<strong>Sa\u011fl\u0131kl\u0131 tutmak h\u00fccreleri<\/strong><\/p>\n<p>G\u00f6revi[\/vc_column_text][vc_column_text]<strong>B-Loymphozyten<\/strong> i\u015fgalciler yutmak, vir\u00fcs\u00fc \u00e7o\u011falmaya ve ba\u011f\u0131\u015f\u0131kl\u0131k sisteminin sald\u0131r\u0131 ba\u015flatmak i\u00e7in bir \u015fans\u0131 var \u00f6nce enfekte h\u00fccreleri yok etmektir.<\/p>\n<p><strong>T-lenfositleri<\/strong> sald\u0131r\u0131 ba\u011f\u0131\u015f\u0131kl\u0131k sisteminin bir taraf\u0131ndan koordine etmektir di\u011fer ba\u011f\u0131\u015f\u0131kl\u0131k sistemi h\u00fccreleri askere ve harekete ge\u00e7irmek. O di\u011fer ba\u011f\u0131\u015f\u0131kl\u0131k sistemi i\u015faretlemek i\u00e7in h\u00fccreler antikorlar i\u015fgalciler yok biliyorum.<\/p>\n<p><strong>Makrofaj<\/strong> davetsiz misafir veya zehirli kimyasallar\u0131n serbest i\u015fgalciler \u00f6ld\u00fcrmeye yemesinden etmektir.<\/p>\n<p>Sonraki imm\u00fcn yan\u0131t-e do\u011fru yapmak \u00e7abuk m\u0131 <strong>T yard\u0131mc\u0131 h\u00fccreleri<\/strong> sonraki davetsiz misafir geldi\u011finde.[\/vc_column_text][vc_column_text]Ba\u011f\u0131\u015f\u0131kl\u0131k sistemi \u00e7al\u0131\u015fmalar\u0131n\u0131 her zaman enfeksiyon \u00f6rne\u011fi a\u00e7\u0131k yap\u0131labilir bir temizleme i\u015flemi ba\u011fl\u0131d\u0131r:<br \/>\nEnfeksiyon v\u00fccut v\u00fccutta \u00e7o\u011fal\u0131rlar delici patojenler taraf\u0131ndan bir hastal\u0131kt\u0131r. B\u00f6yle patojenler c\u00fcruf i\u00e7in en iyi zemin \u0131slah\u0131 \u00f6l\u00fc h\u00fccreleri temsil eder. Bir yararl\u0131 uygun bir &#8220;bak\u0131m&#8221; ba\u011f\u0131\u015f\u0131kl\u0131k sisteminden destekleyebilir a\u015fa\u011f\u0131daki gibidir:<\/p>\n<p>(a) taraf\u0131ndan bir sa\u011fl\u0131kl\u0131 beslenme yoluyla at\u0131k \u00f6nleme<\/p>\n<p>(b) v\u00fccut taraf\u0131ndan se\u00e7ici temizli\u011fi taraf\u0131ndan lenf dola\u015f\u0131m\u0131n\u0131 ve aktif metabolizma h\u0131zland\u0131r\u0131r[\/vc_column_text][vc_column_text]<strong>Ba\u011f\u0131\u015f\u0131kl\u0131k sistemi bir\u00e7ok organda bir topluluktur. Biz burada sadece 2 daha \u00f6nemli organlar\u0131 v\u00fccudumuzun g\u00f6z \u00f6n\u00fcnde bulundurun:<\/strong>[\/vc_column_text][vc_column_text]<strong>1.) karaci\u011fer<\/strong>[\/vc_column_text][vc_column_text]Ci\u011fer (Yunanca \u1f27\u03c0\u03b1\u03c1, Latin iecur H\u00e9par) b\u00fct\u00fcn metabolizma Merkezi organ\u0131 ve omurgal\u0131larda v\u00fccudun en b\u00fcy\u00fck bezi var. Ana g\u00f6revleri (\u00f6rne\u011fin, \u00ab\u00abp\u0131ht\u0131la\u015fma) fakt\u00f6rler, temel proteinleri vard\u0131r (\u00f6rne\u011fin glikojen ve vitaminler saklama), besin safra \u00fcretimini geri d\u00f6n\u00fc\u015f\u00fcm ve b\u00f6ylece azalt\u0131lmas\u0131 ve ortadan kald\u0131r\u0131lmas\u0131 ile birlikte Metabolik \u00fcr\u00fcnler, uyu\u015fturucu ve toksinler (enterohepatic dola\u015f\u0131m bak\u0131n\u0131z). Ba\u011f\u0131rsak kan emilir besin portal ven (vena portae) karaci\u011fere gidin ve sonra bu kan gereksinimlerine ba\u011fl\u0131 olarak g\u00f6z \u00f6n\u00fcne al\u0131nd\u0131\u011f\u0131nda veya kandan kald\u0131r\u0131ld\u0131. Karaci\u011fer sa\u011f ve sol lob ile olu\u015fur.<\/p>\n<p>\u0130nsanlarda, diyafram alt\u0131nda sa\u011f \u00fcst kar\u0131nda karaci\u011fer ve Oberbauchs ile sol lob sol yar\u0131s\u0131 kadar uzan\u0131r.[\/vc_column_text][vc_column_text]V\u00fccudumuzun bir g\u00fcn oldu\u011funu \u00e7o\u011fu toksini, sanki onlar\u0131 deri veya solunum sistemi a\u015f\u0131r\u0131 y\u00fck alt\u0131nda toksinlerin v\u00fccudun i\u00e7inde d\u00f6kme veya stres emer kan ak\u0131\u015f\u0131 \u00fczerinde a\u015f\u0131r\u0131 y\u00fckl\u00fc. Bu toksinler hemen b\u00fct\u00fcn organizmay\u0131 etkileyen, blo\u011fu metabolik i\u015fler o vermek art\u0131\u015f Fonksiyonel bozukluklar ve karaci\u011fer hastal\u0131\u011f\u0131 i\u00e7in onlar s\u0131k s\u0131k yorgun hissediyorum, sadece gitmezler, a\u015f\u0131r\u0131 ya\u011f var \u00e7o\u011fu kez Yay\u0131nlanan, sa\u011fl\u0131k var cilt sorunlar\u0131, ayn\u0131 zamanda bir zavall\u0131 sindirim ve bu nedenle zay\u0131f bir ba\u011f\u0131\u015f\u0131kl\u0131k sistemi.[\/vc_column_text][vc_column_text]Bizim ma\u00dfgeblichstes ve lebenswichtigstes (Detoks) karaci\u011fer mi organ o g\u00fcnden g\u00fcne, tatil veya tatil olmadan bizim v\u00fccut detoxifies ve temizler. Geri kalan karaci\u011fer, hala zor ve yorucu organ bir\u00e7ok ki\u015fi i\u00e7in bu y\u00fczden yapamam. Yorgunluk, s\u0131rt a\u011fr\u0131s\u0131, y\u00fcksek kolesterol d\u00fczeyleri, \u015fi\u015fkinlik, enfeksiyon duyarl\u0131l\u0131k artt\u0131 ve bazen ka\u015f\u0131nt\u0131l\u0131 cilt s\u0131k\u0131\u015f\u0131k bir karaci\u011fer sonu\u00e7lar\u0131 vard\u0131r.[\/vc_column_text][vc_column_text]Bizim ma\u00dfgeblichstes ve lebenswichtigstes (Detoks) karaci\u011fer mi organ o g\u00fcnden g\u00fcne, tatil veya tatil olmadan bizim v\u00fccut detoxifies ve temizler. Geri kalan karaci\u011fer, hala zor ve yorucu organ bir\u00e7ok ki\u015fi i\u00e7in bu y\u00fczden yapamam. Yorgunluk, s\u0131rt a\u011fr\u0131s\u0131, y\u00fcksek kolesterol d\u00fczeyleri, \u015fi\u015fkinlik, enfeksiyon duyarl\u0131l\u0131k artt\u0131 ve bazen ka\u015f\u0131nt\u0131l\u0131 cilt s\u0131k\u0131\u015f\u0131k bir karaci\u011fer sonu\u00e7lar\u0131 vard\u0131r.<\/p>\n<p>Bu nedenle, biz sadece tavsiye, bir karaci\u011fer temiz yapmak ve bunu desteklemek i\u00e7in karaci\u011fer ve t\u00fcm refah.[\/vc_column_text][vc_column_text]<\/p>\n<h3>Karaci\u011fer Hizmetleri<\/h3>\n<p>[\/vc_column_text][vc_column_text]Karaci\u011fer glukoz, \u015fi\u015fman ve olarak denetim yak\u0131ndan ilgilenmektedir. Glikoz ba\u011f\u0131rsak kan ve v\u00fccudun geri kalan\u0131na ge\u00e7ti denetim taraf\u0131ndan emilir. Bir fazlal\u0131k glikojen depolan\u0131r. Glikoz i\u00e7in depolama malzeme enerji talep \u00fczerine at\u0131ld\u0131. Karaci\u011fer kan \u015fekeri d\u00fczeyleri &#8211; ins\u00fclin ve glukagon &#8211; gibi hormonlar taraf\u0131ndan kontrol etkiler ve g\u0131da tedarik ba\u011f\u0131ms\u0131z, sabit tutabilir. \u0130ns\u00fclin \u015feker bellek \u015feklinde \u00e7evrilmesi karaci\u011ferde glikojen neden olur ve ya\u011f d\u00f6k\u00fcm\u00fcn\u00fc engeller. Hormon glukagon karaci\u011fer glikojen k\u0131rmak i\u00e7in s\u0131rayla uyar\u0131r ve bu nedenle ins\u00fclin antagonisti olarak davran\u0131r.[\/vc_column_text][vc_column_text]<strong>Sentez Hizmetler:<\/strong><\/p>\n<p>\u2022 Gluconeogenesis (\u00fcz\u00fcm \u015fekeri olu\u015fumu) gliserol, laktat\/pyruvate ve baz\u0131 amino asitler gibi<\/p>\n<p>\u2022 Keton organlar\u0131 sentezi<\/p>\n<p>\u2022 Kolesterol ve safra asitlerinin sentezi bundan t\u00fcretilmi\u015f<\/p>\n<p>\u2022 Gibi kan protein sentezi<\/p>\n<p>\u2022 P\u0131ht\u0131la\u015fma fakt\u00f6rleri<\/p>\n<p>\u2022 Akut Faz proteinleri[\/vc_column_text][vc_column_text]<strong>Depolama<\/strong><\/p>\n<p>\u2022 Glikoz glikojen \u015feklinde<\/p>\n<p>\u2022 Ya\u011f lipoproteinler \u015feklinde<\/p>\n<p>\u2022 baz\u0131 vitaminler<\/p>\n<p>\u2022 Kan<\/p>\n<p>\u2022 Safra olu\u015fumu[\/vc_column_text][vc_column_text]<strong>Ve detoksifikasyon<\/strong> &#8211; bu \u00f6zellikle sitokrom P450 ba\u011f\u0131ml\u0131 enzim &#8211; dan yer:<\/p>\n<p>\u2022 Glikoz glikojen \u015feklinde<br \/>\n\u2022 Bilirubin (hemoglobin ar\u0131za \u00fcr\u00fcn)<br \/>\n\u2022 Amonyak \u00fcre<br \/>\n\u2022 Kan<br \/>\n\u2022 Safra olu\u015fumu<br \/>\n\u2022 Hematopoiesis (hepato-lienale d\u00f6nemi) gebeli\u011fin 7 aya kadar fetus<br \/>\n\u2022 vitamin ve trace \u00f6\u011fe metabolizmas\u0131n\u0131n[\/vc_column_text][vc_column_text]V\u00fccudun di\u011fer organlara g\u00f6re karaci\u011fer yeniden olu\u015fturmak i\u00e7in olduk\u00e7a belirgin bir yetene\u011fi vard\u0131r. B\u00f6l\u00fcm\u00fc kapal\u0131 \u00f6l\u00fcr, karaci\u011fer yaral\u0131 veya aksi takdirde zarar, o y\u00fczden etkilenen doku yeni tekrar yapt\u0131m. Yeni bir olu\u015fum bu yaralanma, neden kald\u0131r\u0131ld\u0131 v\u00fccut fonksiyonel boyutlar\u0131 y\u00fczde ellisi yaral\u0131 ve karaci\u011fer vard\u0131r az gerektirir \u00e7i\u011fneyen yeniden yetene\u011fini koruyabilirsiniz. Bu \u00f6zellik genellikle karaci\u011fer nakli kullan\u0131l\u0131r. Yara izi olu\u015fmaz burada deri lezyonlar\u0131 oldu\u011fu gibi.<\/p>\n<p>Karaci\u011fer yetene\u011fi yeniden olu\u015fturmak i\u00e7in zaten Yunan mitolojisinde yans\u0131t\u0131l\u0131r: Prometheus bu s\u0131k\u0131ca sahte insanlara bir kayan\u0131n \u00fczerine ate\u015ften ge\u00e7en i\u00e7in ceza olarak efsanedir. Bir kartal g\u00fcnl\u00fck ertesi g\u00fcne kadar regrow onun karaci\u011fer out bir par\u00e7as\u0131 kar\u0131\u015ft\u0131r\u0131r.<\/p>\n<h6 style=\"text-align: right;\">(Kaynak: Wikipedia)<\/h6>\n<p>[\/vc_column_text][vc_column_text]<strong>2.) ba\u011f\u0131rsak<\/strong>[\/vc_column_text][vc_column_text]Ba\u011f\u0131rsak (Latin ba\u011f\u0131rsak, Yunanca: \u1f14\u03bd\u03c4\u03b5\u03c1\u03bf\u03bd, enteron; ba\u011f\u0131rsaklar\u0131n olarak da bilinir) insanlar da dahil olmak \u00fczere daha y\u00fcksek \u00e7ok h\u00fccreli hayvanlar\u0131n sindirim sistemi en \u00f6nemli par\u00e7as\u0131d\u0131r. Bu mide, yemek borusu ve oral kavite yalan \u00f6nce an\u00fcs i\u00e7in mide a\u011f ge\u00e7idi denetleyicisi uzat\u0131l\u0131r. Ba\u011f\u0131rsak yeti\u015fkin ki\u015fi 5\u00bd-7\u00bd metre uzunlu\u011funda ve yakla\u015f\u0131k 32 m \u00b2 ince ba\u011f\u0131rsak villus nedeniyle bir y\u00fczeye sahiptir. Mikro-organizmalar\u0131n gut n\u00fcfusu ba\u011f\u0131rsak floras\u0131n\u0131n var.[\/vc_column_text][vc_column_text]Buna ek olarak, t\u00fcm ba\u011f\u0131\u015f\u0131kl\u0131k h\u00fccreleri yakla\u015f\u0131k y\u00fczde 80&#8217;i ba\u011f\u0131rsaklarda bulunabilir vard\u0131r. Ayr\u0131ca t\u00fcm ba\u011f\u0131\u015f\u0131kl\u0131k sistemi i\u00e7in \u00f6nemli darbeleri ba\u011f\u0131rsak ba\u011f\u0131\u015f\u0131kl\u0131k h\u00fccreleri bekliyoruz. S\u00fcrekli ve gerekli ba\u011f\u0131\u015f\u0131kl\u0131k e\u011fitim ba\u011f\u0131rsak \u00fczerinde ger\u00e7ekle\u015fecek.<br \/>\nBizim ba\u011f\u0131rsak mukoza &#8211; g\u0131da, bir\u00e7ok farkl\u0131 malzemelerle \u015feklinde bizim d\u0131\u015f d\u00fcnya ile en yo\u011fun temas bakteri Mantarlar, vir\u00fcsler ve di\u011fer patojenleri vard\u0131r; Hatta zihinsel stres ba\u011f\u0131rsak ba\u011f\u0131\u015f\u0131kl\u0131k durumu etkiler. Bu nedenle, bu kurumun \u00f6zellikle kapsaml\u0131 bir ba\u011f\u0131\u015f\u0131kl\u0131k mant\u0131ksal a\u011f \u00fczerinden korumak \u00f6nemlidir. Bu nedenle kitle toplant\u0131lar da \u00e7ok say\u0131da Lymphfollikel olu\u015fan lenf d\u00fc\u011f\u00fcmleri taraf\u0131ndan Peyer plaklar burada denir. ba\u011f\u0131\u015f\u0131kl\u0131k sisteminin % 80&#8217;i karn\u0131ndan lokalizedir.[\/vc_column_text][vc_column_text]\u015eimdi izin verirseniz bizim b\u00f6ylece o art\u0131k ana g\u00f6revleri d\u00f6n\u00fc\u015f korkun\u00e7 sa\u011fl\u0131k sonu\u00e7lar\u0131 sigara dengeli bir onun \u00e7al\u0131\u015fmas\u0131 Verschleimungen temelinde ya da daha fazla zarar diyet taraf\u0131ndan tam \u00e7al\u0131\u015fma yapabilirsiniz, saf olmayan deri, ishal ve kab\u0131zl\u0131k, ile ba\u015flayan zarars\u0131z \u00e7ek vb dejeneratif hastal\u0131klar ve \u00f6l\u00fcm.[\/vc_column_text][vc_column_text]Bir iki nokta \u00fcst\u00fcste cleansing ile ba\u011f\u0131\u015f\u0131kl\u0131k sisteminizin desteklemesi<\/p>\n<p>Bir iki nokta \u00fcst\u00fcste cleansing temel biridir ve uygun iki nokta \u00fcst\u00fcste cleansing v\u00fccut i\u00e7in ilk oldu\u011fundan herkes d\u00fczenli olarak ger\u00e7ekle\u015ftirmeleri gereken en \u00f6nemli g\u00f6revleri zaman bir \u015fans eski Verschleimungen ve kirlenme&#8211;dan o kurtarmaya kendini d\u0131\u015f olmadan Yard\u0131m \u00fccretsiz de\u011fil!\u00a0 iki nokta \u00fcst\u00fcste cleansing ba\u011f\u0131\u015f\u0131kl\u0131k sistemini destekler ve b\u00f6ylece savunmas\u0131n\u0131 g\u00fc\u00e7lendirir.[\/vc_column_text][vc_column_text]Neyse ki, ba\u011f\u0131\u015f\u0131kl\u0131k sistemini geli\u015ftirir ve etkin bir ve hayati ya\u015famak i\u00e7in yard\u0131mc\u0131 olan bir y\u00fcksek kaliteli beslenme takviyeleri, v\u00fccudunla g\u00fc\u00e7lendirebilirsiniz. V\u00fccudunuzun iyi durumda sa\u011fl\u0131kl\u0131 bir gelecek vermek i\u00e7in sava\u015fmaya oldu\u011fundan emin olun.<\/p>\n<h6 style=\"text-align: right;\">(Kaynak: wikipedia)<\/h6>\n<p>[\/vc_column_text][\/vc_column][\/vc_row]<\/p>\n<\/div>","protected":false},"excerpt":{"rendered":"<p>[vc_row full_width=&#8221;0&#8243; full_height=&#8221;0&#8243; row_padding=&#8221;no_padding&#8221; particles=&#8221;0&#8243;][vc_column][vc_column_text] Ba\u011f\u0131\u015f\u0131kl\u0131k sistemi olarak (Latince immunis, Alman &#8216; etkilenmemi\u015f, \u00fccretsiz, saf) biyolojik ba\u011f\u0131\u015f\u0131kl\u0131k sistemi daha y\u00fcksek organizmalar\u0131n patojenlerin doku hasar\u0131 \u00f6nler denir. [\/vc_column_text][vc_column_text]Lekeleri mikroorganizmalar, yabanc\u0131 maddeler [&hellip;]<\/p>\n","protected":false},"author":1,"featured_media":611,"parent":0,"menu_order":0,"comment_status":"closed","ping_status":"closed","template":"","meta":{"footnotes":""},"translation":{"provider":"WPGlobus","version":"2.12.2","language":"tr","enabled_languages":["de","es","en","fr","ru","tr","zh"],"languages":{"de":{"title":true,"content":true,"excerpt":false},"es":{"title":false,"content":true,"excerpt":false},"en":{"title":true,"content":true,"excerpt":false},"fr":{"title":true,"content":true,"excerpt":false},"ru":{"title":true,"content":true,"excerpt":false},"tr":{"title":true,"content":true,"excerpt":false},"zh":{"title":false,"content":true,"excerpt":false}}},"aioseo_notices":[],"_links":{"self":[{"href":"https:\/\/www.4-your-life.de\/tr\/wp-json\/wp\/v2\/pages\/109"}],"collection":[{"href":"https:\/\/www.4-your-life.de\/tr\/wp-json\/wp\/v2\/pages"}],"about":[{"href":"https:\/\/www.4-your-life.de\/tr\/wp-json\/wp\/v2\/types\/page"}],"author":[{"embeddable":true,"href":"https:\/\/www.4-your-life.de\/tr\/wp-json\/wp\/v2\/users\/1"}],"replies":[{"embeddable":true,"href":"https:\/\/www.4-your-life.de\/tr\/wp-json\/wp\/v2\/comments?post=109"}],"version-history":[{"count":167,"href":"https:\/\/www.4-your-life.de\/tr\/wp-json\/wp\/v2\/pages\/109\/revisions"}],"predecessor-version":[{"id":4082,"href":"https:\/\/www.4-your-life.de\/tr\/wp-json\/wp\/v2\/pages\/109\/revisions\/4082"}],"wp:featuredmedia":[{"embeddable":true,"href":"https:\/\/www.4-your-life.de\/tr\/wp-json\/wp\/v2\/media\/611"}],"wp:attachment":[{"href":"https:\/\/www.4-your-life.de\/tr\/wp-json\/wp\/v2\/media?parent=109"}],"curies":[{"name":"wp","href":"https:\/\/api.w.org\/{rel}","templated":true}]}}