{"id":753,"date":"2018-03-26T17:50:46","date_gmt":"2018-03-26T15:50:46","guid":{"rendered":"http:\/\/www.4-your-life.de\/?page_id=753"},"modified":"2020-10-14T09:19:26","modified_gmt":"2020-10-14T07:19:26","slug":"impressum","status":"publish","type":"page","link":"https:\/\/www.4-your-life.de\/ru\/impressum\/","title":{"rendered":"\u041d\u0430\u043f\u0435\u0447\u0430\u0442\u0430\u0442\u044c"},"content":{"rendered":"<div class=\"wpb-content-wrapper\"><p>[vc_row full_width=&#8221;0&#8243; full_height=&#8221;0&#8243; row_padding=&#8221;no_top_padding&#8221; cols_padding=&#8221;no_cols_padding&#8221; particles=&#8221;0&#8243;][vc_column][vc_column_text]Dienstanbieter dieser Seiten ist<\/p>\n<p>Elisabeth D\u00f6rr<br \/>\nMarienstr. 8<br \/>\n76646 Bruchsal-Obergrombach<br \/>\nTel.: +49 7257 6757<br \/>\nE-Mail: info@4-your-life.de<\/p>\n<p>Fotonachweis f\u00fcr die verwendeten Bilder und Grafiken: de.fotolia.com; stock.adobe.com; 4Life.com<\/p>\n<h3>Rechtshinweise<\/h3>\n<p><strong>1. Inhalt des Onlineangebotes<\/strong><br \/>\nDer Autor \u00fcbernimmt keinerlei Gew\u00e4hr f\u00fcr die Aktualit\u00e4t, Korrektheit, Vollst\u00e4ndigkeit oder Qualit\u00e4t der bereitgestellten Informationen. Haftungsanspr\u00fcche gegen den Autor, die sich auf Sch\u00e4den materieller oder ideeller Art beziehen, welche durch die Nutzung oder Nichtnutzung der dargebotenen Informationen bzw. durch die Nutzung fehlerhafter und unvollst\u00e4ndiger Informationen verursacht wurden sind grunds\u00e4tzlich ausgeschlossen, sofern seitens des Autors kein nachweislich vors\u00e4tzliches oder grob fahrl\u00e4ssiges Verschulden vorliegt. Alle Angebote sind freibleibend und unverbindlich. Der Autor beh\u00e4lt es sich ausdr\u00fccklich vor, Teile der Seiten oder das gesamte Angebot ohne gesonderte Ank\u00fcndigung zu ver\u00e4ndern, zu erg\u00e4nzen, zu l\u00f6schen oder die Ver\u00f6ffentlichung zeitweise oder endg\u00fcltig einzustellen.<br \/>\n<strong>2. Verweise und Links<\/strong><br \/>\nBei direkten oder indirekten Verweisen auf fremde Internetseiten (&#8220;Links&#8221;), die au\u00dferhalb des Verantwortungsbereiches des Autors liegen, haftet dieser nur dann, wenn er von den Inhalten Kenntnis hat und es ihm technisch m\u00f6glich und zumutbar w\u00e4re, die Nutzung im Falle rechtswidriger Inhalte zu verhindern. Der Autor erkl\u00e4rt hiermit ausdr\u00fccklich, dass zum Zeitpunkt der Linksetzung die entsprechenden verlinkten Seiten frei von illegalen Inhalten waren. Der Autor erkl\u00e4rt weiterhin, dass er keinerlei Einfluss auf die aktuelle und zuk\u00fcnftige Gestaltung und auf die Inhalte der gelinkten\/verkn\u00fcpften Seiten hat. Deshalb distanziert er sich hiermit ausdr\u00fccklich von allen Inhalten aller gelinkten\/verkn\u00fcpften Seiten, die nach der Linksetzung ver\u00e4ndert wurden. Diese Feststellung gilt f\u00fcr alle innerhalb des eigenen Internetangebotes gesetzten Links und Verweise sowie f\u00fcr Fremdeintr\u00e4ge in vom Autor eingerichteten G\u00e4steb\u00fcchern, Diskussionsforen und Mailinglisten. F\u00fcr illegale, fehlerhafte oder unvollst\u00e4ndige Inhalte und insbesondere f\u00fcr Sch\u00e4den, die aus der Nutzung oder Nichtnutzung solcherart dargebotener Informationen entstehen, haftet allein der Anbieter der Seite, auf welche verwiesen wurde, nicht derjenige, der \u00fcber Links auf die jeweilige Ver\u00f6ffentlichung lediglich verweist.<br \/>\n<strong>3. Urheberrecht<\/strong><br \/>\nDer Autor ist bestrebt, in allen Publikationen die Urheberrechte der verwendeten Grafiken, Tondokumente, Videosequenzen und Texte zu beachten, von ihm selbst erstellte Grafiken, Tondokumente, Videosequenzen und Texte zu nutzen oder auf lizenzfreie Grafiken, Tondokumente, Videosequenzen und Texte zur\u00fcckzugreifen. Das Copyright f\u00fcr ver\u00f6ffentlichte, vom Autor selbst erstellte Objekte bleibt allein beim Autor der Seiten. Eine Vervielf\u00e4ltigung oder Verwendung solcher Grafiken, Tondokumente, Videosequenzen und Texte in anderen elektronischen oder gedruckten Publikationen ist ohne ausdr\u00fcckliche Zustimmung des Autors nicht gestattet.<br \/>\n<strong>4. Datenschutz<\/strong><br \/>\nDie Betreiber dieser Seiten nehmen den Schutz Ihrer pers\u00f6nlichen Daten sehr ernst. Wir behandeln Ihre personenbezogenen Daten vertraulich und entsprechend der gesetzlichen Datenschutzvorschriften sowie dieser Datenschutzerkl\u00e4rung.<br \/>\nDie Nutzung unserer Webseite ist in der Regel ohne Angabe personenbezogener Daten m\u00f6glich. Soweit auf unseren Seiten personenbezogene Daten (beispielsweise Name, Anschrift oder E-Mail-Adressen) erhoben werden, erfolgt dies, soweit m\u00f6glich, stets auf freiwilliger Basis. Diese Daten werden ohne Ihre ausdr\u00fcckliche Zustimmung nicht an Dritte weitergegeben. Wir weisen darauf hin, dass die Daten\u00fcbertragung im Internet (z.B. bei der Kommunikation per E-Mail) Sicherheitsl\u00fccken aufweisen kann. Ein l\u00fcckenloser Schutz der Daten vor dem Zugriff durch Dritte ist nicht m\u00f6glich. Weitere Informationen erhalten Sie hier auf dieser Webseite unter der Rubrik <a href=\"http:\/\/www.4-your-life.de\/datenschutz\/\">Datenschutzerkl\u00e4rung<\/a>.<br \/>\n<strong>5. Kontaktformular<\/strong><br \/>\nWenn Sie uns per Kontaktformular Anfragen zukommen lassen, werden Ihre Angaben aus dem Anfrageformular inklusive der von Ihnen dort angegebenen Kontaktdaten zwecks Bearbeitung der Anfrage und f\u00fcr den Fall von Anschlussfragen bei uns gespeichert. Diese Daten geben wir nicht ohne Ihre Einwilligung weiter.<br \/>\n<strong>6. Produkte<\/strong><br \/>\nDie Informationen auf diesen Seiten sind allgemeine Hinweise, die mit Unterst\u00fctzung von Ern\u00e4hrungsberatern und Experten nach bestem Wissen und Gewissen sorgf\u00e4ltig recherchiert und aufgearbeitet worden sind. Auf Grund des Heilmittelwerbegesetzes m\u00fcssen wir darauf hinweisen, dass wir nicht beabsichtigen den Eindruck zu erwecken dass diese Produkte Krankheiten diagnostiziert, behandelt, heilt oder verhindert.<br \/>\nSie k\u00f6nnen und sollten aber keine \u00e4rztliche Untersuchung und Diagnose ersetzen. Bitte kontaktieren Sie einen Arzt, falls eine Voraussetzung daf\u00fcr besteht. Jeder Mensch hat eine individuelle Situation und sollte auf seinen Gesundheitszustand angepasste Ma\u00dfnahmen und Untersuchungsmethoden anwenden. Die Ergebnisse einer Einnahme des Nahrungserg\u00e4nzungsmittels der Firma 4Life k\u00f6nnen von Person zu Person variieren, es wird keinerlei Haftung vom Autor und Hersteller \u00fcbernommen.<br \/>\n<strong>7. Rechtswirksamkeit dieses Haftungsausschlusses<\/strong><br \/>\nDieser Haftungsausschluss ist als Teil des Internetangebotes zu betrachten, von dem aus auf diese Seite verwiesen wurde. Sofern Teile oder einzelne Formulierungen dieses Textes der geltenden Rechtslage nicht, nicht mehr oder nicht vollst\u00e4ndig entsprechen sollten, bleiben die \u00fcbrigen Teile des Dokumentes in ihrem Inhalt und ihrer G\u00fcltigkeit davon unber\u00fchrt.[\/vc_column_text][\/vc_column][\/vc_row]<\/p>\n<\/div>","protected":false},"excerpt":{"rendered":"<p>[vc_row full_width=&#8221;0&#8243; full_height=&#8221;0&#8243; row_padding=&#8221;no_top_padding&#8221; cols_padding=&#8221;no_cols_padding&#8221; particles=&#8221;0&#8243;][vc_column][vc_column_text]Dienstanbieter dieser Seiten ist Elisabeth D\u00f6rr Marienstr. 8 76646 Bruchsal-Obergrombach Tel.: +49 7257 6757 E-Mail: info@4-your-life.de Fotonachweis f\u00fcr die verwendeten Bilder und Grafiken: de.fotolia.com; stock.adobe.com; [&hellip;]<\/p>\n","protected":false},"author":1,"featured_media":758,"parent":0,"menu_order":0,"comment_status":"closed","ping_status":"closed","template":"","meta":{"footnotes":""},"translation":{"provider":"WPGlobus","version":"2.12.2","language":"ru","enabled_languages":["de","es","en","fr","ru","tr","zh"],"languages":{"de":{"title":true,"content":true,"excerpt":false},"es":{"title":true,"content":true,"excerpt":false},"en":{"title":true,"content":true,"excerpt":false},"fr":{"title":true,"content":true,"excerpt":false},"ru":{"title":true,"content":false,"excerpt":false},"tr":{"title":false,"content":false,"excerpt":false},"zh":{"title":false,"content":false,"excerpt":false}}},"aioseo_notices":[],"_links":{"self":[{"href":"https:\/\/www.4-your-life.de\/ru\/wp-json\/wp\/v2\/pages\/753"}],"collection":[{"href":"https:\/\/www.4-your-life.de\/ru\/wp-json\/wp\/v2\/pages"}],"about":[{"href":"https:\/\/www.4-your-life.de\/ru\/wp-json\/wp\/v2\/types\/page"}],"author":[{"embeddable":true,"href":"https:\/\/www.4-your-life.de\/ru\/wp-json\/wp\/v2\/users\/1"}],"replies":[{"embeddable":true,"href":"https:\/\/www.4-your-life.de\/ru\/wp-json\/wp\/v2\/comments?post=753"}],"version-history":[{"count":26,"href":"https:\/\/www.4-your-life.de\/ru\/wp-json\/wp\/v2\/pages\/753\/revisions"}],"predecessor-version":[{"id":4197,"href":"https:\/\/www.4-your-life.de\/ru\/wp-json\/wp\/v2\/pages\/753\/revisions\/4197"}],"wp:featuredmedia":[{"embeddable":true,"href":"https:\/\/www.4-your-life.de\/ru\/wp-json\/wp\/v2\/media\/758"}],"wp:attachment":[{"href":"https:\/\/www.4-your-life.de\/ru\/wp-json\/wp\/v2\/media?parent=753"}],"curies":[{"name":"wp","href":"https:\/\/api.w.org\/{rel}","templated":true}]}}