{"id":753,"date":"2018-03-26T17:50:46","date_gmt":"2018-03-26T15:50:46","guid":{"rendered":"http:\/\/www.4-your-life.de\/?page_id=753"},"modified":"2020-10-14T09:19:26","modified_gmt":"2020-10-14T07:19:26","slug":"impressum","status":"publish","type":"page","link":"https:\/\/www.4-your-life.de\/fr\/impressum\/","title":{"rendered":"Mentions l\u00e9gales"},"content":{"rendered":"<div class=\"wpb-content-wrapper\"><p>[vc_row full_width=&#8221;0&#8243; full_height=&#8221;0&#8243; row_padding=&#8221;no_top_padding&#8221; particles=&#8221;0&#8243;][vc_column][vc_column_text]Le fournisseur de services de ces pages est<\/p>\n<p>Elisabeth D\u00f6rr<br \/>\nMarienstr. 8<br \/>\nD-76646 Bruchsal-Obergrombach<br \/>\nT\u00e9l\u00e9phone : +49 7257 6757<br \/>\nCourriel : info@4-your-life.de<\/p>\n<p>Cr\u00e9dits photos pour les images et graphiques utilis\u00e9s : de.fotolia.com ; stock.adobe.com ; 4Life.com[\/vc_column_text][vc_column_text]<\/p>\n<h2>Mentions L\u00e9gales<\/h2>\n<p>[\/vc_column_text][vc_column_text]<strong>1. contenu de l&#8217;offre en ligne<\/strong><br \/>\nL&#8217;auteur d\u00e9cline toute responsabilit\u00e9 quant \u00e0 l&#8217;actualit\u00e9, l&#8217;exactitude, l&#8217;exhaustivit\u00e9 ou la qualit\u00e9 des informations mises \u00e0 disposition. Toute revendication de responsabilit\u00e9 \u00e0 l&#8217;encontre de l&#8217;auteur concernant des dommages mat\u00e9riels ou immat\u00e9riels caus\u00e9s par l&#8217;utilisation ou la non-utilisation des informations fournies, y compris les informations incompl\u00e8tes ou incorrectes, sera donc rejet\u00e9e, sauf en cas de faute intentionnelle ou de n\u00e9gligence grave de la part de l&#8217;auteur. Toutes les offres sont sans engagement et sans engagement. L&#8217;auteur se r\u00e9serve express\u00e9ment le droit de modifier, de compl\u00e9ter ou d&#8217;effacer des parties des pages ou l&#8217;ensemble de l&#8217;offre sans avis pr\u00e9alable ou d&#8217;en suspendre temporairement ou d\u00e9finitivement la publication.[\/vc_column_text][vc_column_text]<strong>2. r\u00e9f\u00e9rences et liens<\/strong><br \/>\nL&#8217;auteur n&#8217;est pas responsable des contenus li\u00e9s ou r\u00e9f\u00e9renc\u00e9s \u00e0 partir de ses pages &#8211; \u00e0 moins qu&#8217;il n&#8217;ait connaissance de contenus ill\u00e9gaux et qu&#8217;il soit en mesure d&#8217;emp\u00eacher les visiteurs de son site de consulter ces pages. L&#8217;auteur d\u00e9clare express\u00e9ment qu&#8217;au moment de la cr\u00e9ation des liens, les pages li\u00e9es \u00e9taient exemptes de contenus ill\u00e9gaux. L&#8217;auteur d\u00e9clare en outre qu&#8217;il n&#8217;a aucune influence sur la conception actuelle et future et sur les contenus des pages li\u00e9es. C&#8217;est pourquoi l&#8217;auteur se distancie express\u00e9ment de tous les contenus de toutes les pages li\u00e9es qui ont \u00e9t\u00e9 modifi\u00e9es depuis la cr\u00e9ation des liens. Cette d\u00e9claration s&#8217;applique \u00e0 tous les liens et renvois figurant dans l&#8217;offre Internet de l&#8217;auteur ainsi qu&#8217;aux entr\u00e9es de tiers dans les livres d&#8217;or, forums de discussion et listes de diffusion cr\u00e9\u00e9s par l&#8217;auteur. Pour les contenus ill\u00e9gaux, erron\u00e9s ou incomplets et en particulier pour les dommages r\u00e9sultant de l&#8217;utilisation ou de la non-utilisation de ces informations, seul le fournisseur de la page \u00e0 laquelle il est renvoy\u00e9 est responsable, et non celui qui renvoie simplement \u00e0 la publication concern\u00e9e par des liens.[\/vc_column_text][vc_column_text]<strong>3. droit d&#8217;auteur<\/strong><br \/>\nL&#8217;auteur s&#8217;efforce de respecter les droits d&#8217;auteur des graphiques, documents sonores, s\u00e9quences vid\u00e9o et textes utilis\u00e9s dans toutes les publications, d&#8217;utiliser des graphiques, documents sonores, s\u00e9quences vid\u00e9o et textes cr\u00e9\u00e9s par lui-m\u00eame ou d&#8217;utiliser des graphiques, documents sonores, s\u00e9quences vid\u00e9o et textes sans licence. Les droits d&#8217;auteur pour les objets publi\u00e9s cr\u00e9\u00e9s par l&#8217;auteur lui-m\u00eame restent la propri\u00e9t\u00e9 exclusive de l&#8217;auteur des pages. Toute reproduction ou utilisation d&#8217;objets tels que des images, diagrammes, sons ou textes dans d&#8217;autres publications \u00e9lectroniques ou imprim\u00e9es est interdite sans l&#8217;accord de l&#8217;auteur.[\/vc_column_text][vc_column_text]<strong>4. protection des donn\u00e9es<\/strong><br \/>\nLes op\u00e9rateurs de ces pages prennent tr\u00e8s au s\u00e9rieux la protection de vos donn\u00e9es personnelles. Nous traitons vos donn\u00e9es personnelles de mani\u00e8re confidentielle et conform\u00e9ment aux dispositions l\u00e9gales en mati\u00e8re de protection des donn\u00e9es ainsi qu&#8217;\u00e0 la pr\u00e9sente d\u00e9claration de protection des donn\u00e9es.<br \/>\nEn r\u00e8gle g\u00e9n\u00e9rale, notre site Web peut \u00eatre utilis\u00e9 sans fournir de donn\u00e9es personnelles. Dans la mesure o\u00f9 des donn\u00e9es personnelles (par ex. nom, adresse ou adresse e-mail) sont collect\u00e9es sur nos pages, cela se fait toujours sur une base volontaire dans la mesure du possible. Ces donn\u00e9es ne seront pas transmises \u00e0 des tiers sans votre consentement explicite. Nous attirons votre attention sur le fait que la transmission de donn\u00e9es sur Internet (p. ex. la communication par e-mail) peut pr\u00e9senter des failles de s\u00e9curit\u00e9. Une protection compl\u00e8te des donn\u00e9es contre l&#8217;acc\u00e8s par des tiers n&#8217;est pas possible. Vous trouverez de plus amples informations sur ce site Web sous la rubrique <a href=\"https:\/\/www.4-your-life.de\/fr\/datenschutz\/\" target=\"_blank\" rel=\"noopener noreferrer\">Politique de confidentialit\u00e9<\/a>.[\/vc_column_text][vc_column_text]<strong>5. formulaire de contact<\/strong><br \/>\nSi vous nous envoyez des demandes de renseignements via le formulaire de contact, vos coordonn\u00e9es, y compris les donn\u00e9es de contact que vous nous avez fournies, seront conserv\u00e9es par nos soins pour le traitement de votre demande et en cas de questions compl\u00e9mentaires. Ces donn\u00e9es ne seront pas transmises sans votre consentement.[\/vc_column_text][vc_column_text]<strong>6. produits<\/strong><br \/>\nLes informations sur ces pages sont des informations g\u00e9n\u00e9rales qui ont \u00e9t\u00e9 soigneusement recherch\u00e9es et trait\u00e9es au meilleur de nos connaissances et croyances avec l&#8217;aide de nutritionnistes et d&#8217;experts. Conform\u00e9ment \u00e0 la loi allemande sur la publicit\u00e9 des m\u00e9dicaments, nous devons signaler que nous n&#8217;avons pas l&#8217;intention de donner l&#8217;impression que ces produits diagnostiquent, traitent, gu\u00e9rissent ou pr\u00e9viennent une maladie.<br \/>\nCependant, ils ne peuvent et ne doivent pas remplacer l&#8217;examen m\u00e9dical et le diagnostic. Veuillez communiquer avec un m\u00e9decin s&#8217;il existe une condition pr\u00e9alable. Chaque personne a une situation individuelle et doit appliquer des mesures et des m\u00e9thodes d&#8217;examen adapt\u00e9es \u00e0 son \u00e9tat de sant\u00e9. Les r\u00e9sultats de la prise du compl\u00e9ment alimentaire 4Life peuvent varier d&#8217;une personne \u00e0 l&#8217;autre, aucune responsabilit\u00e9 n&#8217;est accept\u00e9e par l&#8217;auteur et le fabricant.[\/vc_column_text][vc_column_text]<strong>7. validit\u00e9 juridique de la pr\u00e9sente exclusion de responsabilit\u00e9<\/strong><br \/>\nCette clause de non-responsabilit\u00e9 doit \u00eatre consid\u00e9r\u00e9e comme faisant partie de la publication Internet \u00e0 laquelle vous avez \u00e9t\u00e9 renvoy\u00e9. Si des parties ou des termes individuels de cette d\u00e9claration ne sont pas l\u00e9gaux ou corrects, le contenu ou la validit\u00e9 des autres parties n&#8217;en sont pas affect\u00e9s.[\/vc_column_text][\/vc_column][\/vc_row]<\/p>\n<\/div>","protected":false},"excerpt":{"rendered":"<p>[vc_row full_width=&#8221;0&#8243; full_height=&#8221;0&#8243; row_padding=&#8221;no_top_padding&#8221; particles=&#8221;0&#8243;][vc_column][vc_column_text]Le fournisseur de services de ces pages est Elisabeth D\u00f6rr Marienstr. 8 D-76646 Bruchsal-Obergrombach T\u00e9l\u00e9phone : +49 7257 6757 Courriel : info@4-your-life.de Cr\u00e9dits photos pour les [&hellip;]<\/p>\n","protected":false},"author":1,"featured_media":758,"parent":0,"menu_order":0,"comment_status":"closed","ping_status":"closed","template":"","meta":{"footnotes":""},"translation":{"provider":"WPGlobus","version":"2.12.2","language":"fr","enabled_languages":["de","es","en","fr","ru","tr","zh"],"languages":{"de":{"title":true,"content":true,"excerpt":false},"es":{"title":true,"content":true,"excerpt":false},"en":{"title":true,"content":true,"excerpt":false},"fr":{"title":true,"content":true,"excerpt":false},"ru":{"title":true,"content":false,"excerpt":false},"tr":{"title":false,"content":false,"excerpt":false},"zh":{"title":false,"content":false,"excerpt":false}}},"aioseo_notices":[],"_links":{"self":[{"href":"https:\/\/www.4-your-life.de\/fr\/wp-json\/wp\/v2\/pages\/753"}],"collection":[{"href":"https:\/\/www.4-your-life.de\/fr\/wp-json\/wp\/v2\/pages"}],"about":[{"href":"https:\/\/www.4-your-life.de\/fr\/wp-json\/wp\/v2\/types\/page"}],"author":[{"embeddable":true,"href":"https:\/\/www.4-your-life.de\/fr\/wp-json\/wp\/v2\/users\/1"}],"replies":[{"embeddable":true,"href":"https:\/\/www.4-your-life.de\/fr\/wp-json\/wp\/v2\/comments?post=753"}],"version-history":[{"count":26,"href":"https:\/\/www.4-your-life.de\/fr\/wp-json\/wp\/v2\/pages\/753\/revisions"}],"predecessor-version":[{"id":4197,"href":"https:\/\/www.4-your-life.de\/fr\/wp-json\/wp\/v2\/pages\/753\/revisions\/4197"}],"wp:featuredmedia":[{"embeddable":true,"href":"https:\/\/www.4-your-life.de\/fr\/wp-json\/wp\/v2\/media\/758"}],"wp:attachment":[{"href":"https:\/\/www.4-your-life.de\/fr\/wp-json\/wp\/v2\/media?parent=753"}],"curies":[{"name":"wp","href":"https:\/\/api.w.org\/{rel}","templated":true}]}}