{"id":627,"date":"2018-03-25T16:38:42","date_gmt":"2018-03-25T14:38:42","guid":{"rendered":"http:\/\/www.4-your-life.de\/?page_id=627"},"modified":"2019-02-23T20:21:13","modified_gmt":"2019-02-23T19:21:13","slug":"die-geschichte-des-transfer-factor","status":"publish","type":"page","link":"https:\/\/www.4-your-life.de\/fr\/info-zentrum\/grundlegende-informationen\/die-geschichte-des-transfer-factor\/","title":{"rendered":"Historique du facteur de transfert"},"content":{"rendered":"<div class=\"wpb-content-wrapper\"><p>[vc_row][vc_column][vc_column_text]<\/p>\n<h3><strong>Une nouvelle dimension pour votre bien-\u00eatre !<\/strong><\/h3>\n<p>[\/vc_column_text][vc_column_text]<strong>Le secret du facteur de transfert<\/strong><\/p>\n<p>Si vous n&#8217;avez jamais entendu parler des facteurs de transfert, vous n&#8217;\u00eates pas seul.<\/p>\n<p>En faisant des recherches sur une r\u00e9f\u00e9rence obscure \u00e0 un brevet peu connu, David Lisonbee a d\u00e9couvert quelque chose que les experts en nutrition et les chercheurs avaient n\u00e9glig\u00e9.<br \/>\nBien que ces experts aient combin\u00e9 le monde des sources de nutriments exotiques pour les soutenir, les nutriments n&#8217;\u00e9taient qu&#8217;une partie de ce qui \u00e9tait n\u00e9cessaire.<br \/>\nLes facteurs de transfert sont la fa\u00e7on dont la nature transf\u00e8re l&#8217;information sur le premier lait de la m\u00e8re \u00e0 l&#8217;enfant (par exemple, le colostrum de vache).<br \/>\nLe facteur de transfert peut \u00eatre transmis d&#8217;une esp\u00e8ce \u00e0 l&#8217;autre. Cela signifie que notre corps peut b\u00e9n\u00e9ficier de mani\u00e8re significative des facteurs de transfert d\u00e9riv\u00e9s d&#8217;animaux tels que les vaches et les poulets.[\/vc_column_text][vc_column_text]Le facteur de transfert a \u00e9t\u00e9 d\u00e9couvert pour la premi\u00e8re fois en 1949 par le Dr Sherwood Lawrence, un \u00e9minent immunologiste de la New Nork University (NYU). Les cofondateurs innovateurs de 4Life, David et Bianca Lisonbee, qui ont octroy\u00e9 la seule licence d&#8217;exploitation de 4Life, ont obtenu la licence de 4Life.<br \/>\nTransfer Factor et a obtenu les droits exclusifs de fabrication de 4Life et a rendu Transfer Factor accessible et abordable.[\/vc_column_text][vc_column_text]L&#8217;histoire du facteur de transfert :<\/p>\n<ul>\n<li>1949 Sherwood Lawrence d\u00e9couvre le facteur de transfert<\/li>\n<li>1989 Facteur de transfert, la mol\u00e9cule de colostrum est brevet\u00e9e<\/li>\n<li>1998 4Life Research commercialise le facteur de transfert brevet\u00e9<\/li>\n<li>2004 4Life Research obtient un nouveau brevet pour le facteur de transfert du jaune d&#8217;oeuf<\/li>\n<li>2005 4Life Research a une longueur d&#8217;avance sur les autres soci\u00e9t\u00e9s, avec le facteur de transfert de liquide<br \/>\nRiovida<\/li>\n<li>2007 4Life Research d\u00e9veloppe la formule des trois facteurs; 4Life est prot\u00e9g\u00e9 par un brevet au d\u00e9but de sa mise sur le march\u00e9.<\/li>\n<\/ul>\n<p>[\/vc_column_text][\/vc_column][\/vc_row]<\/p>\n<\/div>","protected":false},"excerpt":{"rendered":"<p>[vc_row][vc_column][vc_column_text] Une nouvelle dimension pour votre bien-\u00eatre ! [\/vc_column_text][vc_column_text]Le secret du facteur de transfert Si vous n&#8217;avez jamais entendu parler des facteurs de transfert, vous n&#8217;\u00eates pas seul. En faisant [&hellip;]<\/p>\n","protected":false},"author":1,"featured_media":0,"parent":957,"menu_order":0,"comment_status":"closed","ping_status":"closed","template":"","meta":{"footnotes":""},"translation":{"provider":"WPGlobus","version":"2.12.2","language":"fr","enabled_languages":["de","es","en","fr","ru","tr","zh"],"languages":{"de":{"title":true,"content":true,"excerpt":false},"es":{"title":true,"content":true,"excerpt":false},"en":{"title":true,"content":true,"excerpt":false},"fr":{"title":true,"content":true,"excerpt":false},"ru":{"title":true,"content":true,"excerpt":false},"tr":{"title":true,"content":true,"excerpt":false},"zh":{"title":false,"content":false,"excerpt":false}}},"aioseo_notices":[],"_links":{"self":[{"href":"https:\/\/www.4-your-life.de\/fr\/wp-json\/wp\/v2\/pages\/627"}],"collection":[{"href":"https:\/\/www.4-your-life.de\/fr\/wp-json\/wp\/v2\/pages"}],"about":[{"href":"https:\/\/www.4-your-life.de\/fr\/wp-json\/wp\/v2\/types\/page"}],"author":[{"embeddable":true,"href":"https:\/\/www.4-your-life.de\/fr\/wp-json\/wp\/v2\/users\/1"}],"replies":[{"embeddable":true,"href":"https:\/\/www.4-your-life.de\/fr\/wp-json\/wp\/v2\/comments?post=627"}],"version-history":[{"count":12,"href":"https:\/\/www.4-your-life.de\/fr\/wp-json\/wp\/v2\/pages\/627\/revisions"}],"predecessor-version":[{"id":3220,"href":"https:\/\/www.4-your-life.de\/fr\/wp-json\/wp\/v2\/pages\/627\/revisions\/3220"}],"up":[{"embeddable":true,"href":"https:\/\/www.4-your-life.de\/fr\/wp-json\/wp\/v2\/pages\/957"}],"wp:attachment":[{"href":"https:\/\/www.4-your-life.de\/fr\/wp-json\/wp\/v2\/media?parent=627"}],"curies":[{"name":"wp","href":"https:\/\/api.w.org\/{rel}","templated":true}]}}