{"id":580,"date":"2018-03-24T21:49:39","date_gmt":"2018-03-24T20:49:39","guid":{"rendered":"http:\/\/www.4-your-life.de\/?page_id=580"},"modified":"2020-03-03T13:45:58","modified_gmt":"2020-03-03T12:45:58","slug":"die-entdeckung","status":"publish","type":"page","link":"https:\/\/www.4-your-life.de\/fr\/die-entdeckung\/","title":{"rendered":"La d\u00e9couverte des facteurs de transfert (TF)"},"content":{"rendered":"<div class=\"wpb-content-wrapper\"><p>[vc_row][vc_column][vc_column_text]Au milieu du si\u00e8cle dernier, le Dr Sherwood Larence (immunologiste new-yorkais) a d\u00e9couvert au cours de ses recherches de minuscules mol\u00e9cules dans les leucocytes humains capables de transmettre une r\u00e9ponse immunitaire \u00e0 un \u00eatre humain non infect\u00e9. Depuis lors, les facteurs de transfert du nom de Larence ont fait l&#8217;objet de recherches scientifiques mondiales et la TF est utilis\u00e9e en th\u00e9rapie depuis 1969. Il est maintenant consid\u00e9r\u00e9 comme certain que le composant immunologiquement actif de la TF est situ\u00e9 dans les lymphocytes T et a un effet immunologique non sp\u00e9cifique chez l&#8217;homme en raison de son effet stimulant sur le syst\u00e8me immunitaire \u00e0 m\u00e9diation cellulaire. La TF a un effet particulier sur l&#8217;\u00e9quilibre immunologique des sous-unit\u00e9s auxiliaires T (lymphocytes TH1 et TH2) et sur l&#8217;activit\u00e9 des cellules tueuses naturelles (cellules NK).[\/vc_column_text][vc_column_text]L&#8217;extraction de la TF du sang humain est tr\u00e8s co\u00fbteuse et, depuis 1999, 4life Research extrait la TF du colostrum bovin et du jaune d&#8217;\u0153uf. Depuis, une vaste exp\u00e9rience clinique a \u00e9t\u00e9 acquise et des milliers d&#8217;\u00e9tudes scientifiques ont \u00e9t\u00e9 men\u00e9es. La plus grande \u00e9tude a \u00e9t\u00e9 men\u00e9e par l&#8217;Institut m\u00e9dical de Moscou et elle arrive \u00e0 la m\u00eame conclusion que les \u00e9tudes ind\u00e9pendantes des instituts am\u00e9ricains.[\/vc_column_text][vc_column_text]Les produits sont utilis\u00e9s pour corriger le syst\u00e8me immunitaire dans les \u00e9tats de surr\u00e9activit\u00e9 (maladies auto-immunes, allergies) ainsi que dans les \u00e9tats d&#8217;immunod\u00e9ficience ou dans des situations telles que les infections chroniques, les immunod\u00e9ficiences ou faiblesses cellulaires, les maladies septiques) sous forme de traitement \u00e0 long terme. Une l\u00e9g\u00e8re correction immunitaire s&#8217;effectue sur une longue p\u00e9riode de temps.[\/vc_column_text][vc_column_text]Le mode d&#8217;action immunologique des facteurs de transfert en d\u00e9tail :[\/vc_column_text][vc_column_text]<\/p>\n<ul>\n<li>\u00a0Effet stimulant sur les cellules souches lymphopo\u00ef\u00e9tiques<\/li>\n<li>\u00a0Effet stimulant sur les monocytes et les granulocytes<\/li>\n<li>\u00a0Stimulation de l&#8217;activit\u00e9 phagocytaire<\/li>\n<li>\u00a0Effet stimulant sur les cellules CD4 et CD8<\/li>\n<li>\u00a0R\u00e9gulation d&#8217;\u00e9quilibre des cellules TH1 et TH2<\/li>\n<li>\u00a0Activation des cellules NK<\/li>\n<\/ul>\n<p>[\/vc_column_text][vc_column_text]En prenant des facteurs de transfert, la r\u00e9ponse immunitaire des cellules tueuses naturelles est augment\u00e9e plusieurs fois.[\/vc_column_text][\/vc_column][\/vc_row]<\/p>\n<\/div>","protected":false},"excerpt":{"rendered":"<p>[vc_row][vc_column][vc_column_text]Au milieu du si\u00e8cle dernier, le Dr Sherwood Larence (immunologiste new-yorkais) a d\u00e9couvert au cours de ses recherches de minuscules mol\u00e9cules dans les leucocytes humains capables de transmettre une r\u00e9ponse [&hellip;]<\/p>\n","protected":false},"author":1,"featured_media":0,"parent":0,"menu_order":2,"comment_status":"closed","ping_status":"closed","template":"","meta":{"footnotes":""},"translation":{"provider":"WPGlobus","version":"2.12.2","language":"fr","enabled_languages":["de","es","en","fr","ru","tr","zh"],"languages":{"de":{"title":true,"content":true,"excerpt":false},"es":{"title":true,"content":true,"excerpt":false},"en":{"title":true,"content":true,"excerpt":false},"fr":{"title":true,"content":true,"excerpt":false},"ru":{"title":true,"content":true,"excerpt":false},"tr":{"title":true,"content":true,"excerpt":false},"zh":{"title":true,"content":true,"excerpt":false}}},"aioseo_notices":[],"_links":{"self":[{"href":"https:\/\/www.4-your-life.de\/fr\/wp-json\/wp\/v2\/pages\/580"}],"collection":[{"href":"https:\/\/www.4-your-life.de\/fr\/wp-json\/wp\/v2\/pages"}],"about":[{"href":"https:\/\/www.4-your-life.de\/fr\/wp-json\/wp\/v2\/types\/page"}],"author":[{"embeddable":true,"href":"https:\/\/www.4-your-life.de\/fr\/wp-json\/wp\/v2\/users\/1"}],"replies":[{"embeddable":true,"href":"https:\/\/www.4-your-life.de\/fr\/wp-json\/wp\/v2\/comments?post=580"}],"version-history":[{"count":39,"href":"https:\/\/www.4-your-life.de\/fr\/wp-json\/wp\/v2\/pages\/580\/revisions"}],"predecessor-version":[{"id":4100,"href":"https:\/\/www.4-your-life.de\/fr\/wp-json\/wp\/v2\/pages\/580\/revisions\/4100"}],"wp:attachment":[{"href":"https:\/\/www.4-your-life.de\/fr\/wp-json\/wp\/v2\/media?parent=580"}],"curies":[{"name":"wp","href":"https:\/\/api.w.org\/{rel}","templated":true}]}}