{"id":578,"date":"2018-03-24T21:44:01","date_gmt":"2018-03-24T20:44:01","guid":{"rendered":"http:\/\/www.4-your-life.de\/?page_id=578"},"modified":"2019-07-30T11:53:29","modified_gmt":"2019-07-30T09:53:29","slug":"wie-helfe-ich-meinem-immunsystem","status":"publish","type":"page","link":"https:\/\/www.4-your-life.de\/fr\/wie-helfe-ich-meinem-immunsystem\/","title":{"rendered":"Comment puis-je aider mon syst\u00e8me immunitaire ?"},"content":{"rendered":"<div class=\"wpb-content-wrapper\"><p>[vc_row full_width=&#8221;0&#8243; full_height=&#8221;0&#8243; row_padding=&#8221;no_top_padding&#8221; particles=&#8221;0&#8243;][vc_column][vc_column_text]Notre mode de vie actuel avec trop de stress, de stress psychologique, de manque de sommeil, de toxines environnementales, d&#8217;\u00e9lectrosmog, de mauvaise alimentation et de nutrition ainsi que de manque de nutriments affaiblit notre syst\u00e8me immunitaire de fa\u00e7on chronique et se caract\u00e9rise surtout par des maladies \u00e0 d\u00e9veloppement lent et durable.<\/p>\n<p>En fin de compte, le fardeau des facteurs mentionn\u00e9s est \u00e9norme et, par cons\u00e9quent, nous devrions travailler sur tous les facteurs et nous efforcer d&#8217;apporter des am\u00e9liorations dans le sens de la prophylaxie.<\/p>\n<p>L&#8217;influence qu&#8217;un corps pollu\u00e9 a sur votre sant\u00e9, votre niveau d&#8217;\u00e9nergie et un surpoids possible est effrayant.<\/p>\n<p>Parce que notre corps absorbe chaque jour de nombreuses toxines (qu&#8217;elles proviennent de l&#8217;environnement ou de la nourriture) et notre foie est \u00e9galement stock\u00e9 avec ces substances d\u00e9sagr\u00e9ables.<\/p>\n<p>Ces toxines bloquent les processus m\u00e9taboliques, causent des dysfonctionnements et des maladies du foie, elles sont souvent fatigu\u00e9es, vous avez un exc\u00e8s de graisse dont elles ne peuvent tout simplement pas se d\u00e9barrasser, elles sont souvent atteintes, ont des probl\u00e8mes de peau ainsi qu&#8217;une mauvaise digestion et donc un syst\u00e8me immunitaire affaibli.<\/p>\n<p>Mais les effets des toxines dans notre corps peuvent \u00eatre encore plus graves. Elles commencent par des infections r\u00e9currentes, des maladies intestinales et des probl\u00e8mes de peau et se terminent par des maladies chroniques qui mettent la vie en danger jusqu&#8217;\u00e0 des probl\u00e8mes cardiaques aigus.<\/p>\n<p>Cependant, comme notre corps et surtout notre syst\u00e8me immunitaire n&#8217;a plus l&#8217;habitude de se d\u00e9fendre sans aide ext\u00e9rieure, nous devons apporter notre soutien.<\/p>\n<p>Avec le lait de notre m\u00e8re, nous avons aspir\u00e9 cette aide pour renforcer ce fantastique syst\u00e8me immunitaire d\u00e8s notre plus jeune \u00e2ge.<br \/>\nMais cela s&#8217;est perdu au cours de l&#8217;\u00e9volution et nous devons nous r\u00e9aligner et nous renforcer \u00e0 nouveau.<\/p>\n<p>Il est particuli\u00e8rement important de nettoyer nos organes les plus importants (foie et intestins) dans le corps.[\/vc_column_text][vc_column_text]Les informations sur ces pages sont des informations g\u00e9n\u00e9rales qui ont \u00e9t\u00e9 soigneusement recherch\u00e9es et trait\u00e9es au meilleur de nos connaissances et croyances avec l&#8217;aide de nutritionnistes et d&#8217;experts. Cependant, ils ne peuvent et ne doivent pas remplacer un examen m\u00e9dical et un diagnostic. Veuillez contacter un m\u00e9decin, si un pr\u00e9alable existe. Chaque personne a une situation individuelle et doit appliquer des mesures et des m\u00e9thodes d&#8217;examen adapt\u00e9es \u00e0 son \u00e9tat de sant\u00e9.[\/vc_column_text][\/vc_column][\/vc_row]<\/p>\n<\/div>","protected":false},"excerpt":{"rendered":"<p>[vc_row full_width=&#8221;0&#8243; full_height=&#8221;0&#8243; row_padding=&#8221;no_top_padding&#8221; particles=&#8221;0&#8243;][vc_column][vc_column_text]Notre mode de vie actuel avec trop de stress, de stress psychologique, de manque de sommeil, de toxines environnementales, d&#8217;\u00e9lectrosmog, de mauvaise alimentation et de nutrition [&hellip;]<\/p>\n","protected":false},"author":1,"featured_media":0,"parent":0,"menu_order":1,"comment_status":"closed","ping_status":"closed","template":"","meta":{"footnotes":""},"translation":{"provider":"WPGlobus","version":"2.12.2","language":"fr","enabled_languages":["de","es","en","fr","ru","tr","zh"],"languages":{"de":{"title":true,"content":true,"excerpt":false},"es":{"title":true,"content":true,"excerpt":false},"en":{"title":true,"content":true,"excerpt":false},"fr":{"title":true,"content":true,"excerpt":false},"ru":{"title":true,"content":true,"excerpt":false},"tr":{"title":true,"content":true,"excerpt":false},"zh":{"title":false,"content":false,"excerpt":false}}},"aioseo_notices":[],"_links":{"self":[{"href":"https:\/\/www.4-your-life.de\/fr\/wp-json\/wp\/v2\/pages\/578"}],"collection":[{"href":"https:\/\/www.4-your-life.de\/fr\/wp-json\/wp\/v2\/pages"}],"about":[{"href":"https:\/\/www.4-your-life.de\/fr\/wp-json\/wp\/v2\/types\/page"}],"author":[{"embeddable":true,"href":"https:\/\/www.4-your-life.de\/fr\/wp-json\/wp\/v2\/users\/1"}],"replies":[{"embeddable":true,"href":"https:\/\/www.4-your-life.de\/fr\/wp-json\/wp\/v2\/comments?post=578"}],"version-history":[{"count":39,"href":"https:\/\/www.4-your-life.de\/fr\/wp-json\/wp\/v2\/pages\/578\/revisions"}],"predecessor-version":[{"id":3835,"href":"https:\/\/www.4-your-life.de\/fr\/wp-json\/wp\/v2\/pages\/578\/revisions\/3835"}],"wp:attachment":[{"href":"https:\/\/www.4-your-life.de\/fr\/wp-json\/wp\/v2\/media?parent=578"}],"curies":[{"name":"wp","href":"https:\/\/api.w.org\/{rel}","templated":true}]}}