{"id":112,"date":"2016-02-19T09:25:55","date_gmt":"2016-02-19T09:25:55","guid":{"rendered":"http:\/\/plethorathemes.com\/healthflex\/health-coach\/?page_id=112"},"modified":"2020-10-23T10:01:23","modified_gmt":"2020-10-23T08:01:23","slug":"work-with-me","status":"publish","type":"page","link":"https:\/\/www.4-your-life.de\/fr\/work-with-me\/","title":{"rendered":"Travaillez avec nous"},"content":{"rendered":"<div class=\"wpb-content-wrapper\"><p>[vc_row full_width=&#8221;0&#8243; full_height=&#8221;0&#8243; row_padding=&#8221;no_top_padding&#8221; particles=&#8221;0&#8243;][vc_column width=&#8221;5\/6&#8243;][vc_empty_space height=&#8221;8px&#8221;][vc_column_text]<\/p>\n<h2><strong>Nous vous invitons \u00e0 devenir membre de notre \u00e9quipe,<\/strong><\/h2>\n<p>[\/vc_column_text][vc_column_text]<\/p>\n<h2><strong>o\u00f9 que vous soyez dans le monde.<\/strong><\/h2>\n<p>[\/vc_column_text][vc_column_text]<\/p>\n<div id=\"attachment_550\" style=\"width: 351px\" class=\"wp-caption alignleft\"><img loading=\"lazy\" decoding=\"async\" aria-describedby=\"caption-attachment-550\" class=\"wp-image-550\" style=\"margin: 8px 16px 8px 0px; outline: #72777c solid 1px; height: 227px; text-align: left; color: #333333; text-transform: none; text-indent: 0px; letter-spacing: normal; font-family: Georgia,' times new roman','bitstream charter',times,serif; font-size: 16px; font-style: normal; font-variant: normal; font-weight: 400; text-decoration: none; word-spacing: 0px; white-space: normal; max-width: 1342px; orphans: 2; float: left; -webkit-text-stroke-width: 0px; background-color: transparent;\" src=\"https:\/\/www.4-your-life.de\/wp-content\/uploads\/2018\/03\/Your-Journey-starts-here-300x200.jpeg\" alt=\"\" width=\"341\" height=\"218\" \/><p id=\"caption-attachment-550\" class=\"wp-caption-text\">&#8220;Votre voyage commence ici&#8221;<\/p><\/div>\n<p>La confiance, l&#8217;honn\u00eatet\u00e9 et la serviabilit\u00e9 sont nos priorit\u00e9s absolues. Chez 4-Your-Life, nous croyons qu&#8217;il est important de travailler ensemble pour aider les autres \u00e0 mener une vie saine et r\u00e9ussie. Notre objectif commun est que vous vous sentiez bien d&#8217;\u00eatre membre d&#8217;une entreprise (4Life) avec laquelle vous pouvez r\u00e9aliser vos succ\u00e8s personnels et en m\u00eame temps conduire les autres au succ\u00e8s, que ce soit sur le plan financier ou sanitaire.<\/p>\n<p>4Life a re\u00e7u la note &#8220;A+&#8221; du Better Business Bureau (BBB), l&#8217;American Business Awards (les plus prestigieux prix d\u00e9cern\u00e9s aux entreprises am\u00e9ricaines) pour le d\u00e9veloppement et la commercialisation de ses produits, et figure plusieurs fois sur la liste Global 100 de Direct Selling News.<br \/>\nDepuis 1998, 4Life d\u00e9veloppe des produits avec transfert Factor\u2122, promouvant le succ\u00e8s commercial des consultants et soutenant les communaut\u00e9s \u00e0 travers le monde.<br \/>\n4Life permet \u00e0 tous ceux qui veulent r\u00e9ussir de le faire. Avec un plan de r\u00e9mun\u00e9ration aussi unique que ses produits, 4Life a cr\u00e9\u00e9 un syst\u00e8me de succ\u00e8s \u00e9quilibr\u00e9 qui r\u00e9compense les employ\u00e9s \u00e0 temps partiel et \u00e0 temps plein.[\/vc_column_text][vc_column_text]<\/p>\n<h3 style=\"padding-left: 120px;\"><strong>Avons-nous suscit\u00e9 votre int\u00e9r\u00eat ?<\/strong><\/h3>\n<h3 style=\"padding-left: 160px;\"><strong>D\u00e9veloppez votre activit\u00e9 avec 4Life !<\/strong><\/h3>\n<h3 style=\"padding-left: 200px;\"><strong>Ou voulez-vous simplement devenir un client privil\u00e9gi\u00e9 ?<\/strong><\/h3>\n<p>&nbsp;<\/p>\n<p>Ils commencent sans argent, mais ils le font. Ils commencent sans exp\u00e9rience, mais c&#8217;est le cas. Ils commencent seuls, mais ils commencent. Ils commencent sans contacts, mais ils commencent. Ils commencent par la peur, mais ils commencent.[\/vc_column_text][vc_empty_space height=&#8221;24px&#8221;][vc_btn title=&#8221;Voici un aper\u00e7u du plan de r\u00e9mun\u00e9ration&#8221; style=&#8221;gradient-custom&#8221; gradient_custom_color_1=&#8221;#0ebc0b&#8221; gradient_custom_color_2=&#8221;#1d1abc&#8221; size=&#8221;lg&#8221; align=&#8221;center&#8221; link=&#8221;url:https%3A%2F%2F4lifetools.eu%2Fmedia%2F4Life-Ressources-FR-Life-Rewards-Basics-EU.pdf||target:%20_blank|&#8221;][\/vc_column][vc_column width=&#8221;1\/6&#8243;][vc_empty_space height=&#8221;8px&#8221;][plethora_profilegrid columns=&#8221;1&#8243; color_set=&#8221;skincolored_section&#8221; excerpt=&#8221;0&#8243; profiles=&#8221;61&#8243;][vc_column_text][\/vc_column_text][plethora_profilegrid columns=&#8221;1&#8243; color_set=&#8221;skincolored_section&#8221; excerpt=&#8221;0&#8243; profiles=&#8221;59&#8243;][\/vc_column][\/vc_row][vc_row full_width=&#8221;0&#8243; full_height=&#8221;0&#8243; row_padding=&#8221;no_padding&#8221; cols_padding=&#8221;no_cols_padding&#8221; particles=&#8221;0&#8243;][vc_column color_set=&#8221;secondary_section&#8221;][plethora_headinggroup subtitle=&#8221;Si nous avons \u00e9veill\u00e9 votre int\u00e9r\u00eat, contactez-nous, travaillez avec nous et construisez sans risque un nouveau pilier pour vous.&#8221; type=&#8221;xbold&#8221;]<\/p>\n<h2 style=\"text-align: center;\">Travaillez avec nous<\/h2>\n<p>[\/plethora_headinggroup][plethora_button button_text=&#8221;Veuillez nous contacter ici&#8221; button_link=&#8221;url:http%3A%2F%2Fwww.4-your-life.de%2FFR%2Fseite-kontaktaufnahme%2F%20|||&#8221; button_align=&#8221;text-center&#8221; button_style=&#8221;btn-primary&#8221; button_with_icon=&#8221;with-icon&#8221; button_icon_align=&#8221;icon-left&#8221;][\/vc_column][\/vc_row]<\/p>\n<\/div>","protected":false},"excerpt":{"rendered":"<p>[vc_row full_width=&#8221;0&#8243; full_height=&#8221;0&#8243; row_padding=&#8221;no_top_padding&#8221; particles=&#8221;0&#8243;][vc_column width=&#8221;5\/6&#8243;][vc_empty_space height=&#8221;8px&#8221;][vc_column_text] Nous vous invitons \u00e0 devenir membre de notre \u00e9quipe, [\/vc_column_text][vc_column_text] o\u00f9 que vous soyez dans le monde. [\/vc_column_text][vc_column_text] La confiance, l&#8217;honn\u00eatet\u00e9 et la [&hellip;]<\/p>\n","protected":false},"author":1,"featured_media":516,"parent":0,"menu_order":0,"comment_status":"closed","ping_status":"closed","template":"","meta":{"footnotes":""},"translation":{"provider":"WPGlobus","version":"2.12.2","language":"fr","enabled_languages":["de","es","en","fr","ru","tr","zh"],"languages":{"de":{"title":true,"content":true,"excerpt":false},"es":{"title":true,"content":true,"excerpt":false},"en":{"title":true,"content":true,"excerpt":false},"fr":{"title":true,"content":true,"excerpt":false},"ru":{"title":true,"content":true,"excerpt":false},"tr":{"title":true,"content":true,"excerpt":false},"zh":{"title":true,"content":true,"excerpt":false}}},"aioseo_notices":[],"_links":{"self":[{"href":"https:\/\/www.4-your-life.de\/fr\/wp-json\/wp\/v2\/pages\/112"}],"collection":[{"href":"https:\/\/www.4-your-life.de\/fr\/wp-json\/wp\/v2\/pages"}],"about":[{"href":"https:\/\/www.4-your-life.de\/fr\/wp-json\/wp\/v2\/types\/page"}],"author":[{"embeddable":true,"href":"https:\/\/www.4-your-life.de\/fr\/wp-json\/wp\/v2\/users\/1"}],"replies":[{"embeddable":true,"href":"https:\/\/www.4-your-life.de\/fr\/wp-json\/wp\/v2\/comments?post=112"}],"version-history":[{"count":217,"href":"https:\/\/www.4-your-life.de\/fr\/wp-json\/wp\/v2\/pages\/112\/revisions"}],"predecessor-version":[{"id":4228,"href":"https:\/\/www.4-your-life.de\/fr\/wp-json\/wp\/v2\/pages\/112\/revisions\/4228"}],"wp:featuredmedia":[{"embeddable":true,"href":"https:\/\/www.4-your-life.de\/fr\/wp-json\/wp\/v2\/media\/516"}],"wp:attachment":[{"href":"https:\/\/www.4-your-life.de\/fr\/wp-json\/wp\/v2\/media?parent=112"}],"curies":[{"name":"wp","href":"https:\/\/api.w.org\/{rel}","templated":true}]}}