{"id":109,"date":"2016-02-19T09:25:21","date_gmt":"2016-02-19T09:25:21","guid":{"rendered":"http:\/\/plethorathemes.com\/healthflex\/health-coach\/?page_id=109"},"modified":"2020-02-19T14:17:40","modified_gmt":"2020-02-19T13:17:40","slug":"immunsystem","status":"publish","type":"page","link":"https:\/\/www.4-your-life.de\/fr\/immunsystem\/","title":{"rendered":"Votre syst\u00e8me immunitaire"},"content":{"rendered":"<div class=\"wpb-content-wrapper\"><p>[vc_row full_width=&#8221;0&#8243; full_height=&#8221;0&#8243; row_padding=&#8221;no_top_padding&#8221; particles=&#8221;0&#8243;][vc_column][vc_column_text]<\/p>\n<h4><\/h4>\n<h4><strong>Le syst\u00e8me immunitaire (latin immunis, allemand\u2019intact, libre, pur) est le syst\u00e8me de d\u00e9fense biologique des organismes sup\u00e9rieurs qui pr\u00e9vient les dommages tissulaires caus\u00e9s par les pathog\u00e8nes.<\/strong><\/h4>\n<p>[\/vc_column_text][vc_column_text]<img loading=\"lazy\" decoding=\"async\" class=\"alignleft wp-image-3324 \" src=\"https:\/\/www.4-your-life.de\/wp-content\/uploads\/2019\/02\/Das-immunsystem-kreisdiagramm-grau-France-300x291.jpg\" alt=\"\" width=\"301\" height=\"292\" srcset=\"https:\/\/www.4-your-life.de\/wp-content\/uploads\/2019\/02\/Das-immunsystem-kreisdiagramm-grau-France-300x291.jpg 300w, https:\/\/www.4-your-life.de\/wp-content\/uploads\/2019\/02\/Das-immunsystem-kreisdiagramm-grau-France.jpg 742w\" sizes=\"(max-width: 301px) 100vw, 301px\" \/>Il \u00e9limine les micro-organismes qui ont p\u00e9n\u00e9tr\u00e9 dans le corps, les substances \u00e9trang\u00e8res et est \u00e9galement capable de d\u00e9truire les propres cellules du corps qui sont devenues d\u00e9fectueuses. Le syst\u00e8me immunitaire est un r\u00e9seau complexe d\u2019organes, de types de cellules et de mol\u00e9cules diff\u00e9rents et constitue l\u2019objet central de la recherche en immunologie.<br \/>\nLe syst\u00e8me immunitaire est d\u2019une grande importance pour l\u2019int\u00e9grit\u00e9 physique des \u00eatres vivants, car pratiquement tous les organismes sont constamment expos\u00e9s aux influences du milieu de vie ; certaines de ces influences constituent une menace : Lorsque des micro-organismes nuisibles p\u00e9n\u00e8trent dans l\u2019organisme, cela peut entra\u00eener des dysfonctionnements et des maladies. Les pathog\u00e8nes typiques sont les bact\u00e9ries, les virus et les champignons, ainsi que les parasites unicellulaires (p. ex. les protozoaires comme les plasmodies) ou multicellulaires (p. ex. les vers solitaires).[\/vc_column_text][vc_column_text]Les changements \u00e0 l\u2019int\u00e9rieur du corps peuvent \u00e9galement menacer l\u2019existence d\u2019un \u00eatre vivant. Si les cellules normales de l\u2019organisme perdent leur fonction saine au fil du temps, elles meurent g\u00e9n\u00e9ralement et doivent \u00eatre d\u00e9grad\u00e9es (n\u00e9crose) ou se d\u00e9gradent d\u2019elles-m\u00eames (apoptose). Dans de rares cas, ils peuvent aussi d\u00e9g\u00e9n\u00e9rer anormalement et mener au cancer.[\/vc_column_text][vc_column_text]Tous les organismes vivants ont donc des fonctions protectrices. M\u00eame les organismes simples ont un tel m\u00e9canisme de d\u00e9fense, ce qu\u2019on appelle la r\u00e9ponse immunitaire inn\u00e9e. Elle a pris naissance tr\u00e8s t\u00f4t dans l\u2019histoire tribale des organismes vivants et est rest\u00e9e pratiquement inchang\u00e9e depuis. Les vert\u00e9br\u00e9s ont \u00e9galement d\u00e9velopp\u00e9 une d\u00e9fense immunitaire complexe, adaptable, dite adaptative, qui les prot\u00e8ge encore plus efficacement contre les agents pathog\u00e8nes.[\/vc_column_text][vc_column_text]<\/p>\n<h3>Votre syst\u00e8me immunitaire est le gardien de votre sant\u00e9<\/h3>\n<p>[\/vc_column_text][vc_column_text]Votre syst\u00e8me immunitaire est responsable du maintien de votre sant\u00e9. Une alimentation saine la renforce et favorise la sant\u00e9 de l\u2019ensemble de l\u2019organisme, pour \u00e9loigner les agents pathog\u00e8nes.<br \/>\nLe syst\u00e8me immunitaire est le syst\u00e8me de d\u00e9fense du corps humain contre tous les agents pathog\u00e8nes (microorganismes tels que virus, bact\u00e9ries, parasites) et les substances \u00e9trang\u00e8res avec lesquelles les humains entrent en contact pour prot\u00e9ger votre sant\u00e9.<\/p>\n<p><img loading=\"lazy\" decoding=\"async\" class=\"alignright size-medium wp-image-1044\" src=\"https:\/\/www.4-your-life.de\/wp-content\/uploads\/2018\/03\/Bild-Mensch-in-Abwehr-grau-300x300.jpg\" alt=\"\" width=\"300\" height=\"300\" srcset=\"https:\/\/www.4-your-life.de\/wp-content\/uploads\/2018\/03\/Bild-Mensch-in-Abwehr-grau-300x300.jpg 300w, https:\/\/www.4-your-life.de\/wp-content\/uploads\/2018\/03\/Bild-Mensch-in-Abwehr-grau-150x150.jpg 150w, https:\/\/www.4-your-life.de\/wp-content\/uploads\/2018\/03\/Bild-Mensch-in-Abwehr-grau-768x768.jpg 768w, https:\/\/www.4-your-life.de\/wp-content\/uploads\/2018\/03\/Bild-Mensch-in-Abwehr-grau-1024x1024.jpg 1024w\" sizes=\"(max-width: 300px) 100vw, 300px\" \/>Le syst\u00e8me immunitaire humain est compos\u00e9 de plusieurs composants. Une distinction est faite entre une partie cellulaire et une partie humorale.<\/p>\n<p>Le syst\u00e8me immunitaire cellulaire se compose de cellules immunitaires sp\u00e9cialis\u00e9es, qui sont soit mobiles (par exemple dans le sang), soit pr\u00e9sentes localement dans les diff\u00e9rents tissus. Il s\u2019agit notamment des granulocytes, des macrophages, des cellules dendritiques, des cellules tueuses naturelles, des lymphocytes T (cellules auxiliaires T, cellules T r\u00e9gulatrices, cellules T cytotoxiques) et des lymphocytes B.<\/p>\n<p>Le syst\u00e8me immunitaire humoral est la partie du syst\u00e8me immunitaire qui n\u2019est pas bas\u00e9e sur les cellules mais sur les prot\u00e9ines plasmatiques. Il s\u2019agit notamment des anticorps, des facteurs de compl\u00e9ment et des interleukines.[\/vc_column_text][vc_column_text][\/vc_column_text][vc_column_text]<\/p>\n<h3>Les cellules qui vous maintiennent en bonne sant\u00e9<\/h3>\n<p>T\u00e2che de la<\/p>\n<p>B-loymphocytes est de d\u00e9vorer les envahisseurs, d\u00e9truire les cellules infect\u00e9es avant que le virus ait une chance de se multiplier et de commencer l&#8217;attaque du syst\u00e8me immunitaire.<\/p>\n<p>Le lymphocyte T est de coordonner l&#8217;attaque du syst\u00e8me immunitaire en recrutant et en activant d&#8217;autres cellules du syst\u00e8me immunitaire. Marquer les envahisseurs avec des anticorps pour que les autres cellules du syst\u00e8me immunitaire sachent qu&#8217;elles les d\u00e9truisent.<\/p>\n<p>Le macrophage est de d\u00e9vorer les envahisseurs ou de lib\u00e9rer des produits chimiques toxiques qui tuent les envahisseurs.<\/p>\n<p>Les cellules T-helper est de rendre les r\u00e9ponses immunitaires plus rapides la prochaine fois que le prochain intrus arrive.<\/p>\n<p>Le travail du syst\u00e8me immunitaire est toujours associ\u00e9 \u00e0 un processus de purification qui peut \u00eatre bien illustr\u00e9 par l&#8217;exemple d&#8217;une infection :<br \/>\nUne infection est une perturbation de l&#8217;organisme par l&#8217;invasion d&#8217;agents pathog\u00e8nes qui se multiplient dans l&#8217;organisme. Le meilleur terrain de reproduction pour de tels pathog\u00e8nes est le laitier des cellules mortes. Il s&#8217;ensuit que le syst\u00e8me immunitaire peut \u00eatre efficacement soutenu par des &#8220;soins&#8221; appropri\u00e9s :<\/p>\n<p>a) En \u00e9vitant les d\u00e9chets gr\u00e2ce \u00e0 une alimentation saine<\/p>\n<p>b) En nettoyant le corps de mani\u00e8re cibl\u00e9e, en acc\u00e9l\u00e9rant le flux lymphatique et en activant le m\u00e9tabolisme.<\/p>\n<p>Le syst\u00e8me immunitaire est une symbiose de nombreux organes. Ici nous regardons seulement 2 autres organes importants de notre corps :[\/vc_column_text][vc_column_text]<strong>1.) Le foie<\/strong><\/p>\n<p>Le foie\u00a0 est l&#8217;organe central et avec plus de 500 fonctions m\u00e9taboliques importantes extr\u00eamement \u00e9tendu. Elle d\u00e9compose principalement les nutriments qui lui sont fournis par l&#8217;intestin et joue ainsi un r\u00f4le cl\u00e9 dans le m\u00e9tabolisme des glucides, des lipides et des prot\u00e9ines. Les t\u00e2ches les plus importantes sont la production de prot\u00e9ines vitales (p. ex. facteurs de coagulation), l&#8217;utilisation de composants alimentaires (p. ex. stockage du glycog\u00e8ne et des vitamines), la production de bile et la d\u00e9gradation et l&#8217;excr\u00e9tion associ\u00e9es de produits m\u00e9taboliques, de m\u00e9dicaments et de toxines (voir Circulation ent\u00e9roh\u00e9patique). Il agit \u00e9galement comme une station d&#8217;\u00e9puration des eaux us\u00e9es en absorbant les toxines du sang et en les transformant en d\u00e9chets. Les nutriments qui sont absorb\u00e9s dans le sang \u00e0 partir de l&#8217;intestin atteignent le foie par la veine porte (vena portae) et sont ensuite lib\u00e9r\u00e9s dans le sang ou enlev\u00e9s du sang au besoin. Il se compose d&#8217;un lobe h\u00e9patique gauche et d&#8217;un lobe h\u00e9patique droit.<\/p>\n<p>Chez l&#8217;homme, le foie est situ\u00e9 dans la partie sup\u00e9rieure droite de l&#8217;abdomen, directement sous le diaphragme et d\u00e9passe avec le lobe gauche \u00e0 la moiti\u00e9 gauche de l&#8217;abdomen sup\u00e9rieur et est la plus grande glande de notre corps avec une moyenne de 1,5 kg.[\/vc_column_text][vc_column_text]Parce que notre corps absorbe de nombreuses toxines chaque jour, que ce soit par la circulation sanguine, la peau ou les voies respiratoires, elles sont tout simplement surcharg\u00e9es lorsque trop de stress est caus\u00e9 par les toxines qui entrent dans le corps ou par le stress. Ces toxines ont un effet imm\u00e9diat sur tout l&#8217;organisme, bloquent les processus m\u00e9taboliques, causent des dysfonctionnements et des maladies du foie, elles sont souvent fatigu\u00e9es, vous avez un exc\u00e8s de graisse dont vous ne pouvez tout simplement pas vous d\u00e9barrasser, elles sont souvent douloureuses, ont des probl\u00e8mes de peau et une mauvaise digestion et donc un syst\u00e8me immunitaire faible.<br \/>\nLe foie est notre organe le plus important et vital (d\u00e9toxifiant) qui d\u00e9toxifie et nettoie notre corps jour apr\u00e8s jour, sans vacances. Le foie ne peut pas se reposer, de sorte que l&#8217;organe travaille avec beaucoup de gens seulement laborieusement et tendus. Fatigue, maux de dos, taux de cholest\u00e9rol \u00e9lev\u00e9, sensation de sati\u00e9t\u00e9, sensibilit\u00e9 accrue aux infections et parfois aussi d\u00e9mangeaisons de la peau sont les cons\u00e9quences d&#8217;une surcharge h\u00e9patique.<br \/>\nLe foie est un organe fonctionnel et multifonctionnel et ses t\u00e2ches sont extr\u00eamement vari\u00e9es. Par exemple, le foie convertit le cholest\u00e9rol en acides biliaires pour la digestion des graisses. La digestion des graisses et donc aussi l&#8217;absorption des vitamines liposolubles ne sont donc possibles que si le foie fonctionne correctement.<br \/>\nLe foie est m\u00eame le principal centre de contr\u00f4le de la digestion des graisses. Cela signifie que le foie ne fournit pas seulement les acides biliaires pour la digestion des graisses, mais qu&#8217;il d\u00e9cide ensuite si les graisses sont br\u00fbl\u00e9es pour l&#8217;\u00e9nergie ou stock\u00e9es sous forme de coussins de bacon. Le foie peut donc aussi contr\u00f4ler si nous prenons ou perdons du poids.<br \/>\nLa t\u00e2che ininterrompue du foie est maintenant de filtrer toutes les toxines du sang et de les rendre inoffensives. Ce n&#8217;est qu&#8217;alors que les toxines neutralis\u00e9es peuvent \u00eatre excr\u00e9t\u00e9es par les reins ou les intestins. Tant que le foie est efficace, on a l&#8217;impression<\/p>\n<p>Par cons\u00e9quent, nous ne pouvons que vous conseiller de faire un nettoyage du foie et ainsi favoriser votre foie et votre bien-\u00eatre g\u00e9n\u00e9ral.[\/vc_column_text][vc_column_text]<\/p>\n<h3>Avantages du foie<\/h3>\n<p>Le foie est \u00e9troitement impliqu\u00e9 dans le contr\u00f4le du m\u00e9tabolisme du glucose, des graisses et des prot\u00e9ines. Le glucose est absorb\u00e9 par le sang intestinal et transmis au reste du corps de fa\u00e7on contr\u00f4l\u00e9e. Tout exc\u00e8s est stock\u00e9 sous forme de glycog\u00e8ne. Lorsque de l&#8217;\u00e9nergie est n\u00e9cessaire, le mat\u00e9riau de stockage est converti en glucose. Le foie &#8211; contr\u00f4l\u00e9 par des hormones comme l&#8217;insuline et le glucagon &#8211; influence le taux de glyc\u00e9mie et peut le maintenir constant, ind\u00e9pendamment de l&#8217;apport alimentaire. L&#8217;insuline provoque la conversion du sucre en glycog\u00e8ne dans le foie et inhibe la d\u00e9gradation des graisses. L&#8217;hormone glucagon stimule \u00e0 son tour le foie \u00e0 d\u00e9composer le glycog\u00e8ne et agit donc comme un antagoniste de l&#8217;insuline.[\/vc_column_text][vc_column_text]<strong>Services de synth\u00e8se :<\/strong><\/p>\n<p>Glucon\u00e9ogen\u00e8se (nouvelle formation de glucose) \u00e0 partir, par exemple, de glyc\u00e9rine, de lactate\/pyruvate et de certains acides amin\u00e9s.<br \/>\nsynth\u00e8se du corps c\u00e9tonique<br \/>\nSynth\u00e8se du cholest\u00e9rol et des acides biliaires qui en d\u00e9rivent<br \/>\nSynth\u00e8se d&#8217;acides gras<br \/>\nSynth\u00e8se de prot\u00e9ines sanguines telles que<br \/>\nalbumine<br \/>\nGlobulines (sauf Gamma)<br \/>\nfacteurs de coagulation<br \/>\nprot\u00e9ines en phase aigu\u00eb[\/vc_column_text][vc_column_text]<strong>Entreposage de<\/strong><\/p>\n<p>Glucose sous forme de glycog\u00e8ne<br \/>\nGras sous forme de lipoprot\u00e9ines<br \/>\ncertaines vitamines<br \/>\nde sang<br \/>\nformation de bile[\/vc_column_text][vc_column_text]La <strong>d\u00e9gradation<\/strong> et la <strong>d\u00e9toxification<\/strong> &#8211; en particulier les enzymes d\u00e9pendantes du cytochrome P450 &#8211; du :<\/p>\n<p>\u00e9rythrocytes endommag\u00e9s et anciens par les cellules de Kupffer (macrophages h\u00e9patiques sp\u00e9cifiques)<br \/>\nBilirubine (produit de d\u00e9gradation de l&#8217;h\u00e9moglobine)<br \/>\nDe l&#8217;ammoniac \u00e0 l&#8217;ur\u00e9e<br \/>\nhormones st\u00e9ro\u00efdiennes<br \/>\nM\u00e9dicaments\/toxines<br \/>\nFormation de sang chez le f\u0153tus jusqu&#8217;au 7e mois de grossesse (p\u00e9riode h\u00e9pato-li\u00e9nale)<br \/>\nla r\u00e9gulation du m\u00e9tabolisme des vitamines et oligo-\u00e9l\u00e9ments[\/vc_column_text][vc_column_text]Compar\u00e9 \u00e0 d&#8217;autres organes du corps, le foie a une capacit\u00e9 de r\u00e9g\u00e9n\u00e9ration relativement prononc\u00e9e. Si une partie meurt, si le foie est bless\u00e9 ou autrement endommag\u00e9, le tissu affect\u00e9 peut \u00eatre r\u00e9g\u00e9n\u00e9r\u00e9. Une condition pr\u00e9alable \u00e0 une nouvelle formation est que la cause de la l\u00e9sion ait \u00e9t\u00e9 \u00e9limin\u00e9e, que moins de cinquante pour cent de la masse fonctionnelle de l&#8217;organe ait \u00e9t\u00e9 endommag\u00e9e et que le foie ait pu maintenir sa capacit\u00e9 \u00e0 se r\u00e9g\u00e9n\u00e9rer pendant la blessure. Cette propri\u00e9t\u00e9 est souvent exploit\u00e9e dans les greffes de foie. Il n&#8217;y a pas de cicatrices, comme c&#8217;est le cas pour les l\u00e9sions cutan\u00e9es.<\/p>\n<p>La capacit\u00e9 du foie \u00e0 se r\u00e9g\u00e9n\u00e9rer se refl\u00e8te d\u00e9j\u00e0 dans la mythologie grecque : dans la l\u00e9gende de Prom\u00e9th\u00e9e, le foie est forg\u00e9 en pierre pour punir le fait de remettre le feu aux humains. Chaque jour, un aigle d\u00e9coupe une partie de son foie, qui repousse jusqu&#8217;au lendemain.[\/vc_column_text][vc_column_text]<strong>2.) L&#8217;intestin<\/strong><\/p>\n<p>L&#8217;intestin (latin Intestinum, grec. \u1f14\u03bd\u03c4\u03b5\u03c1\u03bf\u03bd, ent\u00e9ron ; aussi appel\u00e9 intestin) est la partie la plus importante du tube digestif des animaux multicellulaires sup\u00e9rieurs, y compris les humains. Elle s&#8217;\u00e9tend du pilier \u00e0 l&#8217;anus, avec l&#8217;estomac, l&#8217;\u0153sophage et la cavit\u00e9 buccale en avant. L&#8217;intestin d&#8217;un humain adulte est d&#8217;environ 5\u00bd \u00e0 7\u00bd m\u00e8tres de long et a une surface d&#8217;environ 32 m\u00b2 en raison des villosit\u00e9s intestinales fines. L&#8217;ensemble des micro-organismes de l&#8217;intestin est la flore intestinale.[\/vc_column_text][vc_column_text]De plus, environ 80 pour cent de toutes les cellules de d\u00e9fense se trouvent dans le tractus intestinal. En outre, les cellules immunitaires du tractus intestinal fournissent des impulsions importantes pour l&#8217;ensemble du syst\u00e8me immunitaire. Un entra\u00eenement immunitaire constant et n\u00e9cessaire a lieu par l&#8217;interm\u00e9diaire de l&#8217;intestin.<br \/>\nNotre muqueuse intestinale a le contact le plus intense avec notre monde ext\u00e9rieur &#8211; sous forme d&#8217;aliments avec ses nombreux ingr\u00e9dients, bact\u00e9ries, champignons, virus et autres agents pathog\u00e8nes ; m\u00eame le stress psychologique a un effet sur la situation immunitaire de l&#8217;intestin. C&#8217;est pourquoi il est important de prot\u00e9ger cet organe au moyen d&#8217;un r\u00e9seau immunologique particuli\u00e8rement dense. C&#8217;est pourquoi il existe des accumulations massives de ganglions lymphatiques, qui se forment \u00e0 partir de nombreux follicules lymphatiques &#8211; aussi appel\u00e9s plaques de Peyer. 80% de notre syst\u00e8me immunitaire est situ\u00e9 dans l&#8217;intestin !<\/p>\n<p>Si notre corps ne peut plus remplir pleinement sa fonction en raison d&#8217;une alimentation d\u00e9s\u00e9quilibr\u00e9e due au mucus ou \u00e0 des dommages, il ne peut plus remplir ses t\u00e2ches principales, ce qui peut \u00e0 son tour avoir de graves cons\u00e9quences sur la sant\u00e9 &#8211; \u00e0 commencer par la peau impure, la diarrh\u00e9e et la constipation, etc. jusqu&#8217;aux maladies d\u00e9g\u00e9n\u00e9ratives et la mort.<\/p>\n<p>Soutenez votre syst\u00e8me immunitaire avec un nettoyage intestinal<br \/>\nLe nettoyage de l&#8217;intestin est l&#8217;une des t\u00e2ches de base et les plus vitales que chacun doit effectuer r\u00e9guli\u00e8rement, car un nettoyage correct de l&#8217;intestin donne pour la premi\u00e8re fois au corps une chance de se lib\u00e9rer du vieux mucus et des d\u00e9bris, dont il ne peut se lib\u00e9rer sans aide ext\u00e9rieure ! Le nettoyage intestinal soutient le syst\u00e8me immunitaire et renforce le syst\u00e8me immunitaire.[\/vc_column_text][vc_column_text]Heureusement, vous pouvez renforcer votre corps avec un suppl\u00e9ment nutritionnel de haute qualit\u00e9 qui enrichit votre syst\u00e8me immunitaire et vous aide \u00e0 mener une vie active et vitale. Assurez-vous que votre corps est en bonne forme physique pour lutter pour vous donner un avenir en sant\u00e9.<\/p>\n<h6 style=\"text-align: right;\">(Source : en partie d&#8217;apr\u00e8s Wikipedia)<\/h6>\n<p>&nbsp;<\/p>\n<p>[\/vc_column_text][\/vc_column][\/vc_row]<\/p>\n<\/div>","protected":false},"excerpt":{"rendered":"<p>[vc_row full_width=&#8221;0&#8243; full_height=&#8221;0&#8243; row_padding=&#8221;no_top_padding&#8221; particles=&#8221;0&#8243;][vc_column][vc_column_text] Le syst\u00e8me immunitaire (latin immunis, allemand\u2019intact, libre, pur) est le syst\u00e8me de d\u00e9fense biologique des organismes sup\u00e9rieurs qui pr\u00e9vient les dommages tissulaires caus\u00e9s par les [&hellip;]<\/p>\n","protected":false},"author":1,"featured_media":611,"parent":0,"menu_order":0,"comment_status":"closed","ping_status":"closed","template":"","meta":{"footnotes":""},"translation":{"provider":"WPGlobus","version":"2.12.2","language":"fr","enabled_languages":["de","es","en","fr","ru","tr","zh"],"languages":{"de":{"title":true,"content":true,"excerpt":false},"es":{"title":false,"content":true,"excerpt":false},"en":{"title":true,"content":true,"excerpt":false},"fr":{"title":true,"content":true,"excerpt":false},"ru":{"title":true,"content":true,"excerpt":false},"tr":{"title":true,"content":true,"excerpt":false},"zh":{"title":false,"content":true,"excerpt":false}}},"aioseo_notices":[],"_links":{"self":[{"href":"https:\/\/www.4-your-life.de\/fr\/wp-json\/wp\/v2\/pages\/109"}],"collection":[{"href":"https:\/\/www.4-your-life.de\/fr\/wp-json\/wp\/v2\/pages"}],"about":[{"href":"https:\/\/www.4-your-life.de\/fr\/wp-json\/wp\/v2\/types\/page"}],"author":[{"embeddable":true,"href":"https:\/\/www.4-your-life.de\/fr\/wp-json\/wp\/v2\/users\/1"}],"replies":[{"embeddable":true,"href":"https:\/\/www.4-your-life.de\/fr\/wp-json\/wp\/v2\/comments?post=109"}],"version-history":[{"count":167,"href":"https:\/\/www.4-your-life.de\/fr\/wp-json\/wp\/v2\/pages\/109\/revisions"}],"predecessor-version":[{"id":4082,"href":"https:\/\/www.4-your-life.de\/fr\/wp-json\/wp\/v2\/pages\/109\/revisions\/4082"}],"wp:featuredmedia":[{"embeddable":true,"href":"https:\/\/www.4-your-life.de\/fr\/wp-json\/wp\/v2\/media\/611"}],"wp:attachment":[{"href":"https:\/\/www.4-your-life.de\/fr\/wp-json\/wp\/v2\/media?parent=109"}],"curies":[{"name":"wp","href":"https:\/\/api.w.org\/{rel}","templated":true}]}}