{"id":753,"date":"2018-03-26T17:50:46","date_gmt":"2018-03-26T15:50:46","guid":{"rendered":"http:\/\/www.4-your-life.de\/?page_id=753"},"modified":"2020-10-14T09:19:26","modified_gmt":"2020-10-14T07:19:26","slug":"impressum","status":"publish","type":"page","link":"https:\/\/www.4-your-life.de\/es\/impressum\/","title":{"rendered":"Pie de imprenta"},"content":{"rendered":"<div class=\"wpb-content-wrapper\"><p>[vc_row][vc_column][vc_column_text]El proveedor de servicios de estas p\u00e1ginas es<\/p>\n<p>Elisabeth D\u00f6rr<br \/>\nMarienstr. 8<br \/>\n76646 Bruchsal-Obergrombach<br \/>\nTel\u00e9fono: +49 7257 6757<br \/>\nCorreo electr\u00f3nico: info@4-your-life.de<\/p>\n<p>Cr\u00e9ditos fotogr\u00e1ficos de las im\u00e1genes y gr\u00e1ficos utilizados: de.fotolia.com; stock.adobe.com; 4Life.com[\/vc_column_text][\/vc_column][\/vc_row]<\/p>\n<\/div>","protected":false},"excerpt":{"rendered":"<p>[vc_row][vc_column][vc_column_text]El proveedor de servicios de estas p\u00e1ginas es Elisabeth D\u00f6rr Marienstr. 8 76646 Bruchsal-Obergrombach Tel\u00e9fono: +49 7257 6757 Correo electr\u00f3nico: info@4-your-life.de Cr\u00e9ditos fotogr\u00e1ficos de las im\u00e1genes y gr\u00e1ficos utilizados: de.fotolia.com; [&hellip;]<\/p>\n","protected":false},"author":1,"featured_media":758,"parent":0,"menu_order":0,"comment_status":"closed","ping_status":"closed","template":"","meta":{"footnotes":""},"translation":{"provider":"WPGlobus","version":"2.12.2","language":"es","enabled_languages":["de","es","en","fr","ru","tr","zh"],"languages":{"de":{"title":true,"content":true,"excerpt":false},"es":{"title":true,"content":true,"excerpt":false},"en":{"title":true,"content":true,"excerpt":false},"fr":{"title":true,"content":true,"excerpt":false},"ru":{"title":true,"content":false,"excerpt":false},"tr":{"title":false,"content":false,"excerpt":false},"zh":{"title":false,"content":false,"excerpt":false}}},"aioseo_notices":[],"_links":{"self":[{"href":"https:\/\/www.4-your-life.de\/es\/wp-json\/wp\/v2\/pages\/753"}],"collection":[{"href":"https:\/\/www.4-your-life.de\/es\/wp-json\/wp\/v2\/pages"}],"about":[{"href":"https:\/\/www.4-your-life.de\/es\/wp-json\/wp\/v2\/types\/page"}],"author":[{"embeddable":true,"href":"https:\/\/www.4-your-life.de\/es\/wp-json\/wp\/v2\/users\/1"}],"replies":[{"embeddable":true,"href":"https:\/\/www.4-your-life.de\/es\/wp-json\/wp\/v2\/comments?post=753"}],"version-history":[{"count":26,"href":"https:\/\/www.4-your-life.de\/es\/wp-json\/wp\/v2\/pages\/753\/revisions"}],"predecessor-version":[{"id":4197,"href":"https:\/\/www.4-your-life.de\/es\/wp-json\/wp\/v2\/pages\/753\/revisions\/4197"}],"wp:featuredmedia":[{"embeddable":true,"href":"https:\/\/www.4-your-life.de\/es\/wp-json\/wp\/v2\/media\/758"}],"wp:attachment":[{"href":"https:\/\/www.4-your-life.de\/es\/wp-json\/wp\/v2\/media?parent=753"}],"curies":[{"name":"wp","href":"https:\/\/api.w.org\/{rel}","templated":true}]}}