{"id":627,"date":"2018-03-25T16:38:42","date_gmt":"2018-03-25T14:38:42","guid":{"rendered":"http:\/\/www.4-your-life.de\/?page_id=627"},"modified":"2019-02-23T20:21:13","modified_gmt":"2019-02-23T19:21:13","slug":"die-geschichte-des-transfer-factor","status":"publish","type":"page","link":"https:\/\/www.4-your-life.de\/es\/info-zentrum\/grundlegende-informationen\/die-geschichte-des-transfer-factor\/","title":{"rendered":"Historia del Transfer Factor"},"content":{"rendered":"<div class=\"wpb-content-wrapper\"><p>[vc_row][vc_column][vc_column_text]<\/p>\n<h3>Una nueva dimensi\u00f3n para su bienestar!<\/h3>\n<p><strong>El secreto del Transfer Factor<\/strong><\/p>\n<p>Si nunca ha o\u00eddo hablar de los factores de transferencia, no est\u00e1 solo.<\/p>\n<p>Al explorar una oscura referencia a una patente poco conocida, David Lisonbee reconoci\u00f3 algo que los expertos en nutrici\u00f3n e investigadores hab\u00edan pasado por alto.<br \/>\nAunque estos expertos combinaron el mundo de las fuentes de nutrientes ex\u00f3ticos para apoyarlos, los nutrientes eran s\u00f3lo una parte de lo que se necesitaba.<br \/>\nLos factores de transferencia son la manera en que la naturaleza transfiere informaci\u00f3n sobre la primera leche de la madre al ni\u00f1o (por ejemplo, calostro de vaca).<br \/>\nEl factor de transferencia puede transmitirse entre especies. Este<br \/>\nsignifica que nuestro cuerpo puede beneficiarse significativamente de factores de transferencia derivados de animales como vacas y pollos.<\/p>\n<p>Transfer Factor fue descubierto por primera vez en 1949 por el Dr. Sherwood Lawrence, un inmun\u00f3logo l\u00edder de la Universidad de Nueva York (NYU). Los innovadores cofundadores de 4Life, David y Bianca Lisonbee, licenciaron el \u00fanico<br \/>\nLa patente de Transfer Factor existente en ese entonces y los derechos de fabricaci\u00f3n exclusivos de 4Life garantizados, hacen que Transfer Factor sea accesible y asequible.<\/p>\n<p>La historia del Transfer Factor:<\/p>\n<p>1949 Sherwood Lawrence descubre Transfer Factor<br \/>\n1989 Transfer Factor, la mol\u00e9cula de calostro est\u00e1 patentada<br \/>\n1998 4Life Research comercializa el factor de transferencia patentado<br \/>\n2004 4Life Research recibe una nueva patente para el Factor de Transferencia de la yema de huevo<br \/>\n2005 4Life Research est\u00e1 por delante de otras compa\u00f1\u00edas con el factor de transferencia de l\u00edquidos Riovida<br \/>\n2007 4Life Research desarrolla la F\u00f3rmula Tri Factor<br \/>\n4Life est\u00e1 protegido por una patente al inicio de su lanzamiento al mercado[\/vc_column_text][\/vc_column][\/vc_row]<\/p>\n<\/div>","protected":false},"excerpt":{"rendered":"<p>[vc_row][vc_column][vc_column_text] Una nueva dimensi\u00f3n para su bienestar! El secreto del Transfer Factor Si nunca ha o\u00eddo hablar de los factores de transferencia, no est\u00e1 solo. Al explorar una oscura referencia [&hellip;]<\/p>\n","protected":false},"author":1,"featured_media":0,"parent":957,"menu_order":0,"comment_status":"closed","ping_status":"closed","template":"","meta":{"footnotes":""},"translation":{"provider":"WPGlobus","version":"2.12.2","language":"es","enabled_languages":["de","es","en","fr","ru","tr","zh"],"languages":{"de":{"title":true,"content":true,"excerpt":false},"es":{"title":true,"content":true,"excerpt":false},"en":{"title":true,"content":true,"excerpt":false},"fr":{"title":true,"content":true,"excerpt":false},"ru":{"title":true,"content":true,"excerpt":false},"tr":{"title":true,"content":true,"excerpt":false},"zh":{"title":false,"content":false,"excerpt":false}}},"aioseo_notices":[],"_links":{"self":[{"href":"https:\/\/www.4-your-life.de\/es\/wp-json\/wp\/v2\/pages\/627"}],"collection":[{"href":"https:\/\/www.4-your-life.de\/es\/wp-json\/wp\/v2\/pages"}],"about":[{"href":"https:\/\/www.4-your-life.de\/es\/wp-json\/wp\/v2\/types\/page"}],"author":[{"embeddable":true,"href":"https:\/\/www.4-your-life.de\/es\/wp-json\/wp\/v2\/users\/1"}],"replies":[{"embeddable":true,"href":"https:\/\/www.4-your-life.de\/es\/wp-json\/wp\/v2\/comments?post=627"}],"version-history":[{"count":12,"href":"https:\/\/www.4-your-life.de\/es\/wp-json\/wp\/v2\/pages\/627\/revisions"}],"predecessor-version":[{"id":3220,"href":"https:\/\/www.4-your-life.de\/es\/wp-json\/wp\/v2\/pages\/627\/revisions\/3220"}],"up":[{"embeddable":true,"href":"https:\/\/www.4-your-life.de\/es\/wp-json\/wp\/v2\/pages\/957"}],"wp:attachment":[{"href":"https:\/\/www.4-your-life.de\/es\/wp-json\/wp\/v2\/media?parent=627"}],"curies":[{"name":"wp","href":"https:\/\/api.w.org\/{rel}","templated":true}]}}