{"id":580,"date":"2018-03-24T21:49:39","date_gmt":"2018-03-24T20:49:39","guid":{"rendered":"http:\/\/www.4-your-life.de\/?page_id=580"},"modified":"2020-03-03T13:45:58","modified_gmt":"2020-03-03T12:45:58","slug":"die-entdeckung","status":"publish","type":"page","link":"https:\/\/www.4-your-life.de\/es\/die-entdeckung\/","title":{"rendered":"El descubrimiento de los factores de transferencia (TF)"},"content":{"rendered":"<div class=\"wpb-content-wrapper\"><p>[vc_row full_width=&#8221;0&#8243; full_height=&#8221;0&#8243; row_padding=&#8221;no_padding&#8221; particles=&#8221;0&#8243;][vc_column][vc_column_text]A mediados del siglo pasado, el Dr. Sherwood Larence (inmun\u00f3logo de Nueva York) descubri\u00f3 diminutas mol\u00e9culas en leucocitos humanos que eran capaces de transmitir una respuesta inmune a un humano no infectado. Desde entonces, los factores de transferencia que llevan el nombre de Larence han sido objeto de investigaciones cient\u00edficas en todo el mundo y, desde 1969, el TF se ha utilizado en terapia. Ahora se sabe que el componente inmunol\u00f3gicamente activo en el FT est\u00e1 localizado en los linfocitos T y tiene un efecto inmunol\u00f3gico definido e inespec\u00edfico en los seres humanos debido a su efecto estimulante sobre el sistema inmunitario mediado por c\u00e9lulas. El TF tiene un efecto particular sobre el equilibrio inmunol\u00f3gico de las subunidades T-helper (los linfocitos TH1 y TH2) y sobre la actividad de las c\u00e9lulas asesinas naturales (c\u00e9lulas NK).<br \/>\nLa extracci\u00f3n de TF de la sangre humana es muy costosa, y desde 1999 el TF ha sido extra\u00eddo del calostro bovino y la yema de huevo. Desde entonces, se ha adquirido una amplia experiencia cl\u00ednica y se han realizado miles de estudios cient\u00edficos. El estudio m\u00e1s grande fue realizado por el Instituto M\u00e9dico de Mosc\u00fa y llega a la misma conclusi\u00f3n que los estudios independientes de los institutos estadounidenses.<\/p>\n<p>El modo de acci\u00f3n inmunol\u00f3gico de los factores de transferencia en detalle:<\/p>\n<p>Efecto estimulante sobre las c\u00e9lulas madre linfopoy\u00e9ticas<br \/>\nEfecto estimulante sobre monocitos y granulocitos,<br \/>\nestimulaci\u00f3n de la actividad fagocitosis<br \/>\nEfecto estimulante sobre las c\u00e9lulas CD4 y CD8.<br \/>\nregulaci\u00f3n del equilibrio de las c\u00e9lulas TH1 y TH2<br \/>\nActivaci\u00f3n de las c\u00e9lulas NK<\/p>\n<p>Al tomar factores de transferencia, la respuesta inmune de las c\u00e9lulas asesinas naturales se incrementa muchas veces.[\/vc_column_text][\/vc_column][\/vc_row]<\/p>\n<\/div>","protected":false},"excerpt":{"rendered":"<p>[vc_row full_width=&#8221;0&#8243; full_height=&#8221;0&#8243; row_padding=&#8221;no_padding&#8221; particles=&#8221;0&#8243;][vc_column][vc_column_text]A mediados del siglo pasado, el Dr. Sherwood Larence (inmun\u00f3logo de Nueva York) descubri\u00f3 diminutas mol\u00e9culas en leucocitos humanos que eran capaces de transmitir una respuesta [&hellip;]<\/p>\n","protected":false},"author":1,"featured_media":0,"parent":0,"menu_order":2,"comment_status":"closed","ping_status":"closed","template":"","meta":{"footnotes":""},"translation":{"provider":"WPGlobus","version":"2.12.2","language":"es","enabled_languages":["de","es","en","fr","ru","tr","zh"],"languages":{"de":{"title":true,"content":true,"excerpt":false},"es":{"title":true,"content":true,"excerpt":false},"en":{"title":true,"content":true,"excerpt":false},"fr":{"title":true,"content":true,"excerpt":false},"ru":{"title":true,"content":true,"excerpt":false},"tr":{"title":true,"content":true,"excerpt":false},"zh":{"title":true,"content":true,"excerpt":false}}},"aioseo_notices":[],"_links":{"self":[{"href":"https:\/\/www.4-your-life.de\/es\/wp-json\/wp\/v2\/pages\/580"}],"collection":[{"href":"https:\/\/www.4-your-life.de\/es\/wp-json\/wp\/v2\/pages"}],"about":[{"href":"https:\/\/www.4-your-life.de\/es\/wp-json\/wp\/v2\/types\/page"}],"author":[{"embeddable":true,"href":"https:\/\/www.4-your-life.de\/es\/wp-json\/wp\/v2\/users\/1"}],"replies":[{"embeddable":true,"href":"https:\/\/www.4-your-life.de\/es\/wp-json\/wp\/v2\/comments?post=580"}],"version-history":[{"count":39,"href":"https:\/\/www.4-your-life.de\/es\/wp-json\/wp\/v2\/pages\/580\/revisions"}],"predecessor-version":[{"id":4100,"href":"https:\/\/www.4-your-life.de\/es\/wp-json\/wp\/v2\/pages\/580\/revisions\/4100"}],"wp:attachment":[{"href":"https:\/\/www.4-your-life.de\/es\/wp-json\/wp\/v2\/media?parent=580"}],"curies":[{"name":"wp","href":"https:\/\/api.w.org\/{rel}","templated":true}]}}