{"id":578,"date":"2018-03-24T21:44:01","date_gmt":"2018-03-24T20:44:01","guid":{"rendered":"http:\/\/www.4-your-life.de\/?page_id=578"},"modified":"2019-07-30T11:53:29","modified_gmt":"2019-07-30T09:53:29","slug":"wie-helfe-ich-meinem-immunsystem","status":"publish","type":"page","link":"https:\/\/www.4-your-life.de\/es\/wie-helfe-ich-meinem-immunsystem\/","title":{"rendered":"\u00bfC\u00f3mo puedo ayudar a mi sistema inmunol\u00f3gico?"},"content":{"rendered":"<div class=\"wpb-content-wrapper\"><p>[vc_row full_width=&#8221;0&#8243; full_height=&#8221;0&#8243; row_padding=&#8221;no_padding&#8221; particles=&#8221;0&#8243;][vc_column][vc_column_text]Nuestra forma de vida hoy en d\u00eda con demasiado estr\u00e9s, estr\u00e9s psicol\u00f3gico, falta de sue\u00f1o, toxinas ambientales, contaminaci\u00f3n el\u00e9ctrica, mala alimentaci\u00f3n y nutrici\u00f3n, as\u00ed como la falta de nutrientes, debilita nuestro sistema inmunol\u00f3gico cr\u00f3nicamente y se caracteriza en su mayor\u00eda por enfermedades de desarrollo lento y duradero.<\/p>\n<p>En \u00faltima instancia, la carga de estos factores es enorme y, por lo tanto, deber\u00edamos trabajar en todos los factores y esforzarnos por conseguir mejoras en el sentido de la profilaxis.<\/p>\n<p>La influencia que tiene un cuerpo contaminado con contaminantes sobre su salud, su nivel de energ\u00eda y un posible sobrepeso es aterradora.<\/p>\n<p>Debido a que nuestros cuerpos absorben muchas toxinas cada d\u00eda (ya sea a trav\u00e9s del medio ambiente o los alimentos) y tambi\u00e9n nuestro h\u00edgado en particular se almacena con estas sustancias desagradables.<\/p>\n<p>Estas toxinas bloquean los procesos metab\u00f3licos, causan trastornos funcionales y enfermedades hep\u00e1ticas, a menudo se sienten cansados, tienen exceso de grasa de la que simplemente no pueden deshacerse, a menudo est\u00e1n enfermos, tienen problemas de piel as\u00ed como una mala digesti\u00f3n y, en consecuencia, un sistema inmunol\u00f3gico debilitado.<\/p>\n<p>Sin embargo, los efectos de las toxinas en nuestros cuerpos pueden ser a\u00fan m\u00e1s graves. Abarcan desde infecciones recurrentes, enfermedades intestinales y problemas de la piel hasta enfermedades cr\u00f3nicas que ponen en peligro la vida y problemas card\u00edacos agudos.<\/p>\n<p>Sin embargo, dado que nuestro cuerpo y especialmente nuestro sistema inmunol\u00f3gico ya no est\u00e1n acostumbrados a defenderse sin ayuda externa, tenemos que proporcionar apoyo aqu\u00ed.<\/p>\n<p>Con nuestra leche materna hemos succionado esta ayuda para construir este fant\u00e1stico sistema inmunol\u00f3gico como un beb\u00e9 peque\u00f1o.<br \/>\nPero esto se ha perdido en el curso de la evoluci\u00f3n y debemos realinearnos y fortalecernos de nuevo.<\/p>\n<p>Sin embargo, tambi\u00e9n es particularmente importante limpiar nuestros \u00f3rganos m\u00e1s importantes (h\u00edgado e intestinos) en el cuerpo.<\/p>\n<p>&nbsp;<\/p>\n<p>Descargo de responsabilidad:<br \/>\nLa informaci\u00f3n en estas p\u00e1ginas es informaci\u00f3n general que ha sido cuidadosamente investigada y procesada con el apoyo de nutricionistas y expertos a nuestro leal saber y entender. Sin embargo, no pueden ni deben reemplazar un examen y diagn\u00f3stico m\u00e9dico. P\u00f3ngase en contacto con un m\u00e9dico si es necesario. Cada persona tiene una situaci\u00f3n individual y debe aplicar medidas y m\u00e9todos de examen adaptados a su estado de salud.[\/vc_column_text][\/vc_column][\/vc_row]<\/p>\n<\/div>","protected":false},"excerpt":{"rendered":"<p>[vc_row full_width=&#8221;0&#8243; full_height=&#8221;0&#8243; row_padding=&#8221;no_padding&#8221; particles=&#8221;0&#8243;][vc_column][vc_column_text]Nuestra forma de vida hoy en d\u00eda con demasiado estr\u00e9s, estr\u00e9s psicol\u00f3gico, falta de sue\u00f1o, toxinas ambientales, contaminaci\u00f3n el\u00e9ctrica, mala alimentaci\u00f3n y nutrici\u00f3n, as\u00ed como la [&hellip;]<\/p>\n","protected":false},"author":1,"featured_media":0,"parent":0,"menu_order":1,"comment_status":"closed","ping_status":"closed","template":"","meta":{"footnotes":""},"translation":{"provider":"WPGlobus","version":"2.12.2","language":"es","enabled_languages":["de","es","en","fr","ru","tr","zh"],"languages":{"de":{"title":true,"content":true,"excerpt":false},"es":{"title":true,"content":true,"excerpt":false},"en":{"title":true,"content":true,"excerpt":false},"fr":{"title":true,"content":true,"excerpt":false},"ru":{"title":true,"content":true,"excerpt":false},"tr":{"title":true,"content":true,"excerpt":false},"zh":{"title":false,"content":false,"excerpt":false}}},"aioseo_notices":[],"_links":{"self":[{"href":"https:\/\/www.4-your-life.de\/es\/wp-json\/wp\/v2\/pages\/578"}],"collection":[{"href":"https:\/\/www.4-your-life.de\/es\/wp-json\/wp\/v2\/pages"}],"about":[{"href":"https:\/\/www.4-your-life.de\/es\/wp-json\/wp\/v2\/types\/page"}],"author":[{"embeddable":true,"href":"https:\/\/www.4-your-life.de\/es\/wp-json\/wp\/v2\/users\/1"}],"replies":[{"embeddable":true,"href":"https:\/\/www.4-your-life.de\/es\/wp-json\/wp\/v2\/comments?post=578"}],"version-history":[{"count":39,"href":"https:\/\/www.4-your-life.de\/es\/wp-json\/wp\/v2\/pages\/578\/revisions"}],"predecessor-version":[{"id":3835,"href":"https:\/\/www.4-your-life.de\/es\/wp-json\/wp\/v2\/pages\/578\/revisions\/3835"}],"wp:attachment":[{"href":"https:\/\/www.4-your-life.de\/es\/wp-json\/wp\/v2\/media?parent=578"}],"curies":[{"name":"wp","href":"https:\/\/api.w.org\/{rel}","templated":true}]}}