{"id":539,"date":"2018-03-24T14:36:54","date_gmt":"2018-03-24T13:36:54","guid":{"rendered":"http:\/\/www.4-your-life.de\/?page_id=539"},"modified":"2021-02-02T09:46:04","modified_gmt":"2021-02-02T08:46:04","slug":"shop","status":"publish","type":"page","link":"https:\/\/www.4-your-life.de\/es\/shop\/","title":{"rendered":"shop"},"content":{"rendered":"<div class=\"wpb-content-wrapper\"><p>[vc_row full_width=&#8221;0&#8243; full_height=&#8221;0&#8243; particles=&#8221;0&#8243; css=&#8221;.vc_custom_1457518050592{padding-top: 32px !important;}&#8221;][vc_column width=&#8221;1\/6&#8243;][vc_column_text]<img loading=\"lazy\" decoding=\"async\" class=\"alignnone wp-image-562\" src=\"http:\/\/www.4-your-life.de\/wp-content\/uploads\/2018\/03\/Investier-in-Deine-Gesundheit-zugeschnitten-1-300x152.jpg\" alt=\"\" width=\"216\" height=\"110\" srcset=\"https:\/\/www.4-your-life.de\/wp-content\/uploads\/2018\/03\/Investier-in-Deine-Gesundheit-zugeschnitten-1-300x152.jpg 300w, https:\/\/www.4-your-life.de\/wp-content\/uploads\/2018\/03\/Investier-in-Deine-Gesundheit-zugeschnitten-1-768x389.jpg 768w, https:\/\/www.4-your-life.de\/wp-content\/uploads\/2018\/03\/Investier-in-Deine-Gesundheit-zugeschnitten-1-1024x519.jpg 1024w\" sizes=\"(max-width: 216px) 100vw, 216px\" \/><strong>\u00a0\u00a0\u00a0 &#8220;Invierta en su salud &#8221;\u00a0<\/strong>[\/vc_column_text][\/vc_column][vc_column width=&#8221;2\/3&#8243;][vc_column_text]<\/p>\n<h2>&#8212; \u00a0 ahora hasta un 25% de descuento en el precio de venta al p\u00fablico \u00a0 &#8212;<\/h2>\n<p><strong>.\u00a0 \u00a0 \u00a0\u00a0Super Detox<\/strong>\u00a0\u00a0\u00a0\u00a0\u00a0\u00a0\u00a0\u00a0\u00a0\u00a0\u00a0\u00a0\u00a0\u00a0 Contribuye a la funci\u00f3n normal del h\u00edgado y los pulmones<br \/>\n<strong>\u00a0\u00a0\u00a0\u00a0\u00a0\u00a0 Fibre System Plus<\/strong>\u00a0\u00a0\u00a0\u00a0 contribuye a la limpieza intestinal<br \/>\n<strong>\u00a0\u00a0\u00a0\u00a0\u00a0\u00a0 Renuvo<\/strong>\u00a0\u00a0\u00a0\u00a0\u00a0\u00a0\u00a0\u00a0\u00a0\u00a0\u00a0\u00a0\u00a0\u00a0\u00a0\u00a0\u00a0\u00a0\u00a0\u00a0\u00a0\u00a0 \u00a0contribuye a la protecci\u00f3n celular (contra el estr\u00e9s oxidativo)<br \/>\n<strong>\u00a0\u00a0\u00a0\u00a0\u00a0\u00a0 Fibro AMJ<\/strong>\u00a0\u00a0\u00a0\u00a0\u00a0\u00a0\u00a0\u00a0\u00a0\u00a0\u00a0\u00a0\u00a0\u00a0\u00a0\u00a0\u00a0 \u00a0contribuye al metabolismo normal del gluc\u00f3geno<br \/>\n<strong>\u00a0\u00a0\u00a0\u00a0\u00a0\u00a0 Glutamine Prime<\/strong>\u00a0\u00a0\u00a0\u00a0\u00a0\u00a0 estimula la formaci\u00f3n de glutati\u00f3n (antioxidante importante)<br \/>\n<strong>\u00a0\u00a0\u00a0\u00a0\u00a0\u00a0 RECALL<\/strong>\u00a0\u00a0\u00a0\u00a0\u00a0\u00a0\u00a0\u00a0\u00a0\u00a0\u00a0\u00a0\u00a0\u00a0\u00a0\u00a0\u00a0\u00a0\u00a0\u00a0\u00a0\u00a0 Apoyo a un estilo de vida muy activo e intensivo<br \/>\n<strong>\u00a0\u00a0\u00a0\u00a0\u00a0\u00a0 BCV<\/strong>\u00a0\u00a0\u00a0\u00a0\u00a0\u00a0\u00a0\u00a0\u00a0\u00a0\u00a0\u00a0\u00a0\u00a0\u00a0\u00a0\u00a0\u00a0\u00a0\u00a0\u00a0\u00a0\u00a0\u00a0\u00a0\u00a0\u00a0\u00a0\u00a0 contiene varias vitaminas, zinc, cobre, ginkgo y aceite de jengibre<br \/>\n<strong>\u00a0\u00a0\u00a0\u00a0\u00a0\u00a0 VISTA<\/strong>\u00a0\u00a0\u00a0\u00a0\u00a0\u00a0\u00a0\u00a0\u00a0\u00a0\u00a0\u00a0\u00a0\u00a0\u00a0\u00a0\u00a0\u00a0\u00a0\u00a0\u00a0\u00a0\u00a0\u00a0\u00a0\u00a0 contribuye a mantener la visi\u00f3n normal y la protecci\u00f3n contra el estr\u00e9s<br \/>\n<strong>\u00a0\u00a0\u00a0\u00a0\u00a0\u00a0 BELLE VIE<\/strong>\u00a0\u00a0\u00a0\u00a0\u00a0\u00a0\u00a0\u00a0\u00a0\u00a0\u00a0\u00a0\u00a0\u00a0\u00a0\u00a0\u00a0\u00a0 apoya el bienestar f\u00edsico de la mujer<br \/>\n<strong>\u00a0\u00a0\u00a0\u00a0\u00a0\u00a0 MALEPRO<\/strong>\u00a0\u00a0\u00a0\u00a0\u00a0\u00a0\u00a0\u00a0\u00a0\u00a0\u00a0\u00a0\u00a0\u00a0 \u00a0\u00a0 apoya el bienestar f\u00edsico del hombre<\/p>\n<p>Usted puede encontrar este y otros suplementos nutricionales que promueven la salud de todo su cuerpo haciendo clic en el bot\u00f3n de abajo.[\/vc_column_text][plethora_button button_text=&#8221;compre ahora en linea el fabricante&#8221; button_link=&#8221;url:https%3A%2F%2Fspain.4life.com%2Fjesed%2Fshop||target:%20_blank|rel:nofollow&#8221; button_size=&#8221;btn-lg&#8221; button_align=&#8221;text-center&#8221; button_style=&#8221;btn-primary&#8221; button_style2=&#8221;btn btn-inv&#8221; button_inline=&#8221;btn_block&#8221; button_with_icon=&#8221;0&#8243;][plethora_teaserbox subtitle=&#8221;vida sana&#8221; image=&#8221;1372&#8243;][\/plethora_teaserbox][\/vc_column][vc_column width=&#8221;1\/6&#8243;][vc_column_text]<img loading=\"lazy\" decoding=\"async\" class=\"alignnone wp-image-564\" src=\"http:\/\/www.4-your-life.de\/wp-content\/uploads\/2018\/03\/Gesundheit-ist-alles-zugeschnitten1-1-300x146.jpg\" alt=\"\" width=\"228\" height=\"111\" srcset=\"https:\/\/www.4-your-life.de\/wp-content\/uploads\/2018\/03\/Gesundheit-ist-alles-zugeschnitten1-1-300x146.jpg 300w, https:\/\/www.4-your-life.de\/wp-content\/uploads\/2018\/03\/Gesundheit-ist-alles-zugeschnitten1-1-768x373.jpg 768w, https:\/\/www.4-your-life.de\/wp-content\/uploads\/2018\/03\/Gesundheit-ist-alles-zugeschnitten1-1-1024x498.jpg 1024w\" sizes=\"(max-width: 228px) 100vw, 228px\" \/>\u00a0<strong>&#8220;La riqueza es mucho,<\/strong><br \/>\n<strong>La satisfacci\u00f3n es m\u00e1s,<\/strong><br \/>\n<strong>La salud lo es todo &#8220;<\/strong>[\/vc_column_text][\/vc_column][\/vc_row]<\/p>\n<\/div>","protected":false},"excerpt":{"rendered":"<p>[vc_row full_width=&#8221;0&#8243; full_height=&#8221;0&#8243; particles=&#8221;0&#8243; css=&#8221;.vc_custom_1457518050592{padding-top: 32px !important;}&#8221;][vc_column width=&#8221;1\/6&#8243;][vc_column_text]\u00a0\u00a0\u00a0 &#8220;Invierta en su salud &#8221;\u00a0[\/vc_column_text][\/vc_column][vc_column width=&#8221;2\/3&#8243;][vc_column_text] &#8212; \u00a0 ahora hasta un 25% de descuento en el precio de venta al p\u00fablico \u00a0 [&hellip;]<\/p>\n","protected":false},"author":1,"featured_media":504,"parent":0,"menu_order":0,"comment_status":"closed","ping_status":"closed","template":"","meta":{"footnotes":""},"translation":{"provider":"WPGlobus","version":"2.12.2","language":"es","enabled_languages":["de","es","en","fr","ru","tr","zh"],"languages":{"de":{"title":true,"content":true,"excerpt":false},"es":{"title":false,"content":true,"excerpt":false},"en":{"title":true,"content":true,"excerpt":false},"fr":{"title":true,"content":true,"excerpt":false},"ru":{"title":true,"content":true,"excerpt":false},"tr":{"title":true,"content":true,"excerpt":false},"zh":{"title":true,"content":true,"excerpt":false}}},"aioseo_notices":[],"_links":{"self":[{"href":"https:\/\/www.4-your-life.de\/es\/wp-json\/wp\/v2\/pages\/539"}],"collection":[{"href":"https:\/\/www.4-your-life.de\/es\/wp-json\/wp\/v2\/pages"}],"about":[{"href":"https:\/\/www.4-your-life.de\/es\/wp-json\/wp\/v2\/types\/page"}],"author":[{"embeddable":true,"href":"https:\/\/www.4-your-life.de\/es\/wp-json\/wp\/v2\/users\/1"}],"replies":[{"embeddable":true,"href":"https:\/\/www.4-your-life.de\/es\/wp-json\/wp\/v2\/comments?post=539"}],"version-history":[{"count":108,"href":"https:\/\/www.4-your-life.de\/es\/wp-json\/wp\/v2\/pages\/539\/revisions"}],"predecessor-version":[{"id":4271,"href":"https:\/\/www.4-your-life.de\/es\/wp-json\/wp\/v2\/pages\/539\/revisions\/4271"}],"wp:featuredmedia":[{"embeddable":true,"href":"https:\/\/www.4-your-life.de\/es\/wp-json\/wp\/v2\/media\/504"}],"wp:attachment":[{"href":"https:\/\/www.4-your-life.de\/es\/wp-json\/wp\/v2\/media?parent=539"}],"curies":[{"name":"wp","href":"https:\/\/api.w.org\/{rel}","templated":true}]}}