{"id":112,"date":"2016-02-19T09:25:55","date_gmt":"2016-02-19T09:25:55","guid":{"rendered":"http:\/\/plethorathemes.com\/healthflex\/health-coach\/?page_id=112"},"modified":"2020-10-23T10:01:23","modified_gmt":"2020-10-23T08:01:23","slug":"work-with-me","status":"publish","type":"page","link":"https:\/\/www.4-your-life.de\/es\/work-with-me\/","title":{"rendered":"trabaje con nosotros"},"content":{"rendered":"<div class=\"wpb-content-wrapper\"><p>[vc_row full_width=&#8221;0&#8243; full_height=&#8221;0&#8243; particles=&#8221;0&#8243; css=&#8221;.vc_custom_1457518050592{padding-top: 32px !important;}&#8221;][vc_column width=&#8221;5\/6&#8243;][vc_column_text]<\/p>\n<h2><strong>Te invitmos a formar parte de nuestro equipo,\u00a0<\/strong><\/h2>\n<p>[\/vc_column_text][vc_column_text]<\/p>\n<h2><strong>no importa en qu\u00e9 parte del mundo est\u00e9s.<\/strong><\/h2>\n<p>[\/vc_column_text][vc_column_text]<\/p>\n<div id=\"attachment_550\" style=\"width: 271px\" class=\"wp-caption alignleft\"><img loading=\"lazy\" decoding=\"async\" aria-describedby=\"caption-attachment-550\" class=\"wp-image-550\" src=\"http:\/\/www.4-your-life.de\/wp-content\/uploads\/2018\/03\/Your-Journey-starts-here-300x200.jpeg\" alt=\"\" width=\"261\" height=\"174\" srcset=\"https:\/\/www.4-your-life.de\/wp-content\/uploads\/2018\/03\/Your-Journey-starts-here-300x200.jpeg 300w, https:\/\/www.4-your-life.de\/wp-content\/uploads\/2018\/03\/Your-Journey-starts-here-768x512.jpeg 768w, https:\/\/www.4-your-life.de\/wp-content\/uploads\/2018\/03\/Your-Journey-starts-here-1024x683.jpeg 1024w\" sizes=\"(max-width: 261px) 100vw, 261px\" \/><p id=\"caption-attachment-550\" class=\"wp-caption-text\">&#8221; Su viaje comienza aqu\u00ed &#8220;<\/p><\/div>\n<p>Confianza, honestidad y ayuda son nuestras principales prioridades. En 4-Your-Life creemos en trabajar juntos para ayudar a otros a llevar vidas saludables y exitosas. Nuestro objetivo com\u00fan es que te sientas bien al ser miembro de una compa\u00f1\u00eda (4Life) con la cual puedes alcanzar tus \u00e9xitos personales y al mismo tiempo guiar a otros al \u00e9xito, ya sea financiero o relacionado con la salud.<\/p>\n<p>4Life recibi\u00f3 la calificaci\u00f3n &#8220;A +&#8221; del Better Business Bureau (BBB), fue reconocida por su desarrollo de producto y comercializaci\u00f3n con los American Business Awards, y apareci\u00f3 varias veces en la lista Global 100 de Direct Selling News ,<\/p>\n<p>Desde 1998, 4Life ha estado desarrollando productos Transfer Factor \u2122, apoyando el \u00e9xito comercial de los Distribuidores y apoyando a las comunidades de todo el mundo.<\/p>\n<p>4Life les permite a todos tener \u00e9xito e implementarlo. Con un plan de compensaci\u00f3n que es tan exclusivo como sus productos, 4Life ha creado una trayectoria bien equilibrada que recompensa tanto a los empleados a tiempo parcial como a los empleados a tiempo completo.<\/p>\n<p><strong><img loading=\"lazy\" decoding=\"async\" class=\"alignleft wp-image-736\" src=\"http:\/\/www.4-your-life.de\/wp-content\/uploads\/2018\/03\/Erfolg-ist-TUN-grau-1024x513.jpg\" alt=\"\" width=\"307\" height=\"154\" srcset=\"https:\/\/www.4-your-life.de\/wp-content\/uploads\/2018\/03\/Erfolg-ist-TUN-grau-1024x513.jpg 1024w, https:\/\/www.4-your-life.de\/wp-content\/uploads\/2018\/03\/Erfolg-ist-TUN-grau-300x150.jpg 300w, https:\/\/www.4-your-life.de\/wp-content\/uploads\/2018\/03\/Erfolg-ist-TUN-grau-768x385.jpg 768w\" sizes=\"(max-width: 307px) 100vw, 307px\" \/><\/strong><\/p>\n<p><strong><br \/>\n\u00bfHemos despertado su inter\u00e9s?<\/strong><\/p>\n<p><strong>\u00a0 \u00a0 \u00a0 Construya su negocio con 4life<\/strong><\/p>\n<p><strong>\u00a0 \u00a0 \u00a0<\/strong><strong>\u00a0 \u00a0 \u00a0 \u00a0 \u00a0 \u00a0 \u00a0 Con mucho gusto le asesoraremos sobre otros detalles.<\/strong><\/p>\n<p>&nbsp;<\/p>\n<p>[\/vc_column_text][vc_column_text]<\/p>\n<h3>Sistemas econ\u00f3micos del futuro<\/h3>\n<h3>\u00a0 \u00a0 \u00a0 \u00a0 \u00a0 \u00a0 \u00a0 \u00a0 \u00a0 su oportunidad de adaptarse a tiempo<\/h3>\n<h3>\u00a0 \u00a0 \u00a0 \u00a0 \u00a0 \u00a0 \u00a0 \u00a0 \u00a0 \u00a0 \u00a0 \u00a0 \u00a0 \u00a0 \u00a0 \u00a0 \u00a0 \u00a0 \u00a0 \u00a0 \u00a0 \u00a0 \u00a0 \u00a0 \u00a0 \u00a0 \u00a0 \u00a0 \u00a0 \u00a0 \u00a0 \u00a0 \u00a0 \u00a0 \u00a0 \u00a0 gana libertad financiera<\/h3>\n<h3>\u00a0 \u00a0 \u00a0 \u00a0 \u00a0 \u00a0 \u00a0 \u00a0 \u00a0 \u00a0 \u00a0 \u00a0 \u00a0 \u00a0 \u00a0 \u00a0 \u00a0 \u00a0 \u00a0 \u00a0 \u00a0 \u00a0 \u00a0 \u00a0 \u00a0 \u00a0 \u00a0 \u00a0 \u00a0 \u00a0 \u00a0 \u00a0 \u00a0 \u00a0 \u00a0 \u00a0 \u00a0 \u00a0 \u00a0 \u00a0 \u00a0 \u00a0 \u00a0 \u00a0 \u00a0 \u00a0 \u00a0 \u00a0 \u00a0 \u00a0 \u00a0 salud y bienestar<\/h3>\n<p>&nbsp;<\/p>\n<p><strong>Empiezan sin dinero, pero lo hacen. Comienzan sin experiencia, pero lo hacen. Empiezan solos, pero empiezan. Empiezan sin contacto, pero empiezan. Empiezan con el miedo, pero empiezan.<\/strong>[\/vc_column_text][vc_empty_space height=&#8221;24px&#8221;][vc_btn title=&#8221;Aqu\u00ed est\u00e1 una mirada al plan de compensaci\u00f3n&#8221; style=&#8221;gradient-custom&#8221; gradient_custom_color_1=&#8221;#5fe234&#8243; gradient_custom_color_2=&#8221;#1e73be&#8221; size=&#8221;lg&#8221; align=&#8221;center&#8221; link=&#8221;url:https%3A%2F%2F4lifetools.eu%2Fmedia%2F4Life-Recursos-ES-Documentos-Life-Rewards-Basics.pdf||target:%20_blank|&#8221;][\/vc_column][vc_column width=&#8221;1\/6&#8243;][vc_empty_space height=&#8221;8px&#8221;][plethora_profilegrid columns=&#8221;1&#8243; color_set=&#8221;skincolored_section&#8221; excerpt=&#8221;0&#8243; profiles=&#8221;61&#8243;][vc_column_text]<br \/>\n[\/vc_column_text][plethora_profilegrid columns=&#8221;1&#8243; color_set=&#8221;skincolored_section&#8221; excerpt=&#8221;0&#8243; profiles=&#8221;59&#8243;][\/vc_column][\/vc_row][vc_row color_set=&#8221;secondary_section&#8221; full_width=&#8221;0&#8243; full_height=&#8221;0&#8243; row_padding=&#8221;no_padding&#8221; particles=&#8221;0&#8243;][vc_column][plethora_headinggroup subtitle=&#8221;Si hemos despertado su inter\u00e9s, p\u00f3ngase en contacto con nosotros, trabaje con nosotros y construya un nuevo pilar para usted sin riesgos.&#8221; type=&#8221;xbold&#8221;]<\/p>\n<h2 style=\"text-align: center;\">trabaje con nosotros<\/h2>\n<p>[\/plethora_headinggroup][plethora_button button_text=&#8221;contacto&#8221; button_link=&#8221;url:http%3A%2F%2Fwww.4-your-life.de%2Fes%2Fseite-kontaktaufnahme%2F|||&#8221; button_align=&#8221;text-center&#8221; button_style=&#8221;btn-primary&#8221; button_with_icon=&#8221;with-icon&#8221; button_icon=&#8221;fa fa-check&#8221; button_icon_align=&#8221;icon-left&#8221;][\/vc_column][\/vc_row]<\/p>\n<\/div>","protected":false},"excerpt":{"rendered":"<p>[vc_row full_width=&#8221;0&#8243; full_height=&#8221;0&#8243; particles=&#8221;0&#8243; css=&#8221;.vc_custom_1457518050592{padding-top: 32px !important;}&#8221;][vc_column width=&#8221;5\/6&#8243;][vc_column_text] Te invitmos a formar parte de nuestro equipo,\u00a0 [\/vc_column_text][vc_column_text] no importa en qu\u00e9 parte del mundo est\u00e9s. [\/vc_column_text][vc_column_text] Confianza, honestidad y ayuda [&hellip;]<\/p>\n","protected":false},"author":1,"featured_media":516,"parent":0,"menu_order":0,"comment_status":"closed","ping_status":"closed","template":"","meta":{"footnotes":""},"translation":{"provider":"WPGlobus","version":"2.12.2","language":"es","enabled_languages":["de","es","en","fr","ru","tr","zh"],"languages":{"de":{"title":true,"content":true,"excerpt":false},"es":{"title":true,"content":true,"excerpt":false},"en":{"title":true,"content":true,"excerpt":false},"fr":{"title":true,"content":true,"excerpt":false},"ru":{"title":true,"content":true,"excerpt":false},"tr":{"title":true,"content":true,"excerpt":false},"zh":{"title":true,"content":true,"excerpt":false}}},"aioseo_notices":[],"_links":{"self":[{"href":"https:\/\/www.4-your-life.de\/es\/wp-json\/wp\/v2\/pages\/112"}],"collection":[{"href":"https:\/\/www.4-your-life.de\/es\/wp-json\/wp\/v2\/pages"}],"about":[{"href":"https:\/\/www.4-your-life.de\/es\/wp-json\/wp\/v2\/types\/page"}],"author":[{"embeddable":true,"href":"https:\/\/www.4-your-life.de\/es\/wp-json\/wp\/v2\/users\/1"}],"replies":[{"embeddable":true,"href":"https:\/\/www.4-your-life.de\/es\/wp-json\/wp\/v2\/comments?post=112"}],"version-history":[{"count":217,"href":"https:\/\/www.4-your-life.de\/es\/wp-json\/wp\/v2\/pages\/112\/revisions"}],"predecessor-version":[{"id":4228,"href":"https:\/\/www.4-your-life.de\/es\/wp-json\/wp\/v2\/pages\/112\/revisions\/4228"}],"wp:featuredmedia":[{"embeddable":true,"href":"https:\/\/www.4-your-life.de\/es\/wp-json\/wp\/v2\/media\/516"}],"wp:attachment":[{"href":"https:\/\/www.4-your-life.de\/es\/wp-json\/wp\/v2\/media?parent=112"}],"curies":[{"name":"wp","href":"https:\/\/api.w.org\/{rel}","templated":true}]}}