{"id":109,"date":"2016-02-19T09:25:21","date_gmt":"2016-02-19T09:25:21","guid":{"rendered":"http:\/\/plethorathemes.com\/healthflex\/health-coach\/?page_id=109"},"modified":"2020-02-19T14:17:40","modified_gmt":"2020-02-19T13:17:40","slug":"immunsystem","status":"publish","type":"page","link":"https:\/\/www.4-your-life.de\/es\/immunsystem\/","title":{"rendered":"Dein Immunsystem"},"content":{"rendered":"<div class=\"wpb-content-wrapper\"><p>[vc_row full_width=&#8221;0&#8243; full_height=&#8221;0&#8243; row_padding=&#8221;no_padding&#8221; particles=&#8221;0&#8243;][vc_column][vc_empty_space height=&#8221;24px&#8221;][\/vc_column][\/vc_row][vc_row full_width=&#8221;0&#8243; full_height=&#8221;0&#8243; row_padding=&#8221;no_padding&#8221; particles=&#8221;0&#8243;][vc_column][vc_column_text]<\/p>\n<p><strong>El sistema inmune (inmunis latino, alem\u00e1n, intacto, libre, puro) se refiere al sistema de defensa biol\u00f3gica de organismos superiores, que previene el da\u00f1o tisular causado por pat\u00f3genos.<\/strong><\/p>\n<p><img loading=\"lazy\" decoding=\"async\" class=\"alignleft wp-image-1449\" src=\"http:\/\/www.4-your-life.de\/wp-content\/uploads\/2018\/04\/Das-immunsystem-kreisdiagramm-grau-spanisch-300x294.jpg\" alt=\"\" width=\"314\" height=\"309\" srcset=\"https:\/\/www.4-your-life.de\/wp-content\/uploads\/2018\/04\/Das-immunsystem-kreisdiagramm-grau-spanisch-300x294.jpg 300w, https:\/\/www.4-your-life.de\/wp-content\/uploads\/2018\/04\/Das-immunsystem-kreisdiagramm-grau-spanisch.jpg 734w\" sizes=\"(max-width: 314px) 100vw, 314px\" \/>Elimina microorganismos, sustancias extra\u00f1as que han ingresado al cuerpo y tambi\u00e9n puede destruir c\u00e9lulas end\u00f3genas defectuosas. El sistema inmune es una red compleja de diferentes \u00f3rganos, tipos de c\u00e9lulas y mol\u00e9culas y el tema central de investigaci\u00f3n de la inmunolog\u00eda<br \/>\nEl sistema inmune tiene una gran importancia para la integridad f\u00edsica de los seres vivos, ya que pr\u00e1cticamente todos los organismos est\u00e1n constantemente expuestos a las influencias del medio ambiente; algunas de estas influencias representan una amenaza: si los microorganismos nocivos ingresan al cuerpo, pueden causar disfunciones y enfermedades. Los pat\u00f3genos t\u00edpicos son bacterias, virus y hongos, as\u00ed como unicelulares (p. Ej., Protozoos tales como plasmodios) o par\u00e1sitos multicelulares (por ejemplo, tenias).<\/p>\n<p>Los cambios en el interior del cuerpo tambi\u00e9n pueden amenazar la existencia de un organismo vivo: si las c\u00e9lulas normales del cuerpo pierden su funci\u00f3n saludable con el tiempo, generalmente mueren y tienen que descomponerse (necrosis) o autodestruirse (apoptosis). En casos raros, tambi\u00e9n pueden degenerar patol\u00f3gicamente y conducir al desarrollo de c\u00e1ncer.<\/p>\n<p>Todos los seres vivos, por lo tanto, tienen funciones de protecci\u00f3n. Incluso los organismos simples tienen un mecanismo de defensa tal, la llamada respuesta inmune innata. Se origin\u00f3 muy temprano en la historia tribal de los seres vivos y desde entonces ha permanecido pr\u00e1cticamente inalterado. Los vertebrados tambi\u00e9n desarrollaron una defensa inmune adaptable, adaptativa y compleja, que los protege a\u00fan m\u00e1s eficaz contra los pat\u00f3genos.<\/p>\n<p>(Quelle: Wikipedia)[\/vc_column_text][vc_column_text]<strong>Su sistema inmunol\u00f3gico es su guardi\u00e1n para su salud<\/strong><\/p>\n<p>Su sistema inmunol\u00f3gico es responsable de mantener su salud. Una dieta saludable<img loading=\"lazy\" decoding=\"async\" class=\"alignright wp-image-1044\" src=\"http:\/\/www.4-your-life.de\/wp-content\/uploads\/2018\/03\/Bild-Mensch-in-Abwehr-grau-300x300.jpg\" alt=\"\" width=\"190\" height=\"190\" srcset=\"https:\/\/www.4-your-life.de\/wp-content\/uploads\/2018\/03\/Bild-Mensch-in-Abwehr-grau-300x300.jpg 300w, https:\/\/www.4-your-life.de\/wp-content\/uploads\/2018\/03\/Bild-Mensch-in-Abwehr-grau-150x150.jpg 150w, https:\/\/www.4-your-life.de\/wp-content\/uploads\/2018\/03\/Bild-Mensch-in-Abwehr-grau-768x768.jpg 768w, https:\/\/www.4-your-life.de\/wp-content\/uploads\/2018\/03\/Bild-Mensch-in-Abwehr-grau-1024x1024.jpg 1024w\" sizes=\"(max-width: 190px) 100vw, 190px\" \/> la fortalece y promueve la salud de todo el cuerpo para protegerse de pat\u00f3genos como virus, bacterias y par\u00e1sitos. Este sistema de defensa corre a trav\u00e9s del cuerpo como una gran red.<br \/>\nEl sistema inmunol\u00f3gico es el sistema de defensa del cuerpo humano contra todos los pat\u00f3genos (microorganismos como virus, bacterias, par\u00e1sitos) y sustancias extra\u00f1as con las que los seres humanos entran en contacto. Es un sistema que recorre todo nuestro cuerpo como una gran red para proteger nuestra salud.<\/p>\n<p>El sistema inmunol\u00f3gico humano est\u00e1 compuesto de varios componentes. Se hace una distinci\u00f3n entre una parte celular y una parte humoral.<\/p>\n<p>El sistema inmunitario celular incluye c\u00e9lulas inmunitarias especializadas que son libremente m\u00f3viles (por ejemplo, en la sangre) o que se encuentran localmente en los diversos tejidos. Estos incluyen granulocitos, macr\u00f3fagos, c\u00e9lulas dendr\u00edticas, c\u00e9lulas asesinas naturales, linfocitos T (c\u00e9lulas T auxiliares, c\u00e9lulas T reguladoras, c\u00e9lulas T citot\u00f3xicas) y linfocitos B.<\/p>\n<p>El sistema inmunitario humoral es la parte del sistema inmunitario que no se basa en las c\u00e9lulas sino en la prote\u00edna plasm\u00e1tica. Estos incluyen anticuerpos, factores del complemento e interleuquinas.<\/p>\n<p><strong>Las c\u00e9lulas que te mantienen saludable<\/strong><\/p>\n<p>Tarea de la<\/p>\n<p style=\"padding-left: 30px;\"><strong>B-loymphocytes<\/strong> es devorar a los invasores, destruir las c\u00e9lulas infectadas antes de que el virus tenga la oportunidad de multiplicarse y comenzar el ataque del sistema inmunol\u00f3gico.<\/p>\n<p style=\"padding-left: 30px;\">Los<strong> linfocitos T<\/strong> coordinan el ataque del sistema inmunol\u00f3gico reclutando y activando otras c\u00e9lulas del sistema inmunol\u00f3gico. para marcar a los intrusos con anticuerpos para que otras c\u00e9lulas del sistema inmunol\u00f3gico sepan que los est\u00e1n destruyendo.<\/p>\n<p style=\"padding-left: 30px;\"><strong>Macr\u00f3fago<\/strong> es devorar a los intrusos o liberar qu\u00edmicos t\u00f3xicos que matan a los intrusos.<\/p>\n<p style=\"padding-left: 30px;\">Las c\u00e9lulas <strong>T-helper<\/strong> es hacer que las respuestas inmunes sean m\u00e1s r\u00e1pidas cuando llegue el pr\u00f3ximo intruso.<\/p>\n<p>El trabajo del sistema inmunol\u00f3gico siempre est\u00e1 asociado a un proceso de purificaci\u00f3n, lo que puede demostrarse claramente con el ejemplo de una infecci\u00f3n:<br \/>\nUna infecci\u00f3n es un trastorno del cuerpo causado por pat\u00f3genos invasores que se multiplican en el cuerpo. El mejor caldo de cultivo para estos pat\u00f3genos son los residuos de c\u00e9lulas muertas. Esto significa que el sistema inmunol\u00f3gico puede ser apoyado sensiblemente por un &#8220;cuidado&#8221; apropiado:<\/p>\n<p>a) Evitando la escoria a trav\u00e9s de una dieta saludable<\/p>\n<p>b) A trav\u00e9s de la limpieza dirigida del cuerpo mediante la aceleraci\u00f3n del flujo linf\u00e1tico y la activaci\u00f3n del metabolismo<\/p>\n<p>El sistema inmunol\u00f3gico es una simbiosis de muchos \u00f3rganos. Estamos viendo s\u00f3lo dos de los \u00f3rganos m\u00e1s importantes del sistema inmunol\u00f3gico de nuestro cuerpo:[\/vc_column_text][vc_column_text]<strong>1.) El H\u00edgado<\/strong><\/p>\n<p>El h\u00edgado es el \u00f3rgano central y con m\u00e1s de 500 importantes funciones metab\u00f3licas extremadamente extensas. Principalmente descompone los nutrientes que le son suministrados por los intestinos y por lo tanto juega un papel clave en el metabolismo de los carbohidratos, las grasas y las prote\u00ednas. Las tareas m\u00e1s importantes son la producci\u00f3n de prote\u00ednas vitales (por ejemplo, factores de coagulaci\u00f3n), la utilizaci\u00f3n de componentes alimentarios (por ejemplo, almacenamiento de gluc\u00f3geno y vitaminas), la producci\u00f3n de bilis y la consiguiente degradaci\u00f3n y excreci\u00f3n de productos metab\u00f3licos, medicamentos y toxinas (v\u00e9ase Circulaci\u00f3n endohep\u00e1tica). Tambi\u00e9n act\u00faa como una planta de tratamiento de aguas residuales al absorber toxinas de la sangre y convertirlas en productos de desecho. Los nutrientes que son absorbidos por la sangre desde el intestino llegan al h\u00edgado a trav\u00e9s de la vena portae (vena portae) y luego son liberados a la sangre o extra\u00eddos de la sangre seg\u00fan sea necesario. Consiste en un l\u00f3bulo hep\u00e1tico izquierdo y derecho.<\/p>\n<p>En los humanos, el h\u00edgado se encuentra en el abdomen superior derecho, directamente debajo del diafragma y sobresale con el l\u00f3bulo izquierdo hacia la mitad izquierda del abdomen superior y es la gl\u00e1ndula[\/vc_column_text][vc_column_text]Debido a que nuestros cuerpos absorben muchas toxinas todos los d\u00edas, ya sea a trav\u00e9s del torrente sangu\u00edneo, la piel o el tracto respiratorio, simplemente est\u00e1n sobrecargados si est\u00e1n sobrecargados por las toxinas que fluyen hacia el cuerpo o por el estr\u00e9s. Estas toxinas tienen un efecto inmediato en todo el organismo, bloquean los procesos metab\u00f3licos, causan trastornos funcionales y enfermedades hep\u00e1ticas, a menudo se sienten cansados, tienen exceso de grasa de la que simplemente no pueden deshacerse, a menudo est\u00e1n enfermos, tienen problemas de piel y mala digesti\u00f3n y, en consecuencia, un sistema inmunol\u00f3gico debilitado.<br \/>\nEl h\u00edgado es nuestro \u00f3rgano de desintoxicaci\u00f3n n\u00famero 1, desintoxica y limpia el cuerpo &#8211; d\u00eda tras d\u00eda, sin vacaciones y sin d\u00edas festivos. Sin embargo, el h\u00edgado no puede descansar, por lo que muchos \u00f3rganos de las personas trabajan con dificultad y tensi\u00f3n. El cansancio, el dolor de espalda, el colesterol alto, la hinchaz\u00f3n, el aumento de la susceptibilidad a las infecciones y a veces la picaz\u00f3n de la piel son las consecuencias de un h\u00edgado sobrecargado.<br \/>\nEl h\u00edgado es un \u00f3rgano multifuncional y sus funciones son muy variadas. Por ejemplo, el h\u00edgado convierte el colesterol en \u00e1cidos biliares para la digesti\u00f3n de grasas. La digesti\u00f3n de la grasa y por lo tanto tambi\u00e9n la absorci\u00f3n de vitaminas liposolubles s\u00f3lo son posibles si el h\u00edgado funciona correctamente.<br \/>\nEl h\u00edgado es incluso el principal centro de control de la digesti\u00f3n de grasas. Esto significa que el h\u00edgado no s\u00f3lo suministra los \u00e1cidos biliares para la digesti\u00f3n de las grasas, sino que tambi\u00e9n decide posteriormente si la grasa se quema con energ\u00eda o se almacena en forma de almohadillas de tocino. As\u00ed que el h\u00edgado tambi\u00e9n puede controlar si ganamos o perdemos peso.<br \/>\nLa tarea ininterrumpida del h\u00edgado es ahora filtrar todas las toxinas de la sangre y hacerlas inofensivas. S\u00f3lo entonces pueden las toxinas neutralizadas ser excretadas a trav\u00e9s de los ri\u00f1ones o los intestinos. Mientras el h\u00edgado sea eficiente.<\/p>\n<p>Por lo tanto, podemos aconsejarte solamente hacer una limpieza del h\u00edgado y as\u00ed apoyar tu h\u00edgado y tu bienestar total.[\/vc_column_text][vc_column_text]<strong>2.) El intestino<\/strong><\/p>\n<p>Aproximadamente el 80 por ciento de todas las c\u00e9lulas de defensa se encuentran en el \u00e1rea intestinal. Adem\u00e1s, las c\u00e9lulas inmunitarias en el \u00e1rea intestinal proporcionan impulsos importantes para todo el sistema inmunol\u00f3gico. Un entrenamiento inmunol\u00f3gico constante y necesario tiene lugar a trav\u00e9s del intestino.<\/p>\n<p>Nuestra mucosa intestinal tiene el contacto m\u00e1s intenso con nuestro mundo exterior &#8211; en forma de alimentos con sus muchos ingredientes diferentes, bacterias, hongos, virus y otros pat\u00f3genos; incluso el estr\u00e9s psicol\u00f3gico tiene un efecto sobre la situaci\u00f3n inmunol\u00f3gica en el intestino. Por esta raz\u00f3n, es importante proteger este \u00f3rgano con una red inmunol\u00f3gica particularmente densa. Por lo tanto, hay acumulaciones masivas de ganglios linf\u00e1ticos, que se forman a partir de numerosos fol\u00edculos linf\u00e1ticos, tambi\u00e9n conocidos como placas de Peyer. <strong>Alrededor del 80% de nuestro sistema inmunol\u00f3gico se encuentra en el intestino, en las gl\u00e1ndulas de Peyer.<\/strong><\/p>\n<p>Sin embargo, si el intestino est\u00e1 da\u00f1ado, sucio, baboso debido a la desnutrici\u00f3n a largo plazo, entonces se le impide cumplir con sus tareas centrales de la vida &#8211; que tiene consecuencias fatales &#8211; inofensivas, comenzando por la diarrea y el estre\u00f1imiento, la piel impura, el aumento del olor corporal y los dolores de cabeza, los efectos pueden continuar hasta las enfermedades degenerativas y la muerte.<\/p>\n<p>Apoya tu sistema inmunol\u00f3gico con la limpieza intestinal<br \/>\nLa limpieza intestinal es uno de los principios m\u00e1s b\u00e1sicos del cuidado del cuerpo &#8211; todo el mundo deber\u00eda hacerlo regularmente, porque una limpieza intestinal correcta da al cuerpo la oportunidad de liberarse por primera vez de la basura vieja, de la que se ha demostrado que no puede liberarse sin ayuda externa. La limpieza intestinal apoya el sistema inmunol\u00f3gico y fortalece el sistema inmunol\u00f3gico.[\/vc_column_text][vc_column_text]Afortunadamente usted puede fortalecer su cuerpo con complementaci\u00f3n nutritiva de calidad para enriquecer el sistema inmunitario y ayudarlo a llevar una vida activa y vital. Aseg\u00farese de que su cuerpo est\u00e9 en buena forma para combatir y brindarle un futuro saludable.[\/vc_column_text][\/vc_column][\/vc_row]<\/p>\n<\/div>","protected":false},"excerpt":{"rendered":"<p>[vc_row full_width=&#8221;0&#8243; full_height=&#8221;0&#8243; row_padding=&#8221;no_padding&#8221; particles=&#8221;0&#8243;][vc_column][vc_empty_space height=&#8221;24px&#8221;][\/vc_column][\/vc_row][vc_row full_width=&#8221;0&#8243; full_height=&#8221;0&#8243; row_padding=&#8221;no_padding&#8221; particles=&#8221;0&#8243;][vc_column][vc_column_text] El sistema inmune (inmunis latino, alem\u00e1n, intacto, libre, puro) se refiere al sistema de defensa biol\u00f3gica de organismos superiores, que [&hellip;]<\/p>\n","protected":false},"author":1,"featured_media":611,"parent":0,"menu_order":0,"comment_status":"closed","ping_status":"closed","template":"","meta":{"footnotes":""},"translation":{"provider":"WPGlobus","version":"2.12.2","language":"es","enabled_languages":["de","es","en","fr","ru","tr","zh"],"languages":{"de":{"title":true,"content":true,"excerpt":false},"es":{"title":false,"content":true,"excerpt":false},"en":{"title":true,"content":true,"excerpt":false},"fr":{"title":true,"content":true,"excerpt":false},"ru":{"title":true,"content":true,"excerpt":false},"tr":{"title":true,"content":true,"excerpt":false},"zh":{"title":false,"content":true,"excerpt":false}}},"aioseo_notices":[],"_links":{"self":[{"href":"https:\/\/www.4-your-life.de\/es\/wp-json\/wp\/v2\/pages\/109"}],"collection":[{"href":"https:\/\/www.4-your-life.de\/es\/wp-json\/wp\/v2\/pages"}],"about":[{"href":"https:\/\/www.4-your-life.de\/es\/wp-json\/wp\/v2\/types\/page"}],"author":[{"embeddable":true,"href":"https:\/\/www.4-your-life.de\/es\/wp-json\/wp\/v2\/users\/1"}],"replies":[{"embeddable":true,"href":"https:\/\/www.4-your-life.de\/es\/wp-json\/wp\/v2\/comments?post=109"}],"version-history":[{"count":167,"href":"https:\/\/www.4-your-life.de\/es\/wp-json\/wp\/v2\/pages\/109\/revisions"}],"predecessor-version":[{"id":4082,"href":"https:\/\/www.4-your-life.de\/es\/wp-json\/wp\/v2\/pages\/109\/revisions\/4082"}],"wp:featuredmedia":[{"embeddable":true,"href":"https:\/\/www.4-your-life.de\/es\/wp-json\/wp\/v2\/media\/611"}],"wp:attachment":[{"href":"https:\/\/www.4-your-life.de\/es\/wp-json\/wp\/v2\/media?parent=109"}],"curies":[{"name":"wp","href":"https:\/\/api.w.org\/{rel}","templated":true}]}}